{"id":3449,"date":"2022-09-18T09:00:48","date_gmt":"2022-09-18T07:00:48","guid":{"rendered":"https:\/\/www.demondzorgzaak.nl\/blog\/?page_id=3449"},"modified":"2022-09-18T13:19:23","modified_gmt":"2022-09-18T11:19:23","slug":"het-belang-van-een-schone-tong","status":"publish","type":"page","link":"https:\/\/www.demondzorgzaak.nl\/blog\/het-belang-van-een-schone-tong\/","title":{"rendered":"Vieze tong? Z\u00f3 maak je haar schoon"},"content":{"rendered":"<h2>Witte aanslag op de tong verwijderen<\/h2>\n<p>Op en in de zachte weefsels van de tong blijft bij de meeste mensen aanslag hangen. Het ziet er meestal uit als een witte of gelige laag, die bestaat uit een mengsel van speeksel, voedselresten en bacteri\u00ebn. Deze samenstelling is vergelijkbaar met tandplak, maar dan op je tong. Vooral helemaal achter op je tong blijft deze aanslag nog wel eens onopgemerkt.<\/p>\n<p>De schadelijke anaerobe bacteri\u00ebn in de aanslag zetten suikers om in zwavelverbindingen. Deze zwavelachtige gassen ruiken niet echt lekker, waardoor aanslag op de tong een belangrijke oorzaak is voor een slechte adem.<span class=\"Apple-converted-space\">\u00a0<\/span><\/p>\n<p>Ingeval van een dikke aanslag op de tong kun je ook een vieze smaak in je mond krijgen. Daarbij bedoelen we natuurlijk niet een vieze smaak omdat iets vies hebt gegeten, maar een smaak die uit je mond zelf komt. Het wordt vaak omschreven als een metalige of bittere smaak. Dat is niet alleen onprettig, het belemmert ook het proeven van andere smaken. Ook kun je onzeker worden door de mogelijkheid dat anderen ruiken wat jij proeft.<\/p>\n<p>Hoewel een slechte adem en een vieze smaak in je mond niet altijd samengaan, kan dat natuurlijk wel. Hoe dan ook loont het de moeite om je tong te reinigen als je last hebt van \u00e9\u00e9n van deze klachten of allebei.<\/p>\n<p>Aanslag op de tong kan een enkele keer een onderliggende oorzaak hebben, zoals een ziekte of een droge mond. Vooral bij ouderen en mensen met een verminderde afweer kan dit aan de orde zijn. Ook kan er sprake zijn van een schimmelinfectie (Candida albicans). In deze gevallen zal de onderliggende oorzaak natuurlijk ook aangepakt moeten worden, dus laat er naar kijken naar de tandarts, mondhygi\u00ebnist of huisarts.<\/p>\n<p>In de meeste gevallen is een witte aanslag op de tong echter onschuldig. Door in je dagelijkse mondhygi\u00ebne aandacht te besteden aan het reinigen van je tong zul je snel van een slechte adem of vieze smaak in je mond af zijn. Nog beter is het natuurlijk om deze klachten te voorkomen.<\/p>\n<h2>Een schone tong heeft nog meer voordelen<\/h2>\n<p>Het schoonhouden van je tong be\u00efnvloedt de mondgezondheid als geheel. Door de bacteri\u00ebn op je tong onder controle te houden, wordt de kans op tandvleesontstekingen en cari\u00ebs (gaatjes) verkleind.<\/p>\n<p>Het verminderen van aandoeningen in de mondholte, aan het tandvlees en het gebit heeft vervolgens ook nog eens een gunstig effect op je algehele gezondheid. In de eeuwenoude Indiase Ayurvedische geneeskunst, gericht op preventie, is tongschrapen een vaste dagelijkse routine. Inmiddels wordt dit ook erkend in de Westerse geneeskunst. Het verband tussen mondgezondheid en de algehele gezondheid wordt uitgebreid onderzocht en deze wetenschappelijke onderzoeken bevestigen het verband.<\/p>\n<h2>Hoe maak je je tong verantwoord schoon?<\/h2>\n<p>Veel mensen vinden het een prettig idee om hun tong af en toe te reinigen, maar zijn dan geneigd om dat te doen met de tandenborstel. Wij vinden dat een ontzettend slecht idee. De borstelharen van je tandenborstel zijn gemaakt om tandplak van het tandglazuur te verwijderen. Je tong bestaat uit een zacht weefsel met een ruwe textuur, een totaal ander soort oppervlakte dan je tanden. Dit vraagt dan ook om een heel ander soort instrument.<span class=\"Apple-converted-space\">\u00a0<\/span><\/p>\n<p>Bij gebruik van je tandenborstel kun je de bacteri\u00ebn van je tong ook nog eens overbrengen op je tanden. En tot slot is de kop van een tandenborstel zo groot, dat je al snel begint te kokhalzen. Daardoor kun je de achterkant van je tong, waar de bacteri\u00ebn zich gemakkelijk vestigen, niet goed bereiken.<\/p>\n<p>Kortom: gebruik voor het reinigen van je tong niet je tandenborstel, maar een tongschraper of een speciale tong-borstel.<\/p>\n<h2>Tongschraper<\/h2>\n<p>Met een tongschraper kun je tong heel eenvoudig reinigen. Van oudsher zijn er de tongschrapers in de vorm van een boogvormige metalen strip met handvaten. Nog simpeler zijn de plastic tongschrapers, die uit \u00e9\u00e9n handvat met aan het uiteinde een of meerdere boogjes bestaan. De tong reinigen doe je door de boog zo ver mogelijk achterop de tong te plaatsen en vervolgens naar voren te trekken. Dit kun je een aantal keren herhalen. De aanslag wordt eenvoudig weggeveegd.<\/p>\n<h2>Tongborstel<\/h2>\n<p>Je tong reinigen met een tongschraper is vooral effectief voor lichte aanslag, of om te voorkomen dat die ontstaat. Is de aanslag dikker, dan is het beter om grondiger te reinigen. Zoals gezegd doe je dat beter niet met de tandenborstel, maar er bestaan ook speciale tongborstels. Die heeft fijne haartjes, die de tong ook tussen de tong-papillen reinigen zonder het weefsel te beschadigen. Bijvoorbeeld het setje van JuliBrite.<\/p>\n<p>Nog grondiger en effectiever kan het met de elektrische tongreiniger van Oravall. Behalve de voordelen van sonische waterstuwingen bestaat de kop van dit compacte apparaatje uit zowel een borstel- en een schraper gedeelte.<\/p>\n<h2>Speciale druppels voor de tong<\/h2>\n<p>Bergenfeld tongue serum is een geheel nieuw product op de markt en bevat een aantal tongreinigende eigenschappen. Als je de druppels aanbrengt op je tong dan voel je het reinigende effect direct. Het dringt dwars door het hardnekkige beslag heen en poetst ook de diepe delen van de tong.<\/p>\n<h2>The finishing touch: RyttPro Gum &amp; Tongue Foam<\/h2>\n<p>Na het reinigen van je tong is het goed om je mond te spoelen met water om alle aanslag uit je mond te verwijderen. Daarna kun je nog eens spoelen met mondwater.<span class=\"Apple-converted-space\">\u00a0<\/span><\/p>\n<p>Voor een extra, nog diepere reiniging kun je tot slot wat RyttPro Gum &amp; Tongue Foam op je tong aanbrengen. Deze doodt de schadelijke, geur-producerende bacteri\u00ebn met de veilige anti-bacteri\u00eble combinatie van gestabiliseerde chloordioxide, zink en cetylpyridinium chloride (CPC). Optimale reiniging, maar zonder het natuurlijke evenwicht van de mondflora te verstoren. Behalve de bacteri\u00ebn zelf worden hun stinkende zwavelgassen op moleculair niveau afgebroken. Om de zachte weefsels van de tong te verzorgen zijn glycerine en alo\u00eb vera toegevoegd.<\/p>\n<p>Met RyttPro Gum &amp; Tongue Foam reinig en verzorg je je tong even effectief als je je gebit verzorgd. Je mondgezondheid en daarmee je algehele gezondheid varen er wel bij.<\/p>\n","protected":false},"excerpt":{"rendered":"<p>Witte aanslag op de tong verwijderen Op en in de zachte weefsels van de tong blijft bij de meeste mensen aanslag hangen. Het ziet er meestal uit als een witte of gelige laag, die bestaat uit een mengsel van speeksel, voedselresten en bacteri\u00ebn. Deze samenstelling is vergelijkbaar met tandplak, maar dan op je tong. Vooral &#8230; <a title=\"Vieze tong? Z\u00f3 maak je haar schoon\" class=\"read-more\" href=\"https:\/\/www.demondzorgzaak.nl\/blog\/het-belang-van-een-schone-tong\/\" aria-label=\"More on Vieze tong? Z\u00f3 maak je haar schoon\">Read more<\/a><\/p>\n","protected":false},"author":2,"featured_media":0,"parent":0,"menu_order":0,"comment_status":"closed","ping_status":"closed","template":"","meta":[],"acf":[],"yoast_head":"<!-- This site is optimized with the Yoast SEO plugin v19.6 - https:\/\/yoast.com\/wordpress\/plugins\/seo\/ -->\n<title>Vieze tong? Z\u00f3 maak je haar schoon - DeMondzorgZaak<\/title>\n<meta name=\"description\" content=\"Last van een vieze, witte, gele of beslagen tong? Direct poetsen dus om erger te voorkomen. Tips in dit artikel.\" \/>\n<meta name=\"robots\" content=\"index, follow, max-snippet:-1, max-image-preview:large, max-video-preview:-1\" \/>\n<link rel=\"canonical\" href=\"https:\/\/www.demondzorgzaak.nl\/blog\/het-belang-van-een-schone-tong\/\" \/>\n<meta property=\"og:locale\" content=\"en_US\" \/>\n<meta property=\"og:type\" content=\"article\" \/>\n<meta property=\"og:title\" content=\"Vieze tong? Z\u00f3 maak je haar schoon - DeMondzorgZaak\" \/>\n<meta property=\"og:description\" content=\"Last van een vieze, witte, gele of beslagen tong? Direct poetsen dus om erger te voorkomen. Tips in dit artikel.\" \/>\n<meta property=\"og:url\" content=\"https:\/\/www.demondzorgzaak.nl\/blog\/het-belang-van-een-schone-tong\/\" \/>\n<meta property=\"og:site_name\" content=\"DeMondzorgZaak\" \/>\n<meta property=\"article:modified_time\" content=\"2022-09-18T11:19:23+00:00\" \/>\n<meta name=\"twitter:card\" content=\"summary_large_image\" \/>\n<meta name=\"twitter:label1\" content=\"Est. reading time\" \/>\n\t<meta name=\"twitter:data1\" content=\"5 minutes\" \/>\n<script type=\"application\/ld+json\" class=\"yoast-schema-graph\">{\"@context\":\"https:\/\/schema.org\",\"@graph\":[{\"@type\":\"WebPage\",\"@id\":\"https:\/\/www.demondzorgzaak.nl\/blog\/het-belang-van-een-schone-tong\/\",\"url\":\"https:\/\/www.demondzorgzaak.nl\/blog\/het-belang-van-een-schone-tong\/\",\"name\":\"Vieze tong? Z\u00f3 maak je haar schoon - DeMondzorgZaak\",\"isPartOf\":{\"@id\":\"https:\/\/www.demondzorgzaak.nl\/blog\/#website\"},\"datePublished\":\"2022-09-18T07:00:48+00:00\",\"dateModified\":\"2022-09-18T11:19:23+00:00\",\"description\":\"Last van een vieze, witte, gele of beslagen tong? Direct poetsen dus om erger te voorkomen. Tips in dit artikel.\",\"breadcrumb\":{\"@id\":\"https:\/\/www.demondzorgzaak.nl\/blog\/het-belang-van-een-schone-tong\/#breadcrumb\"},\"inLanguage\":\"en-US\",\"potentialAction\":[{\"@type\":\"ReadAction\",\"target\":[\"https:\/\/www.demondzorgzaak.nl\/blog\/het-belang-van-een-schone-tong\/\"]}]},{\"@type\":\"BreadcrumbList\",\"@id\":\"https:\/\/www.demondzorgzaak.nl\/blog\/het-belang-van-een-schone-tong\/#breadcrumb\",\"itemListElement\":[{\"@type\":\"ListItem\",\"position\":1,\"name\":\"Home\",\"item\":\"https:\/\/www.demondzorgzaak.nl\/blog\/\"},{\"@type\":\"ListItem\",\"position\":2,\"name\":\"Vieze tong? Z\u00f3 maak je haar schoon\"}]},{\"@type\":\"WebSite\",\"@id\":\"https:\/\/www.demondzorgzaak.nl\/blog\/#website\",\"url\":\"https:\/\/www.demondzorgzaak.nl\/blog\/\",\"name\":\"DeMondzorgZaak\",\"description\":\"100 Tips Bij Slechte Adem, Droge Mond &amp; Ontstoken Tandvlees (LeesTip)\",\"publisher\":{\"@id\":\"https:\/\/www.demondzorgzaak.nl\/blog\/#organization\"},\"potentialAction\":[{\"@type\":\"SearchAction\",\"target\":{\"@type\":\"EntryPoint\",\"urlTemplate\":\"https:\/\/www.demondzorgzaak.nl\/blog\/?s={search_term_string}\"},\"query-input\":\"required name=search_term_string\"}],\"inLanguage\":\"en-US\"},{\"@type\":\"Organization\",\"@id\":\"https:\/\/www.demondzorgzaak.nl\/blog\/#organization\",\"name\":\"De Mondzorgzaak\",\"url\":\"https:\/\/www.demondzorgzaak.nl\/blog\/\",\"sameAs\":[],\"logo\":{\"@type\":\"ImageObject\",\"inLanguage\":\"en-US\",\"@id\":\"https:\/\/www.demondzorgzaak.nl\/blog\/#\/schema\/logo\/image\/\",\"url\":\"https:\/\/www.demondzorgzaak.nl\/blog\/wp-content\/uploads\/2018\/07\/demondzorgzaak-logo.png\",\"contentUrl\":\"https:\/\/www.demondzorgzaak.nl\/blog\/wp-content\/uploads\/2018\/07\/demondzorgzaak-logo.png\",\"width\":338,\"height\":48,\"caption\":\"De Mondzorgzaak\"},\"image\":{\"@id\":\"https:\/\/www.demondzorgzaak.nl\/blog\/#\/schema\/logo\/image\/\"}}]}<\/script>\n<!-- \/ Yoast SEO plugin. -->","yoast_head_json":{"title":"Vieze tong? Z\u00f3 maak je haar schoon - DeMondzorgZaak","description":"Last van een vieze, witte, gele of beslagen tong? Direct poetsen dus om erger te voorkomen. Tips in dit artikel.","robots":{"index":"index","follow":"follow","max-snippet":"max-snippet:-1","max-image-preview":"max-image-preview:large","max-video-preview":"max-video-preview:-1"},"canonical":"https:\/\/www.demondzorgzaak.nl\/blog\/het-belang-van-een-schone-tong\/","og_locale":"en_US","og_type":"article","og_title":"Vieze tong? Z\u00f3 maak je haar schoon - DeMondzorgZaak","og_description":"Last van een vieze, witte, gele of beslagen tong? Direct poetsen dus om erger te voorkomen. Tips in dit artikel.","og_url":"https:\/\/www.demondzorgzaak.nl\/blog\/het-belang-van-een-schone-tong\/","og_site_name":"DeMondzorgZaak","article_modified_time":"2022-09-18T11:19:23+00:00","twitter_card":"summary_large_image","twitter_misc":{"Est. reading time":"5 minutes"},"schema":{"@context":"https:\/\/schema.org","@graph":[{"@type":"WebPage","@id":"https:\/\/www.demondzorgzaak.nl\/blog\/het-belang-van-een-schone-tong\/","url":"https:\/\/www.demondzorgzaak.nl\/blog\/het-belang-van-een-schone-tong\/","name":"Vieze tong? Z\u00f3 maak je haar schoon - DeMondzorgZaak","isPartOf":{"@id":"https:\/\/www.demondzorgzaak.nl\/blog\/#website"},"datePublished":"2022-09-18T07:00:48+00:00","dateModified":"2022-09-18T11:19:23+00:00","description":"Last van een vieze, witte, gele of beslagen tong? Direct poetsen dus om erger te voorkomen. Tips in dit artikel.","breadcrumb":{"@id":"https:\/\/www.demondzorgzaak.nl\/blog\/het-belang-van-een-schone-tong\/#breadcrumb"},"inLanguage":"en-US","potentialAction":[{"@type":"ReadAction","target":["https:\/\/www.demondzorgzaak.nl\/blog\/het-belang-van-een-schone-tong\/"]}]},{"@type":"BreadcrumbList","@id":"https:\/\/www.demondzorgzaak.nl\/blog\/het-belang-van-een-schone-tong\/#breadcrumb","itemListElement":[{"@type":"ListItem","position":1,"name":"Home","item":"https:\/\/www.demondzorgzaak.nl\/blog\/"},{"@type":"ListItem","position":2,"name":"Vieze tong? Z\u00f3 maak je haar schoon"}]},{"@type":"WebSite","@id":"https:\/\/www.demondzorgzaak.nl\/blog\/#website","url":"https:\/\/www.demondzorgzaak.nl\/blog\/","name":"DeMondzorgZaak","description":"100 Tips Bij Slechte Adem, Droge Mond &amp; Ontstoken Tandvlees (LeesTip)","publisher":{"@id":"https:\/\/www.demondzorgzaak.nl\/blog\/#organization"},"potentialAction":[{"@type":"SearchAction","target":{"@type":"EntryPoint","urlTemplate":"https:\/\/www.demondzorgzaak.nl\/blog\/?s={search_term_string}"},"query-input":"required name=search_term_string"}],"inLanguage":"en-US"},{"@type":"Organization","@id":"https:\/\/www.demondzorgzaak.nl\/blog\/#organization","name":"De Mondzorgzaak","url":"https:\/\/www.demondzorgzaak.nl\/blog\/","sameAs":[],"logo":{"@type":"ImageObject","inLanguage":"en-US","@id":"https:\/\/www.demondzorgzaak.nl\/blog\/#\/schema\/logo\/image\/","url":"https:\/\/www.demondzorgzaak.nl\/blog\/wp-content\/uploads\/2018\/07\/demondzorgzaak-logo.png","contentUrl":"https:\/\/www.demondzorgzaak.nl\/blog\/wp-content\/uploads\/2018\/07\/demondzorgzaak-logo.png","width":338,"height":48,"caption":"De Mondzorgzaak"},"image":{"@id":"https:\/\/www.demondzorgzaak.nl\/blog\/#\/schema\/logo\/image\/"}}]}},"_links":{"self":[{"href":"https:\/\/www.demondzorgzaak.nl\/blog\/wp-json\/wp\/v2\/pages\/3449"}],"collection":[{"href":"https:\/\/www.demondzorgzaak.nl\/blog\/wp-json\/wp\/v2\/pages"}],"about":[{"href":"https:\/\/www.demondzorgzaak.nl\/blog\/wp-json\/wp\/v2\/types\/page"}],"author":[{"embeddable":true,"href":"https:\/\/www.demondzorgzaak.nl\/blog\/wp-json\/wp\/v2\/users\/2"}],"replies":[{"embeddable":true,"href":"https:\/\/www.demondzorgzaak.nl\/blog\/wp-json\/wp\/v2\/comments?post=3449"}],"version-history":[{"count":11,"href":"https:\/\/www.demondzorgzaak.nl\/blog\/wp-json\/wp\/v2\/pages\/3449\/revisions"}],"predecessor-version":[{"id":3464,"href":"https:\/\/www.demondzorgzaak.nl\/blog\/wp-json\/wp\/v2\/pages\/3449\/revisions\/3464"}],"wp:attachment":[{"href":"https:\/\/www.demondzorgzaak.nl\/blog\/wp-json\/wp\/v2\/media?parent=3449"}],"curies":[{"name":"wp","href":"https:\/\/api.w.org\/{rel}","templated":true}]}}