{"id":2804,"date":"2021-08-31T12:15:36","date_gmt":"2021-08-31T10:15:36","guid":{"rendered":"https:\/\/www.demondzorgzaak.nl\/blog\/?page_id=2804"},"modified":"2025-10-28T15:59:01","modified_gmt":"2025-10-28T14:59:01","slug":"top-5-natuurlijke-tandpastas","status":"publish","type":"page","link":"https:\/\/www.demondzorgzaak.nl\/blog\/top-5-natuurlijke-tandpastas\/","title":{"rendered":"Top 5 Natuurlijke Tandpasta&#8217;s"},"content":{"rendered":"<div class=\"block\">\n<div><img loading=\"lazy\" class=\"aligncenter wp-image-3147\" src=\"https:\/\/www.demondzorgzaak.nl\/blog\/wp-content\/uploads\/2022\/01\/Ontwerp-zonder-titel-195-300x188.png\" alt=\"gele tanden voorrkomen\" width=\"600\" height=\"375\" srcset=\"https:\/\/www.demondzorgzaak.nl\/blog\/wp-content\/uploads\/2022\/01\/Ontwerp-zonder-titel-195-300x188.png 300w, https:\/\/www.demondzorgzaak.nl\/blog\/wp-content\/uploads\/2022\/01\/Ontwerp-zonder-titel-195-768x480.png 768w, https:\/\/www.demondzorgzaak.nl\/blog\/wp-content\/uploads\/2022\/01\/Ontwerp-zonder-titel-195.png 800w\" sizes=\"(max-width: 600px) 100vw, 600px\" \/><\/div>\n<p>Steeds meer mensen kiezen bewust voor natuurlijke verzorgingsproducten. Daarmee vermijd je dat schadelijke chemicali\u00ebn via je huid of je haar wordt opgenomen in je lichaam. Behalve natuurlijke zeep en shampoo is er ook veel belangstelling voor natuurlijke tandpasta. Dat is niet zo gek, want via de mondslijmvliezen worden chemicali\u00ebn nog gemakkelijker opgenomen dan via de huid. In reguliere tandpasta vind je verschillende stoffen die je volgens ons maar beter niet in de mond kan nemen. Ze schaden niet alleen je mondgezondheid, maar ook je algehele gezondheid.<\/p>\n<ul>\n<li>Een berucht voorbeeld is sodium lauryl sulfate (SLS), een ontvetter die weliswaar lekker schuimt maar ook de slijmvliezen irriteert.<span class=\"Apple-converted-space\">\u00a0<\/span><\/li>\n<li>De in de mondzorg veelgebruikte antiseptisch middelen triclosan en chloorhexidine zijn ongewenst. Ze doden weliswaar bacteri\u00ebn, maar maken geen onderscheid in schadelijke en gunstige bacteri\u00ebn, zodat ze het evenwicht van de mondflora aantasten.<\/li>\n<li>De witte kleurstof titaandioxide maakt niet alleen tandpasta stralen wit, het is mogelijk ook kankerverwekkend.<\/li>\n<li>Parabenen, synthetische<span class=\"Apple-converted-space\">\u00a0 <\/span>conserveermiddelen, zitten eveneens in het verdachtenbankje. Onderzoeken spreken elkaar tegen, maar er zijn aanwijzingen dat ze kankerverwekkend en hormoonverstorend zijn.<\/li>\n<li>Ook Saccharine, een kunstmatige zoetstof, is mogelijk kankerverwekkend.<\/li>\n<li>Tot slot is niet iedereen meer gecharmeerd van fluoride.<\/li>\n<\/ul>\n<p>Natuurlijke tandpasta bevat deze schadelijke ingredi\u00ebnten niet. Dat is uiteraard beter voor je gezondheid, maar het moet niet ten koste gaan van de effectiviteit. Het is natuurlijk wel de bedoeling dat je met tandpasta je gebit grondig reinigt en je mond verzorgt. Maar dat kan ook heel goed met natuurlijke ingredi\u00ebnten met ingredi\u00ebnten als kokosolie, geactiveerde houtskool, xylitol, alo\u00eb vera, zout, mineralen en etherische oli\u00ebn. Die respecten het natuurlijke evenwicht van de mondflora, waardoor het op de lange duur zelf veel effectiever is dan tandpasta met chemicali\u00ebn.<\/p>\n<p>Misschien moet je even wennen aan de zachte smaak en textuur, als je de scherpe en prikkelende reguliere tandpasta\u2019s gewend bent. Maar je gebit wordt grondig gereinigd en prima verzorgd met meer oog voor de lange termijn.<span class=\"Apple-converted-space\">\u00a0<\/span><\/p>\n<p>Heb je al mondproblemen? Dan is het helemaal de moeite waard om over te stappen op natuurlijke tandpasta. Gevoelige tanden, droge mondklachten of aften worden er echt niet beter op als je tandpasta met agressieve ingredi\u00ebnten gebruikt. Bij tandvleesontsteking of een slechte adem lijkt een sterk antiseptisch middel de juiste weg, maar het verstoren van het evenwicht van de mondflora zal op de lange duur juist een tegengesteld effect hebben.<span class=\"Apple-converted-space\">\u00a0<\/span><\/p>\n<p>Natuurlijke tandpasta verhelpt of verzacht de klachten effectief op de lange termijn. Bij hardnekkige klachten ga je natuurlijk naar de tandarts. Nog geen geen mondproblemen? Probeer dat zo te houden en kies voor puur natuur. Hieronder vind je onze Top 5 van beste natuurlijke tandpasta\u2019s.<\/p>\n<\/div>\n<div class=\"block\">\n<h2>1. JuliBrite kauwtandpasta<\/h2>\n<p><img loading=\"lazy\" class=\"aligncenter wp-image-3305\" src=\"https:\/\/www.demondzorgzaak.nl\/blog\/wp-content\/uploads\/2022\/01\/julibrite-tabletten-300x300.jpg\" alt=\"julibrite tandpastatabletten\" width=\"600\" height=\"600\" srcset=\"https:\/\/www.demondzorgzaak.nl\/blog\/wp-content\/uploads\/2022\/01\/julibrite-tabletten-300x300.jpg 300w, https:\/\/www.demondzorgzaak.nl\/blog\/wp-content\/uploads\/2022\/01\/julibrite-tabletten-1024x1024.jpg 1024w, https:\/\/www.demondzorgzaak.nl\/blog\/wp-content\/uploads\/2022\/01\/julibrite-tabletten-150x150.jpg 150w, https:\/\/www.demondzorgzaak.nl\/blog\/wp-content\/uploads\/2022\/01\/julibrite-tabletten-768x768.jpg 768w, https:\/\/www.demondzorgzaak.nl\/blog\/wp-content\/uploads\/2022\/01\/julibrite-tabletten.jpg 1200w\" sizes=\"(max-width: 600px) 100vw, 600px\" \/><\/p>\n<p><a href=\"https:\/\/www.demondzorgzaak.nl\/xylivall-tandpasta-tabletten\">JuliBrite kauwtandpasta<\/a> is een nieuwe manier van je tanden poetsen. Het verzorgen van je gebit, cari\u00ebs (gaatjes) en tandbederf voorkomen en het tandglazuur versterken met mineralen staat natuurlijk voorop. Daarnaast herstelt juliBrite kauw tandpasta ook de oorspronkelijke witte kleur van je gebit.<\/p>\n<p>Het tandglazuur wordt versterkt en beschermd door onder andere het mineraal HAP (hydroxyapatiet). Dit komt ook van nature voor in onze botten en tanden. De natuurlijke zoetstof xylitol geeft een frisse smaak, maar heeft ook een nuttige functie in het beschermen van je gebit. Xylitol bestrijdt schadelijke bacteri\u00ebn in de mond effectief en gaat de vorming van tandplak en tandsteen tegen. Het neutraliseert ook nog eens de zuurgraad in de mond, wat het natuurlijke evenwicht van de mondflora en de remineralisatie van het glazuur ten goede komt. Bovendien wordt de natuurlijke witte kleur van het gebit hersteld.<\/p>\n<p>Zoals je van ons gewend bent, is <a href=\"https:\/\/www.demondzorgzaak.nl\/xylivall-tandpasta-tabletten\">juliBrite kauw-tandpasta<\/a> vrij van SLS (sodium lauryl sulaat), conserveermiddelen en kunstmatige kleur- of smaakstoffen. juliBrite kauw-tandpasta bevat ook geen fluoride.<\/p>\n<p>Tot zo ver een uitstekende tandpasta, die gewoon doet wat een tandpasta moet doen. Wat nieuw is, is de vorm. Deze natuurlijke tandpasta wordt geleverd in tablet-vorm. Om je tanden te poetsen neem je er \u00e9\u00e9n in je mond en kauwt daar tien seconden op. Dan poets je je tanden met een nat gemaakte tandenborstel gedurende minimaal twee minuten.<\/p>\n<p>Het vernieuwende concept van JuliBrite kauw-tandpasta maakt de gebruikelijke plastic tubes van zachte tandpasta overbodig. Deze natuurlijke tandpasta is niet alleen goed voor je gebit, het is ook een duurzame keuze omdat de verpakking plastic-vrij is.<\/p>\n<p>Het recyclebaar blikje met juliBrite kauw-tandpasta is verkrijgbaar in twee maten: \u00e9\u00e9n met tabletten voor 30 en \u00e9\u00e9n met tabletten voor 90 dagen.<\/p>\n<\/div>\n<div class=\"block\">\n<h2>2. UK Organics<\/h2>\n<p><img loading=\"lazy\" class=\"aligncenter wp-image-2210\" src=\"https:\/\/www.demondzorgzaak.nl\/blog\/wp-content\/uploads\/2020\/12\/UK-Organics-Gezond-Tandvlees-Kit-300x300.jpg\" alt=\"uk organics set\" width=\"600\" height=\"600\" srcset=\"https:\/\/www.demondzorgzaak.nl\/blog\/wp-content\/uploads\/2020\/12\/UK-Organics-Gezond-Tandvlees-Kit-300x300.jpg 300w, https:\/\/www.demondzorgzaak.nl\/blog\/wp-content\/uploads\/2020\/12\/UK-Organics-Gezond-Tandvlees-Kit-150x150.jpg 150w, https:\/\/www.demondzorgzaak.nl\/blog\/wp-content\/uploads\/2020\/12\/UK-Organics-Gezond-Tandvlees-Kit.jpg 750w\" sizes=\"(max-width: 600px) 100vw, 600px\" \/><\/p>\n<p>Het Britse bedrijf <a href=\"https:\/\/www.demondzorgzaak.nl\/merken\/uk_organics\">UK Organics<\/a> gebruikt voor hun producten uitsluitend zuivere, natuurlijke bestanddelen. De formules zijn eenvoudig maar effectief en er is keuze uit een aantal verschillende tandpasta\u2019s. Net als juliBrite tandpasta is de natuurlijke tandpasta van UK Organics niet verpakt in de traditionele plastic tube.<\/p>\n<p>UK Organics tandpasta is gebaseerd op de reinigende, verzachtende en bacterie-werende werking van biologische kokosolie. Om het tandglazuur te beschermen en te herstellen zijn natuurlijke mineralen toegevoegd, die het tandglazuur remineraliseren. Dit is de basis van een aantal varianten, die door toevoeging van specifieke ingredi\u00ebnten een bepaald accent geven:<\/p>\n<ul>\n<li><a href=\"https:\/\/www.demondzorgzaak.nl\/uk-organics-fresh-breath-tandpasta\">Spearmint<\/a> heeft een een sterke, maar volkomen natuurlijke pepermuntsmaak. Een frisse tandpasta die voor iedereen geschikt is, maar ook wordt aanbevolen als je last hebt van een slechte adem.<\/li>\n<\/ul>\n<ul>\n<li><a href=\"https:\/\/www.demondzorgzaak.nl\/uk-organics-charcoal-tandpasta-koolstof\">Charcoal<\/a>, een donkergrijze tandpasta, combineert kokosolie met geactiveerde koolstofpoeder. Beiden verwijderen tandplak zacht maar effectief, wat de tanden witter houdt.<span class=\"Apple-converted-space\">\u00a0<\/span><\/li>\n<\/ul>\n<ul>\n<li><a href=\"https:\/\/www.demondzorgzaak.nl\/uk-organics-tea-tree-olie\">Tea tree<\/a> is de aangewezen keuze als je last hebt van tandvleesontsteking, irritaties wondjes of zweertjes in de mondholte.<\/li>\n<\/ul>\n<ul>\n<li><a href=\"https:\/\/www.demondzorgzaak.nl\/uk-organics-droge-mond-tandpasta\">Orange<\/a> vermindert of verzacht droge mondklachten, waarbij de natuurlijke frisse sinaasappel-smaak de speekselklieren stimuleert tot meer productie.<\/li>\n<\/ul>\n<p>Bovengenoemde tandpasta\u2019s hebben een bijpassende mondolie, waarmee je je dagelijkse mondverzorging met dezelfde zuivere en heilzame ingredi\u00ebnten kunt intensiveren. De mondspoelingen, gebaseerd op het eeuwenoude Indiase \u201coil pulling\u201d uit de Ayurveda, reinigt je gebit ook op plekjes waar de tandenborstel niet bijkomt.<\/p>\n<p>De verpakkingen van UK Organics tandpasta en mondspoelingen is volledig recyclebaar en composteerbaar. De tandpasta zit in een glazen potje met een aluminium deksel, je schept het met een bamboe spatel op je tandenborstel.<\/p>\n<\/div>\n<div class=\"block\">\n<h2>3. Dr. Brite natuurlijke tandpasta\u2019s<\/h2>\n<p><img loading=\"lazy\" class=\"aligncenter wp-image-2714\" src=\"https:\/\/www.demondzorgzaak.nl\/blog\/wp-content\/uploads\/2021\/08\/dr_brite_tandpasta_mint-300x300.jpg\" alt=\"mint tandpasta witte tanden\" width=\"400\" height=\"400\" srcset=\"https:\/\/www.demondzorgzaak.nl\/blog\/wp-content\/uploads\/2021\/08\/dr_brite_tandpasta_mint-300x300.jpg 300w, https:\/\/www.demondzorgzaak.nl\/blog\/wp-content\/uploads\/2021\/08\/dr_brite_tandpasta_mint-1024x1024.jpg 1024w, https:\/\/www.demondzorgzaak.nl\/blog\/wp-content\/uploads\/2021\/08\/dr_brite_tandpasta_mint-150x150.jpg 150w, https:\/\/www.demondzorgzaak.nl\/blog\/wp-content\/uploads\/2021\/08\/dr_brite_tandpasta_mint-768x768.jpg 768w, https:\/\/www.demondzorgzaak.nl\/blog\/wp-content\/uploads\/2021\/08\/dr_brite_tandpasta_mint.jpg 1080w\" sizes=\"(max-width: 400px) 100vw, 400px\" \/><\/p>\n<p>Wel in plastic tubes, maar even zacht en veilig voor je gebit zijn de natuurlijke tandpasta\u2019s van het Amerikaanse merk <a href=\"https:\/\/www.demondzorgzaak.nl\/merken\/dr_brite\">Dr. Brite<\/a>. Ook deze zijn effectief en doen wat een tandpasta moet doen: je gebit reinigen en beschermen. Maar dan met natuurlijke, mondvriendelijke ingredi\u00ebnten, die het natuurlijke evenwicht van de mondholte respecteren.<\/p>\n<p>Net als bij UK Organics kun je bij Dr. Brite kiezen uit een reeks tandpasta\u2019s met specifieke functies. De tandpasta\u2019s van Dr. Brite hebben bovendien uitgesproken smaken maar allemaal bevatten ze enkel natuurlijke, veilige en onschadelijke ingredi\u00ebnten. De basis is kokosolie, dat van nature bacterie-remmend en reinigend werkt. Toegevoegd zijn heilzame plantaardige ingredi\u00ebnten als alo\u00eb vera en etherische oli\u00ebn. Om het tandglazuur te versterken zijn natuurlijke mineralen toegevoegd, zodat je de fluoride niet zult missen.<\/p>\n<ul>\n<li>Dr. Brite Frisse adem tandpasta Mint<span class=\"Apple-converted-space\">\u00a0<\/span><\/li>\n<li>Dr. Brite fruitige kindertandpasta Berrylicious<\/li>\n<li>Dr. Brite fruitige kindertandpasta Strawberry Sky<\/li>\n<li>Dr. Brite Coco Chai Whitening Tandpasta<span class=\"Apple-converted-space\">\u00a0<\/span><\/li>\n<li>Dr Brite Tandpasta Healthy Gums Chocolate Mint<span class=\"Apple-converted-space\">\u00a0<\/span><\/li>\n<li>Dr. Brite Tandpasta Gevoelige Tanden Coconut Mint<\/li>\n<\/ul>\n<p>Dr. Brite tandpasta is ooit ontwikkeld voor kinderen en daar ook speciaal geschikt voor. Vanwege de louter natuurlijke ingredi\u00ebnten is het doorslikken van Dr. Brite tandpasta niet schadelijk voor de gezondheid. Bovendien zijn de smaken aantrekkelijk, waarbij de speciale fruitige kindertandpasta\u2019s nog eens extra uitgesproken zijn.<\/p>\n<p>Alle plantaardige bestanddelen zijn van gecertificeerd biologische teelt en niet genetisch gemodificeerd. De tandpasta bevat geen fluoride of andere schadelijke chemicali\u00ebn en is niet getest op dieren. Het schuimen van een aantal Dr. Brite tandpasta\u2019s wordt niet veroorzaakt door SLS (sodium lauryl sulfaat), maar door een natuurlijk schuimende formule.<\/p>\n<p>Dr. Brite biedt behalve tandpasta een keur aan mondwater, mondsprays en gebitsverzorgende stiften, om je dagelijkse mondverzorging verder uit te breiden.<\/p>\n<\/div>\n<div class=\"block\">\n<h2>4. Muskanadent tandpasta<\/h2>\n<p><img loading=\"lazy\" class=\"aligncenter wp-image-2413\" src=\"https:\/\/www.demondzorgzaak.nl\/blog\/wp-content\/uploads\/2021\/02\/Muskanadent-Gezond-Tandvlees-Gel-300x300.png\" alt=\"\" width=\"400\" height=\"400\" srcset=\"https:\/\/www.demondzorgzaak.nl\/blog\/wp-content\/uploads\/2021\/02\/Muskanadent-Gezond-Tandvlees-Gel-300x300.png 300w, https:\/\/www.demondzorgzaak.nl\/blog\/wp-content\/uploads\/2021\/02\/Muskanadent-Gezond-Tandvlees-Gel-150x150.png 150w, https:\/\/www.demondzorgzaak.nl\/blog\/wp-content\/uploads\/2021\/02\/Muskanadent-Gezond-Tandvlees-Gel.png 360w\" sizes=\"(max-width: 400px) 100vw, 400px\" \/><\/p>\n<p>Op nummer 4 <a href=\"https:\/\/www.demondzorgzaak.nl\/muskadent-tandpasta\">Muskanadent tandpasta<\/a>. Ook deze reinigt uiteraard je gebit en verzorgt je tandvlees en mondslijmvliezen. Heilzame natuurlijke ingredi\u00ebnten als kokosolie, kamille en salie kalmeren ge\u00efrriteerd of ontstoken tandvlees en helpen het te herstellen. Alle bestanddelen zijn gericht op het bestrijden schadelijke bacteri\u00ebn, maar de \u201cgoede\u201d bacteri\u00ebn ongemoeid laten. Dit bevordert het natuurlijke evenwicht van de mondflora, wat gunstig is voor de mondgezondheid. Een gezonde mond en evenwichtige mondflora helpen op hun beurt mee om de vorming van tandplak tegen te gaan, en tandsteen en cari\u00ebs (gaatjes) te voorkomen.<\/p>\n<\/div>\n<div class=\"block\">\n<h2>5. Natuurlijke tandpasta voor kinderen<\/h2>\n<p><img loading=\"lazy\" class=\"aligncenter wp-image-2766\" src=\"https:\/\/www.demondzorgzaak.nl\/blog\/wp-content\/uploads\/2021\/08\/dr._brite_kindertandpasta_goed-109x300.png\" alt=\"Dr Brite kindertandpasta\" width=\"200\" height=\"551\" srcset=\"https:\/\/www.demondzorgzaak.nl\/blog\/wp-content\/uploads\/2021\/08\/dr._brite_kindertandpasta_goed-109x300.png 109w, https:\/\/www.demondzorgzaak.nl\/blog\/wp-content\/uploads\/2021\/08\/dr._brite_kindertandpasta_goed-372x1024.png 372w, https:\/\/www.demondzorgzaak.nl\/blog\/wp-content\/uploads\/2021\/08\/dr._brite_kindertandpasta_goed.png 402w\" sizes=\"(max-width: 200px) 100vw, 200px\" \/><\/p>\n<p>Speciale kindertandpasta is geen overbodige luxe en dat heeft bij reguliere tandpasta vooral te maken met het voor kinderen toegestane gehalte fluoride. Als je voor natuurlijke tandpasta kiest, zit daar geen fluoride in.<\/p>\n<p>Het glazuur van het melkgebit van je kinderen is wel extreem gevoelig voor cari\u00ebs (gaatjes) omdat het niet direct uithardt. Het melkgebit is tijdelijk, maar blijkt toch een belangrijke rol te spelen in de ontwikkeling van het blijvende gebit.<\/p>\n<p>Dat is de reden dat men fluoride in kindertandpasta vaak noodzakelijk acht, ondanks dat het geen onschuldig ingredi\u00ebnt is. Je mag het bijvoorbeeld niet onbeperkt gebruiken en ook doorslikken is bepaald niet raadzaam. Het risico op doorslikken is juist bij kinderen groot, vooral omdat kindertandpasta vaak naar snoep smaakt om het tanden poetsen leuk te houden. Kinderen zijn nog in de groei, wat een teveel aan chemicali\u00ebn extra belastend maakt voor hun ontwikkeling.<\/p>\n<p>Natuurlijke tandpasta geeft uitstekende alternatieven voor fluoride. Bij de tandpasta\u2019s van juliBrite, UK Organics en Dr. Brite zijn xylitol en natuurlijke mineralen toegevoegd, die ook in onze eigen tanden voorkomen. Die kunnen net zo goed, of zelfs beter, het tandglazuur remineraliseren.<\/p>\n<p>Daarnaast heeft Dr. Brite twee speciale kindertandpasta\u2019s. Net als hun andere tandpasta\u2019s zijn deze gebaseerd op de veilige maar effectieve formule van kokosolie. Het gebit, het tandvlees en de mondslijmvliezen worden optimaal gereinigd en onderhouden.<span class=\"Apple-converted-space\">\u00a0<\/span><\/p>\n<p>Dr. Brite Berrylicious heeft een frisse en fruitige bessen-smaak en Dr. Brite Strawberry Sky een heerlijke aardbeiensmaak. Deze smaken zullen meehelpen om je kind uit te laten kijken naar het tanden poetsen.<\/p>\n<\/div>\n","protected":false},"excerpt":{"rendered":"<p>Steeds meer mensen kiezen bewust voor natuurlijke verzorgingsproducten. Daarmee vermijd je dat schadelijke chemicali\u00ebn via je huid of je haar wordt opgenomen in je lichaam. Behalve natuurlijke zeep en shampoo is er ook veel belangstelling voor natuurlijke tandpasta. Dat is niet zo gek, want via de mondslijmvliezen worden chemicali\u00ebn nog gemakkelijker opgenomen dan via de &#8230; <a title=\"Top 5 Natuurlijke Tandpasta&#8217;s\" class=\"read-more\" href=\"https:\/\/www.demondzorgzaak.nl\/blog\/top-5-natuurlijke-tandpastas\/\" aria-label=\"More on Top 5 Natuurlijke Tandpasta&#8217;s\">Read more<\/a><\/p>\n","protected":false},"author":2,"featured_media":0,"parent":0,"menu_order":0,"comment_status":"closed","ping_status":"closed","template":"","meta":[],"acf":[],"yoast_head":"<!-- This site is optimized with the Yoast SEO plugin v19.6 - https:\/\/yoast.com\/wordpress\/plugins\/seo\/ -->\n<title>Top 5 Natuurlijke Tandpasta&#039;s - DeMondzorgZaak<\/title>\n<meta name=\"robots\" content=\"index, follow, max-snippet:-1, max-image-preview:large, max-video-preview:-1\" \/>\n<link rel=\"canonical\" href=\"https:\/\/www.demondzorgzaak.nl\/blog\/top-5-natuurlijke-tandpastas\/\" \/>\n<meta property=\"og:locale\" content=\"en_US\" \/>\n<meta property=\"og:type\" content=\"article\" \/>\n<meta property=\"og:title\" content=\"Top 5 Natuurlijke Tandpasta&#039;s - DeMondzorgZaak\" \/>\n<meta property=\"og:description\" content=\"Steeds meer mensen kiezen bewust voor natuurlijke verzorgingsproducten. Daarmee vermijd je dat schadelijke chemicali\u00ebn via je huid of je haar wordt opgenomen in je lichaam. Behalve natuurlijke zeep en shampoo is er ook veel belangstelling voor natuurlijke tandpasta. Dat is niet zo gek, want via de mondslijmvliezen worden chemicali\u00ebn nog gemakkelijker opgenomen dan via de ... Read more\" \/>\n<meta property=\"og:url\" content=\"https:\/\/www.demondzorgzaak.nl\/blog\/top-5-natuurlijke-tandpastas\/\" \/>\n<meta property=\"og:site_name\" content=\"DeMondzorgZaak\" \/>\n<meta property=\"article:modified_time\" content=\"2025-10-28T14:59:01+00:00\" \/>\n<meta property=\"og:image\" content=\"https:\/\/www.demondzorgzaak.nl\/blog\/wp-content\/uploads\/2022\/01\/Ontwerp-zonder-titel-195-300x188.png\" \/>\n<meta name=\"twitter:card\" content=\"summary_large_image\" \/>\n<meta name=\"twitter:label1\" content=\"Est. reading time\" \/>\n\t<meta name=\"twitter:data1\" content=\"9 minutes\" \/>\n<script type=\"application\/ld+json\" class=\"yoast-schema-graph\">{\"@context\":\"https:\/\/schema.org\",\"@graph\":[{\"@type\":\"WebPage\",\"@id\":\"https:\/\/www.demondzorgzaak.nl\/blog\/top-5-natuurlijke-tandpastas\/\",\"url\":\"https:\/\/www.demondzorgzaak.nl\/blog\/top-5-natuurlijke-tandpastas\/\",\"name\":\"Top 5 Natuurlijke Tandpasta's - DeMondzorgZaak\",\"isPartOf\":{\"@id\":\"https:\/\/www.demondzorgzaak.nl\/blog\/#website\"},\"datePublished\":\"2021-08-31T10:15:36+00:00\",\"dateModified\":\"2025-10-28T14:59:01+00:00\",\"breadcrumb\":{\"@id\":\"https:\/\/www.demondzorgzaak.nl\/blog\/top-5-natuurlijke-tandpastas\/#breadcrumb\"},\"inLanguage\":\"en-US\",\"potentialAction\":[{\"@type\":\"ReadAction\",\"target\":[\"https:\/\/www.demondzorgzaak.nl\/blog\/top-5-natuurlijke-tandpastas\/\"]}]},{\"@type\":\"BreadcrumbList\",\"@id\":\"https:\/\/www.demondzorgzaak.nl\/blog\/top-5-natuurlijke-tandpastas\/#breadcrumb\",\"itemListElement\":[{\"@type\":\"ListItem\",\"position\":1,\"name\":\"Home\",\"item\":\"https:\/\/www.demondzorgzaak.nl\/blog\/\"},{\"@type\":\"ListItem\",\"position\":2,\"name\":\"Top 5 Natuurlijke Tandpasta&#8217;s\"}]},{\"@type\":\"WebSite\",\"@id\":\"https:\/\/www.demondzorgzaak.nl\/blog\/#website\",\"url\":\"https:\/\/www.demondzorgzaak.nl\/blog\/\",\"name\":\"DeMondzorgZaak\",\"description\":\"100 Tips Bij Slechte Adem, Droge Mond &amp; Ontstoken Tandvlees (LeesTip)\",\"publisher\":{\"@id\":\"https:\/\/www.demondzorgzaak.nl\/blog\/#organization\"},\"potentialAction\":[{\"@type\":\"SearchAction\",\"target\":{\"@type\":\"EntryPoint\",\"urlTemplate\":\"https:\/\/www.demondzorgzaak.nl\/blog\/?s={search_term_string}\"},\"query-input\":\"required name=search_term_string\"}],\"inLanguage\":\"en-US\"},{\"@type\":\"Organization\",\"@id\":\"https:\/\/www.demondzorgzaak.nl\/blog\/#organization\",\"name\":\"De Mondzorgzaak\",\"url\":\"https:\/\/www.demondzorgzaak.nl\/blog\/\",\"sameAs\":[],\"logo\":{\"@type\":\"ImageObject\",\"inLanguage\":\"en-US\",\"@id\":\"https:\/\/www.demondzorgzaak.nl\/blog\/#\/schema\/logo\/image\/\",\"url\":\"https:\/\/www.demondzorgzaak.nl\/blog\/wp-content\/uploads\/2018\/07\/demondzorgzaak-logo.png\",\"contentUrl\":\"https:\/\/www.demondzorgzaak.nl\/blog\/wp-content\/uploads\/2018\/07\/demondzorgzaak-logo.png\",\"width\":338,\"height\":48,\"caption\":\"De Mondzorgzaak\"},\"image\":{\"@id\":\"https:\/\/www.demondzorgzaak.nl\/blog\/#\/schema\/logo\/image\/\"}}]}<\/script>\n<!-- \/ Yoast SEO plugin. -->","yoast_head_json":{"title":"Top 5 Natuurlijke Tandpasta's - DeMondzorgZaak","robots":{"index":"index","follow":"follow","max-snippet":"max-snippet:-1","max-image-preview":"max-image-preview:large","max-video-preview":"max-video-preview:-1"},"canonical":"https:\/\/www.demondzorgzaak.nl\/blog\/top-5-natuurlijke-tandpastas\/","og_locale":"en_US","og_type":"article","og_title":"Top 5 Natuurlijke Tandpasta's - DeMondzorgZaak","og_description":"Steeds meer mensen kiezen bewust voor natuurlijke verzorgingsproducten. Daarmee vermijd je dat schadelijke chemicali\u00ebn via je huid of je haar wordt opgenomen in je lichaam. Behalve natuurlijke zeep en shampoo is er ook veel belangstelling voor natuurlijke tandpasta. Dat is niet zo gek, want via de mondslijmvliezen worden chemicali\u00ebn nog gemakkelijker opgenomen dan via de ... Read more","og_url":"https:\/\/www.demondzorgzaak.nl\/blog\/top-5-natuurlijke-tandpastas\/","og_site_name":"DeMondzorgZaak","article_modified_time":"2025-10-28T14:59:01+00:00","og_image":[{"url":"https:\/\/www.demondzorgzaak.nl\/blog\/wp-content\/uploads\/2022\/01\/Ontwerp-zonder-titel-195-300x188.png"}],"twitter_card":"summary_large_image","twitter_misc":{"Est. reading time":"9 minutes"},"schema":{"@context":"https:\/\/schema.org","@graph":[{"@type":"WebPage","@id":"https:\/\/www.demondzorgzaak.nl\/blog\/top-5-natuurlijke-tandpastas\/","url":"https:\/\/www.demondzorgzaak.nl\/blog\/top-5-natuurlijke-tandpastas\/","name":"Top 5 Natuurlijke Tandpasta's - DeMondzorgZaak","isPartOf":{"@id":"https:\/\/www.demondzorgzaak.nl\/blog\/#website"},"datePublished":"2021-08-31T10:15:36+00:00","dateModified":"2025-10-28T14:59:01+00:00","breadcrumb":{"@id":"https:\/\/www.demondzorgzaak.nl\/blog\/top-5-natuurlijke-tandpastas\/#breadcrumb"},"inLanguage":"en-US","potentialAction":[{"@type":"ReadAction","target":["https:\/\/www.demondzorgzaak.nl\/blog\/top-5-natuurlijke-tandpastas\/"]}]},{"@type":"BreadcrumbList","@id":"https:\/\/www.demondzorgzaak.nl\/blog\/top-5-natuurlijke-tandpastas\/#breadcrumb","itemListElement":[{"@type":"ListItem","position":1,"name":"Home","item":"https:\/\/www.demondzorgzaak.nl\/blog\/"},{"@type":"ListItem","position":2,"name":"Top 5 Natuurlijke Tandpasta&#8217;s"}]},{"@type":"WebSite","@id":"https:\/\/www.demondzorgzaak.nl\/blog\/#website","url":"https:\/\/www.demondzorgzaak.nl\/blog\/","name":"DeMondzorgZaak","description":"100 Tips Bij Slechte Adem, Droge Mond &amp; Ontstoken Tandvlees (LeesTip)","publisher":{"@id":"https:\/\/www.demondzorgzaak.nl\/blog\/#organization"},"potentialAction":[{"@type":"SearchAction","target":{"@type":"EntryPoint","urlTemplate":"https:\/\/www.demondzorgzaak.nl\/blog\/?s={search_term_string}"},"query-input":"required name=search_term_string"}],"inLanguage":"en-US"},{"@type":"Organization","@id":"https:\/\/www.demondzorgzaak.nl\/blog\/#organization","name":"De Mondzorgzaak","url":"https:\/\/www.demondzorgzaak.nl\/blog\/","sameAs":[],"logo":{"@type":"ImageObject","inLanguage":"en-US","@id":"https:\/\/www.demondzorgzaak.nl\/blog\/#\/schema\/logo\/image\/","url":"https:\/\/www.demondzorgzaak.nl\/blog\/wp-content\/uploads\/2018\/07\/demondzorgzaak-logo.png","contentUrl":"https:\/\/www.demondzorgzaak.nl\/blog\/wp-content\/uploads\/2018\/07\/demondzorgzaak-logo.png","width":338,"height":48,"caption":"De Mondzorgzaak"},"image":{"@id":"https:\/\/www.demondzorgzaak.nl\/blog\/#\/schema\/logo\/image\/"}}]}},"_links":{"self":[{"href":"https:\/\/www.demondzorgzaak.nl\/blog\/wp-json\/wp\/v2\/pages\/2804"}],"collection":[{"href":"https:\/\/www.demondzorgzaak.nl\/blog\/wp-json\/wp\/v2\/pages"}],"about":[{"href":"https:\/\/www.demondzorgzaak.nl\/blog\/wp-json\/wp\/v2\/types\/page"}],"author":[{"embeddable":true,"href":"https:\/\/www.demondzorgzaak.nl\/blog\/wp-json\/wp\/v2\/users\/2"}],"replies":[{"embeddable":true,"href":"https:\/\/www.demondzorgzaak.nl\/blog\/wp-json\/wp\/v2\/comments?post=2804"}],"version-history":[{"count":15,"href":"https:\/\/www.demondzorgzaak.nl\/blog\/wp-json\/wp\/v2\/pages\/2804\/revisions"}],"predecessor-version":[{"id":4516,"href":"https:\/\/www.demondzorgzaak.nl\/blog\/wp-json\/wp\/v2\/pages\/2804\/revisions\/4516"}],"wp:attachment":[{"href":"https:\/\/www.demondzorgzaak.nl\/blog\/wp-json\/wp\/v2\/media?parent=2804"}],"curies":[{"name":"wp","href":"https:\/\/api.w.org\/{rel}","templated":true}]}}