{"id":2616,"date":"2021-03-28T22:26:49","date_gmt":"2021-03-28T20:26:49","guid":{"rendered":"https:\/\/www.demondzorgzaak.nl\/blog\/?page_id=2616"},"modified":"2022-01-12T14:07:54","modified_gmt":"2022-01-12T13:07:54","slug":"kauwgom-met-xylitol-top-5-best-getest","status":"publish","type":"page","link":"https:\/\/www.demondzorgzaak.nl\/blog\/kauwgom-met-xylitol-top-5-best-getest\/","title":{"rendered":"Kauwgom met Xylitol | Top 5 Best Getest"},"content":{"rendered":"<div class=\"block\">\n<h2>De beste kauwgom met xylitol<\/h2>\n<\/p>\n<p>Xylitol kan niet zoals suiker en koolhydraten door de bacterie Streptococcus mutans worden omgezet in zuren. Niet de suiker zelf, maar deze uitgescheiden zuren, tasten het gebit aan. Ondanks de zoete smaak van xylitol is de molecuulstructuur anders, waardoor de bacteri\u00ebn er geen zuren van kunnen maken. Dit helpt om cari\u00ebs (gaatjes) en tandbederf te voorkomen. Dezelfde bacteri\u00ebn kunnen een slechte adem (halitose) veroorzaken. Xylitol helpt daarom ook nog eens om een slechte adem tegen te gaan.<\/p>\n<p>Bovendien maakt xylitol het de bacteri\u00ebn moeilijker om zich met voedselresten als tandplak aan het tandglazuur hechten. Minder tandplak betekent ook minder tandsteen en ook op die manier minder risico op cari\u00ebs (gaatjes) en tandvleesontstekingen.<\/p>\n<p>Om te profiteren van de gunstige effecten van xylitol op je gebit, blijkt het niet eens nodig om alle suiker uit je dieet te weren. Een deel vervangen door xylitol is voldoende om de bacterie Streptococcus mutans tegen te werken.<\/p>\n<p>Xylitol doet nog meer voor je mond. Het stimuleert de aanmaak van speeksel, dat een natuurlijke bescherming vormt tegen de schadelijke bacteri\u00ebn. Daarnaast heeft het een alkalisch effect. Het verlaagt de zuurgraad in de mond, waardoor calcium- en fosfaatzouten uit het voedsel beter worden opgenomen. Hierdoor kunnen de zwakke plekken in het tandglazuur herstellen. Zelfs beschadigd glazuur herstelt zich bij regelmatig gebruik van xylitol.<\/p>\n<p>Xylitol smaakt lekker fris en voelt verkoelend aan in de mond. Dat komt omdat er warmte aan de omgeving wordt onttrokken zodra xylitol wordt opgelost in vloeistof, en dus ook speeksel. Voor kauwgom en mint-snoepjes is dat natuurlijk een prettige eigenschap, naast de bovengenoemde antibacteri\u00eble werking.<\/p>\n<p>Kauwgom met xylitol is een goede manier om je dagelijkse mondhygi\u00ebne aan te vullen. Een kauwgompje tussendoor is altijd lekker en bovendien verzorg je je gebit ermee. Het meest effectieve zijn de speciale gebitsverzorgende kauwgoms, waarbij xylitol samenwerkt met andere ingredi\u00ebnten om het gebit te beschermen en de mondgezondheid te verbeteren. We hebben de beste kauwgom van 2021 voor je op een rij gezet:<\/p>\n<\/div>\n<div class=\"block\">\n<h2>1. Moist-R kauwgom<\/h2>\n<p><img loading=\"lazy\" class=\"aligncenter wp-image-2990\" src=\"https:\/\/www.demondzorgzaak.nl\/blog\/wp-content\/uploads\/2022\/01\/moist-r-kauwgom-300x236.jpg\" alt=\"\" width=\"600\" height=\"471\" srcset=\"https:\/\/www.demondzorgzaak.nl\/blog\/wp-content\/uploads\/2022\/01\/moist-r-kauwgom-300x236.jpg 300w, https:\/\/www.demondzorgzaak.nl\/blog\/wp-content\/uploads\/2022\/01\/moist-r-kauwgom.jpg 700w\" sizes=\"(max-width: 600px) 100vw, 600px\" \/><\/p>\n<p><a href=\"https:\/\/www.demondzorgzaak.nl\/moist-r-gezonde-biologische-kauwgom\">Moist-R kauwgom<\/a> is een uitstekende gebitsverzorgende kauwgom. De xylitol in deze kauwgom heeft alle bovengenoemde gunstige effecten voor je gebit. Het verfrist je adem, bestrijdt bacteri\u00ebn, gaat de vorming van tandplak en tandsteen tegen en versterkt je tandglazuur.<\/p>\n<p><a href=\"https:\/\/www.demondzorgzaak.nl\/moist-r-gezonde-biologische-kauwgom\">Moist-R kauwgom<\/a> wordt geproduceerd in de Verenigde Staten. De xylitol is afkomstig van biologisch geteelde en gecertificeerd GMO (genetisch gemodificeerd organisme)-vrije berkenbomen. Ook de hulpstoffen zijn volkomen zuiver, de kauwgom bevat geen conserveermiddelen of schadelijke kleurstoffen als titaandioxide.<\/p>\n<p>Bijzonder is dat Moist-R kauwgompjes wat groter zijn dan de gemiddelde stukjes kauwgom. Ook is de buitenkant iets zachter. Dat is vooral prettig voor mensen met droge mondklachten en als gevolg daarvan gevoelige mondslijmvliezen.<\/p>\n<p>&nbsp;<\/p>\n<\/div>\n<div class=\"block\">\n<h2>2. Spry Natural Peppermint Kauwgom<\/h2>\n<p><img loading=\"lazy\" class=\"aligncenter wp-image-3092\" src=\"https:\/\/www.demondzorgzaak.nl\/blog\/wp-content\/uploads\/2022\/01\/Spry-peppermint-kauwgom-300x236.jpg\" alt=\"\" width=\"600\" height=\"471\" srcset=\"https:\/\/www.demondzorgzaak.nl\/blog\/wp-content\/uploads\/2022\/01\/Spry-peppermint-kauwgom-300x236.jpg 300w, https:\/\/www.demondzorgzaak.nl\/blog\/wp-content\/uploads\/2022\/01\/Spry-peppermint-kauwgom.jpg 700w\" sizes=\"(max-width: 600px) 100vw, 600px\" \/><\/p>\n<p>Ook Spry Natural Peppermint kauwgom heeft als hoofdingredi\u00ebnt de natuurlijke zoetstof xylitol en is in zijn geheel zuiver qua bestanddelen. De xylitol verzorgt en beschermt je gebit en verbetert je mondgezondheid. Daarnaast is het gewoon ook een lekkere kauwgom voor tussendoor en onderweg. De natuurlijke pepermuntsmaak verfrist direct je adem en houdt ook extra lang aan.<\/p>\n<p>&nbsp;<\/p>\n<\/div>\n<div class=\"block\">\n<h2>3. Kaux kauwgom<\/h2>\n<p><img loading=\"lazy\" class=\"aligncenter wp-image-3093\" src=\"https:\/\/www.demondzorgzaak.nl\/blog\/wp-content\/uploads\/2022\/01\/kaux-kauwgom-273x300.jpg\" alt=\"Kaux Kauwgom\" width=\"600\" height=\"659\" srcset=\"https:\/\/www.demondzorgzaak.nl\/blog\/wp-content\/uploads\/2022\/01\/kaux-kauwgom-273x300.jpg 273w, https:\/\/www.demondzorgzaak.nl\/blog\/wp-content\/uploads\/2022\/01\/kaux-kauwgom.jpg 570w\" sizes=\"(max-width: 600px) 100vw, 600px\" \/><\/p>\n<p><a href=\"https:\/\/www.demondzorgzaak.nl\/spry-natural-peppermint-kauwgum-55-stuks\">Kaux kauwgom<\/a> heeft een hogere concentratie xylitol. Zo geniet je per kauwgompje nog meer van de klinisch bewezen gebitsverzorgende eigenschappen. Afgezien van je normale dagelijkse mondhygi\u00ebne, kun je onderweg en in de loop van de dag gemakkelijk iets extra\u2019s doen in de strijd tegen tandplak, cari\u00ebs (gaatjes), een slechte adem en tandvleesontstekingen.<\/p>\n<p>Ook <a href=\"https:\/\/www.demondzorgzaak.nl\/spry-natural-peppermint-kauwgum-55-stuks\">Kaux kauwgom<\/a> bevat zuivere xylitol, gewonnen uit niet-GMO (genetisch gemodificeerd organisme) planten. Het heeft een prettige smaak, die minstens 20 minuten aanhoudt. Dit stimuleert de speekselproductie, zodat je klachten als een droge mond en een slechte adem tegengaat.<\/p>\n<p>&nbsp;<\/p>\n<\/div>\n<div class=\"block\">\n<h2>4. UK Organics kauwgom<\/h2>\n<p><img loading=\"lazy\" class=\"aligncenter wp-image-3018\" src=\"https:\/\/www.demondzorgzaak.nl\/blog\/wp-content\/uploads\/2022\/01\/uk-organics-kauwgom-300x236.jpg\" alt=\"\" width=\"600\" height=\"471\" srcset=\"https:\/\/www.demondzorgzaak.nl\/blog\/wp-content\/uploads\/2022\/01\/uk-organics-kauwgom-300x236.jpg 300w, https:\/\/www.demondzorgzaak.nl\/blog\/wp-content\/uploads\/2022\/01\/uk-organics-kauwgom.jpg 700w\" sizes=\"(max-width: 600px) 100vw, 600px\" \/><\/p>\n<p><a href=\"https:\/\/www.demondzorgzaak.nl\/uk-organics-kauwgom\">UK Organics<\/a> is een merk dat de hoogste eisen stelt aan de natuurlijke en biologische herkomst van hun ingredi\u00ebnten. Dat geldt ook voor de kauwgom en betekent dat de xylitol niet afkomstig is van genetisch gemanipuleerde plantenresten. Ook de Arabische gom, die de kauwgom zijn consistentie geeft, is puur natuur en wordt gewonnen uit Sapodilla en Acacia bomen. Biologische pepermunt geeft de kauwgom een natuurlijke frisse smaak.<\/p>\n<p>Ook de verpakkingen van <a href=\"https:\/\/www.demondzorgzaak.nl\/uk-organics-kauwgom\">UK Organics<\/a> zijn erg milieu-vriendelijk. Voor de kauwgom betekent dat dat je het de eerste keer in een aluminium blikje koopt. Daarna vul je je blikje bij met het UK Organics Chewing Gum Refill Pack.<\/p>\n<p>&nbsp;<\/p>\n<\/div>\n<div class=\"block\">\n<h2>5. Miradent kauwgom voor volwassenen en kinderen<\/h2>\n<p><img loading=\"lazy\" class=\"aligncenter wp-image-3024\" src=\"https:\/\/www.demondzorgzaak.nl\/blog\/wp-content\/uploads\/2022\/01\/miradent-kauwgom-1-300x236.png\" alt=\"\" width=\"600\" height=\"471\" srcset=\"https:\/\/www.demondzorgzaak.nl\/blog\/wp-content\/uploads\/2022\/01\/miradent-kauwgom-1-300x236.png 300w, https:\/\/www.demondzorgzaak.nl\/blog\/wp-content\/uploads\/2022\/01\/miradent-kauwgom-1.png 700w\" sizes=\"(max-width: 600px) 100vw, 600px\" \/><\/p>\n<p><a href=\"https:\/\/www.demondzorgzaak.nl\/miradent-xylitol-kauwgum-voor-kinderen\">Miradent<\/a> heeft veel producten ontwikkeld, die speciaal zijn gericht voor mensen met droge mondklachten. Zoals hierboven beschreven heeft kauwgom met xylitol altijd gunstige effecten op je mondgezondheid, ook als je geen last hebt van droge mondklachten. Want ook dan beschermt het je gebit, hydrateert de mondslijmvliezen, gaat het de vorming van tandplak en tandsteen tegen en helpt het een slechte adem, cari\u00ebs (gaatjes) en tandvleesontsteking voorkomen.<\/p>\n<p>Bijzonder is de smaak van <a href=\"https:\/\/www.demondzorgzaak.nl\/miradent-xylitol-kauwgum-voor-kinderen\">Miradent kauwgom<\/a>. Die smaakt naar groene thee in plaats van de gebruikelijke mint-smaak.<\/p>\n<p>Als je zelf geniet van de gebitsverzorgende eigenschappen van xylitol, wil je dat uiteraard ook voor je kinderen. Miradent heeft speciale kauwgom voor kinderen, die iets zachter van textuur is. Dat kauwt gemakkelijker met een klein gebit en nog niet geheel ontwikkelde kaakspieren. De fruitige smaken van de Miradent kinder kauwgom zijn helemaal afgestemd op kinderen: aardbei en appel.<\/p>\n<p>Juist voor je kinderen is het een groot voordeel dat het niet nodig om alle suiker te weren. Zelfs als je maar een deel van de dagelijkse suikerconsumptie vervangt door xylitol worden de schadelijke effecten van de bacterie Streptococcus mutans op het gebit tegen gegaan.<\/p>\n<p>&nbsp;<\/p>\n<\/div>\n","protected":false},"excerpt":{"rendered":"<p>De beste kauwgom met xylitol Xylitol kan niet zoals suiker en koolhydraten door de bacterie Streptococcus mutans worden omgezet in zuren. Niet de suiker zelf, maar deze uitgescheiden zuren, tasten het gebit aan. Ondanks de zoete smaak van xylitol is de molecuulstructuur anders, waardoor de bacteri\u00ebn er geen zuren van kunnen maken. Dit helpt om &#8230; <a title=\"Kauwgom met Xylitol | Top 5 Best Getest\" class=\"read-more\" href=\"https:\/\/www.demondzorgzaak.nl\/blog\/kauwgom-met-xylitol-top-5-best-getest\/\" aria-label=\"More on Kauwgom met Xylitol | Top 5 Best Getest\">Read more<\/a><\/p>\n","protected":false},"author":2,"featured_media":0,"parent":0,"menu_order":0,"comment_status":"closed","ping_status":"closed","template":"","meta":[],"acf":[],"yoast_head":"<!-- This site is optimized with the Yoast SEO plugin v19.6 - https:\/\/yoast.com\/wordpress\/plugins\/seo\/ -->\n<title>Kauwgom met Xylitol | Top 5 Best Getest - DeMondzorgZaak<\/title>\n<meta name=\"robots\" content=\"index, follow, max-snippet:-1, max-image-preview:large, max-video-preview:-1\" \/>\n<link rel=\"canonical\" href=\"https:\/\/www.demondzorgzaak.nl\/blog\/kauwgom-met-xylitol-top-5-best-getest\/\" \/>\n<meta property=\"og:locale\" content=\"en_US\" \/>\n<meta property=\"og:type\" content=\"article\" \/>\n<meta property=\"og:title\" content=\"Kauwgom met Xylitol | Top 5 Best Getest - DeMondzorgZaak\" \/>\n<meta property=\"og:description\" content=\"De beste kauwgom met xylitol Xylitol kan niet zoals suiker en koolhydraten door de bacterie Streptococcus mutans worden omgezet in zuren. Niet de suiker zelf, maar deze uitgescheiden zuren, tasten het gebit aan. Ondanks de zoete smaak van xylitol is de molecuulstructuur anders, waardoor de bacteri\u00ebn er geen zuren van kunnen maken. Dit helpt om ... Read more\" \/>\n<meta property=\"og:url\" content=\"https:\/\/www.demondzorgzaak.nl\/blog\/kauwgom-met-xylitol-top-5-best-getest\/\" \/>\n<meta property=\"og:site_name\" content=\"DeMondzorgZaak\" \/>\n<meta property=\"article:modified_time\" content=\"2022-01-12T13:07:54+00:00\" \/>\n<meta property=\"og:image\" content=\"https:\/\/www.demondzorgzaak.nl\/blog\/wp-content\/uploads\/2022\/01\/moist-r-kauwgom-300x236.jpg\" \/>\n<meta name=\"twitter:card\" content=\"summary_large_image\" \/>\n<meta name=\"twitter:label1\" content=\"Est. reading time\" \/>\n\t<meta name=\"twitter:data1\" content=\"5 minutes\" \/>\n<script type=\"application\/ld+json\" class=\"yoast-schema-graph\">{\"@context\":\"https:\/\/schema.org\",\"@graph\":[{\"@type\":\"WebPage\",\"@id\":\"https:\/\/www.demondzorgzaak.nl\/blog\/kauwgom-met-xylitol-top-5-best-getest\/\",\"url\":\"https:\/\/www.demondzorgzaak.nl\/blog\/kauwgom-met-xylitol-top-5-best-getest\/\",\"name\":\"Kauwgom met Xylitol | Top 5 Best Getest - DeMondzorgZaak\",\"isPartOf\":{\"@id\":\"https:\/\/www.demondzorgzaak.nl\/blog\/#website\"},\"datePublished\":\"2021-03-28T20:26:49+00:00\",\"dateModified\":\"2022-01-12T13:07:54+00:00\",\"breadcrumb\":{\"@id\":\"https:\/\/www.demondzorgzaak.nl\/blog\/kauwgom-met-xylitol-top-5-best-getest\/#breadcrumb\"},\"inLanguage\":\"en-US\",\"potentialAction\":[{\"@type\":\"ReadAction\",\"target\":[\"https:\/\/www.demondzorgzaak.nl\/blog\/kauwgom-met-xylitol-top-5-best-getest\/\"]}]},{\"@type\":\"BreadcrumbList\",\"@id\":\"https:\/\/www.demondzorgzaak.nl\/blog\/kauwgom-met-xylitol-top-5-best-getest\/#breadcrumb\",\"itemListElement\":[{\"@type\":\"ListItem\",\"position\":1,\"name\":\"Home\",\"item\":\"https:\/\/www.demondzorgzaak.nl\/blog\/\"},{\"@type\":\"ListItem\",\"position\":2,\"name\":\"Kauwgom met Xylitol | Top 5 Best Getest\"}]},{\"@type\":\"WebSite\",\"@id\":\"https:\/\/www.demondzorgzaak.nl\/blog\/#website\",\"url\":\"https:\/\/www.demondzorgzaak.nl\/blog\/\",\"name\":\"DeMondzorgZaak\",\"description\":\"100 Tips Bij Slechte Adem, Droge Mond &amp; Ontstoken Tandvlees (LeesTip)\",\"publisher\":{\"@id\":\"https:\/\/www.demondzorgzaak.nl\/blog\/#organization\"},\"potentialAction\":[{\"@type\":\"SearchAction\",\"target\":{\"@type\":\"EntryPoint\",\"urlTemplate\":\"https:\/\/www.demondzorgzaak.nl\/blog\/?s={search_term_string}\"},\"query-input\":\"required name=search_term_string\"}],\"inLanguage\":\"en-US\"},{\"@type\":\"Organization\",\"@id\":\"https:\/\/www.demondzorgzaak.nl\/blog\/#organization\",\"name\":\"De Mondzorgzaak\",\"url\":\"https:\/\/www.demondzorgzaak.nl\/blog\/\",\"sameAs\":[],\"logo\":{\"@type\":\"ImageObject\",\"inLanguage\":\"en-US\",\"@id\":\"https:\/\/www.demondzorgzaak.nl\/blog\/#\/schema\/logo\/image\/\",\"url\":\"https:\/\/www.demondzorgzaak.nl\/blog\/wp-content\/uploads\/2018\/07\/demondzorgzaak-logo.png\",\"contentUrl\":\"https:\/\/www.demondzorgzaak.nl\/blog\/wp-content\/uploads\/2018\/07\/demondzorgzaak-logo.png\",\"width\":338,\"height\":48,\"caption\":\"De Mondzorgzaak\"},\"image\":{\"@id\":\"https:\/\/www.demondzorgzaak.nl\/blog\/#\/schema\/logo\/image\/\"}}]}<\/script>\n<!-- \/ Yoast SEO plugin. -->","yoast_head_json":{"title":"Kauwgom met Xylitol | Top 5 Best Getest - DeMondzorgZaak","robots":{"index":"index","follow":"follow","max-snippet":"max-snippet:-1","max-image-preview":"max-image-preview:large","max-video-preview":"max-video-preview:-1"},"canonical":"https:\/\/www.demondzorgzaak.nl\/blog\/kauwgom-met-xylitol-top-5-best-getest\/","og_locale":"en_US","og_type":"article","og_title":"Kauwgom met Xylitol | Top 5 Best Getest - DeMondzorgZaak","og_description":"De beste kauwgom met xylitol Xylitol kan niet zoals suiker en koolhydraten door de bacterie Streptococcus mutans worden omgezet in zuren. Niet de suiker zelf, maar deze uitgescheiden zuren, tasten het gebit aan. Ondanks de zoete smaak van xylitol is de molecuulstructuur anders, waardoor de bacteri\u00ebn er geen zuren van kunnen maken. Dit helpt om ... Read more","og_url":"https:\/\/www.demondzorgzaak.nl\/blog\/kauwgom-met-xylitol-top-5-best-getest\/","og_site_name":"DeMondzorgZaak","article_modified_time":"2022-01-12T13:07:54+00:00","og_image":[{"url":"https:\/\/www.demondzorgzaak.nl\/blog\/wp-content\/uploads\/2022\/01\/moist-r-kauwgom-300x236.jpg"}],"twitter_card":"summary_large_image","twitter_misc":{"Est. reading time":"5 minutes"},"schema":{"@context":"https:\/\/schema.org","@graph":[{"@type":"WebPage","@id":"https:\/\/www.demondzorgzaak.nl\/blog\/kauwgom-met-xylitol-top-5-best-getest\/","url":"https:\/\/www.demondzorgzaak.nl\/blog\/kauwgom-met-xylitol-top-5-best-getest\/","name":"Kauwgom met Xylitol | Top 5 Best Getest - DeMondzorgZaak","isPartOf":{"@id":"https:\/\/www.demondzorgzaak.nl\/blog\/#website"},"datePublished":"2021-03-28T20:26:49+00:00","dateModified":"2022-01-12T13:07:54+00:00","breadcrumb":{"@id":"https:\/\/www.demondzorgzaak.nl\/blog\/kauwgom-met-xylitol-top-5-best-getest\/#breadcrumb"},"inLanguage":"en-US","potentialAction":[{"@type":"ReadAction","target":["https:\/\/www.demondzorgzaak.nl\/blog\/kauwgom-met-xylitol-top-5-best-getest\/"]}]},{"@type":"BreadcrumbList","@id":"https:\/\/www.demondzorgzaak.nl\/blog\/kauwgom-met-xylitol-top-5-best-getest\/#breadcrumb","itemListElement":[{"@type":"ListItem","position":1,"name":"Home","item":"https:\/\/www.demondzorgzaak.nl\/blog\/"},{"@type":"ListItem","position":2,"name":"Kauwgom met Xylitol | Top 5 Best Getest"}]},{"@type":"WebSite","@id":"https:\/\/www.demondzorgzaak.nl\/blog\/#website","url":"https:\/\/www.demondzorgzaak.nl\/blog\/","name":"DeMondzorgZaak","description":"100 Tips Bij Slechte Adem, Droge Mond &amp; Ontstoken Tandvlees (LeesTip)","publisher":{"@id":"https:\/\/www.demondzorgzaak.nl\/blog\/#organization"},"potentialAction":[{"@type":"SearchAction","target":{"@type":"EntryPoint","urlTemplate":"https:\/\/www.demondzorgzaak.nl\/blog\/?s={search_term_string}"},"query-input":"required name=search_term_string"}],"inLanguage":"en-US"},{"@type":"Organization","@id":"https:\/\/www.demondzorgzaak.nl\/blog\/#organization","name":"De Mondzorgzaak","url":"https:\/\/www.demondzorgzaak.nl\/blog\/","sameAs":[],"logo":{"@type":"ImageObject","inLanguage":"en-US","@id":"https:\/\/www.demondzorgzaak.nl\/blog\/#\/schema\/logo\/image\/","url":"https:\/\/www.demondzorgzaak.nl\/blog\/wp-content\/uploads\/2018\/07\/demondzorgzaak-logo.png","contentUrl":"https:\/\/www.demondzorgzaak.nl\/blog\/wp-content\/uploads\/2018\/07\/demondzorgzaak-logo.png","width":338,"height":48,"caption":"De Mondzorgzaak"},"image":{"@id":"https:\/\/www.demondzorgzaak.nl\/blog\/#\/schema\/logo\/image\/"}}]}},"_links":{"self":[{"href":"https:\/\/www.demondzorgzaak.nl\/blog\/wp-json\/wp\/v2\/pages\/2616"}],"collection":[{"href":"https:\/\/www.demondzorgzaak.nl\/blog\/wp-json\/wp\/v2\/pages"}],"about":[{"href":"https:\/\/www.demondzorgzaak.nl\/blog\/wp-json\/wp\/v2\/types\/page"}],"author":[{"embeddable":true,"href":"https:\/\/www.demondzorgzaak.nl\/blog\/wp-json\/wp\/v2\/users\/2"}],"replies":[{"embeddable":true,"href":"https:\/\/www.demondzorgzaak.nl\/blog\/wp-json\/wp\/v2\/comments?post=2616"}],"version-history":[{"count":7,"href":"https:\/\/www.demondzorgzaak.nl\/blog\/wp-json\/wp\/v2\/pages\/2616\/revisions"}],"predecessor-version":[{"id":3162,"href":"https:\/\/www.demondzorgzaak.nl\/blog\/wp-json\/wp\/v2\/pages\/2616\/revisions\/3162"}],"wp:attachment":[{"href":"https:\/\/www.demondzorgzaak.nl\/blog\/wp-json\/wp\/v2\/media?parent=2616"}],"curies":[{"name":"wp","href":"https:\/\/api.w.org\/{rel}","templated":true}]}}