{"id":2538,"date":"2021-03-28T18:04:43","date_gmt":"2021-03-28T16:04:43","guid":{"rendered":"https:\/\/www.demondzorgzaak.nl\/blog\/?page_id=2538"},"modified":"2025-12-31T10:30:01","modified_gmt":"2025-12-31T09:30:01","slug":"tandpasta-zonder-fluoride","status":"publish","type":"page","link":"https:\/\/www.demondzorgzaak.nl\/blog\/tandpasta-zonder-fluoride\/","title":{"rendered":"Fluoridevrije Tandpasta | Top 5 Best Getest (2026)"},"content":{"rendered":"<div class=\"block\">\n<h2>De beste 5 tandpasta&#8217;s zonder fluoride<\/h2>\n<p><img loading=\"lazy\" class=\"alignnone wp-image-4206 size-full\" src=\"https:\/\/www.demondzorgzaak.nl\/blog\/wp-content\/uploads\/2025\/02\/Beste-tandpasta-fluoride-vrij2-e1762515617144.jpg\" alt=\"\" width=\"763\" height=\"492\" srcset=\"https:\/\/www.demondzorgzaak.nl\/blog\/wp-content\/uploads\/2025\/02\/Beste-tandpasta-fluoride-vrij2-e1762515617144.jpg 763w, https:\/\/www.demondzorgzaak.nl\/blog\/wp-content\/uploads\/2025\/02\/Beste-tandpasta-fluoride-vrij2-e1762515617144-300x193.jpg 300w\" sizes=\"(max-width: 763px) 100vw, 763px\" \/><\/p>\n<p>Wil je sterke tanden voor het leven en jezelf een<em> kunstgebit besparen<\/em>? Poets dan met een mineraalhoudende tandpasta. Bijna alle tandpasta&#8217;s bevatten <em>fluoride, calcium of zink<\/em>. Maar wist je dat het mineraal <strong>hydroxyapatiet (HAP)<\/strong> zelfs beter is? HAP bouwt je glazuur weer op.<\/p>\n<p>Maar wil je het allerbeste? Dan poets je met de <a href=\"https:\/\/www.demondzorgzaak.nl\/julibrite-tandpasta-nano-hydroxyapatiet-actieve-zuurstof\">Nano-Hydroxyapatiet van Mineraxim\u2122<\/a> het meest geavanceerde mineraal ter wereld, exclusief te vinden in <a href=\"https:\/\/www.demondzorgzaak.nl\/julibrite-tandpasta-nano-hydroxyapatiet-actieve-zuurstof\">JuliBrite\u00ae Mineral Toothpaste<\/a>.<\/p>\n<p>Beter dan fluoride maar zonder schadelijke bijwerkingen.<\/p>\n<\/div>\n<div class=\"block\">\n<h2>1. Julibrite Tandpasta met Nano-Hydroxyapatite<\/h2>\n<p><a href=\"https:\/\/www.demondzorgzaak.nl\/julibrite-tandpasta-nano-hydroxyapatiet-actieve-zuurstof\"><img loading=\"lazy\" class=\"aligncenter size-large wp-image-2862\" src=\"https:\/\/www.demondzorgzaak.nl\/blog\/wp-content\/uploads\/2025\/02\/julibrite_toothpaste_final-3.jpg\" alt=\"tandpasta mint\" width=\"600\" height=\"600\" \/><\/a><\/p>\n<p>Niet voor niets staat JuliBrite\u00ae tandpasta op nummer 1 in de categorie beste fluoridevrije tandpasta.<\/p>\n<p>De innovatieve formule dankt haar kracht aan <a href=\"https:\/\/www.demondzorgzaak.nl\/julibrite-tandpasta-nano-hydroxyapatiet-actieve-zuurstof\"><strong>nanohydroxyapatiet van Mineraxim\u2122<\/strong><\/a>, het mineraal dat van nature in onze tanden en botten voorkomt en zich daarom heel makkelijk mengt met je glazuur.<\/p>\n<p>Dankzij de ultrafijne structuur dringt het mineraal diep door in het bestaande glazuur, waar het zich <strong>verankert<\/strong> en je tandstructuur <strong>verdicht, opbouwt<\/strong> en <strong>versterkt<\/strong>.<\/p>\n<p>Dit proces van remineralisatie maakt je tanden gladder, sterker en beter bestand tegen de zuren die gaatjes veroorzaken.<\/p>\n<p><a href=\"https:\/\/www.demondzorgzaak.nl\/julibrite-tandpasta-nano-hydroxyapatiet-actieve-zuurstof\">JuliBrite\u00ae<\/a> bevat daarnaast <strong>zink<\/strong> voor een langdurig frisse adem, <strong>actieve zuurstof<\/strong> voor gezond tandvlees, <strong>xylitol<\/strong> tegen cari\u00ebs en ter stimulatie van speeksel, en <strong>hyaluronan<\/strong> om je mondweefsels te voeden en hydrateren.<\/p>\n<p>JuliBrite\u00ae bevat g\u00e9\u00e9n agressieve of schadelijke stoffen zoals SLS, alcohol, antiseptica of andere synthetische chemicali\u00ebn. En behoudt zo het respect voor je orale microbiooom.<\/p>\n<p><a href=\"https:\/\/www.demondzorgzaak.nl\/julibrite-tandpasta-nano-hydroxyapatiet-actieve-zuurstof\">Bekijk JuliBrite Tandpasta hier &gt;&gt;<\/a><\/p>\n<\/div>\n<div class=\"block\">\n<h2>2. Oxyfresh Lemon Mint Tandpasta<\/h2>\n<p><a href=\"https:\/\/www.demondzorgzaak.nl\/oxyfresh-tandpasta\"><img loading=\"lazy\" class=\"aligncenter wp-image-3550 size-full\" src=\"https:\/\/www.demondzorgzaak.nl\/blog\/wp-content\/uploads\/2023\/10\/oxyfresh-lemon-mint-toothpaste-3-pack_grande.jpg\" alt=\"Oxyfresh Lemon mint\" width=\"600\" height=\"600\" srcset=\"https:\/\/www.demondzorgzaak.nl\/blog\/wp-content\/uploads\/2023\/10\/oxyfresh-lemon-mint-toothpaste-3-pack_grande.jpg 600w, https:\/\/www.demondzorgzaak.nl\/blog\/wp-content\/uploads\/2023\/10\/oxyfresh-lemon-mint-toothpaste-3-pack_grande-300x300.jpg 300w, https:\/\/www.demondzorgzaak.nl\/blog\/wp-content\/uploads\/2023\/10\/oxyfresh-lemon-mint-toothpaste-3-pack_grande-150x150.jpg 150w\" sizes=\"(max-width: 600px) 100vw, 600px\" \/><\/a><\/p>\n<p>Een goede tweede tandpasta zonder fluoride is <strong>Oxy<\/strong><strong>f<\/strong><strong>resh<\/strong><strong>\u00ae<\/strong><strong> Lemon Mint Toothpaste<\/strong>. Hier helpt de natuurlijke zoetstof xylitol om de vorming van tandplak af te remmen. Zo blijven je tanden gladder en schoner en je tandvlees gezond. Daarbij verlaagt xylitol de zuurgraad in de mond zodat mineralen uit het voedsel beter worden opgenomen in het tandglazuur.<\/p>\n<p><a href=\"https:\/\/www.demondzorgzaak.nl\/oxyfresh-tandpasta\">Oxyfresh\u00ae Lemon Mint Toothpaste<\/a> helpt effectief mee aan een langdurige frisse adem. Niet door de vluchtige zwavelverbindingen, die zorgen voor een slechte adem, te maskeren maar door ze echt aan te pakken. De milde formule <strong>Oxygene\u00ae neutraliseert de vluchtige zwavelverbindingen<\/strong> op moleculair niveau, waardoor je direct een frissere adem krijgt die ook lang aanhoudt.<\/p>\n<p><strong>Oxyfresh Lemon Mint T<\/strong><strong>ooth<\/strong><strong>past<\/strong><strong>e<\/strong> reinigt je gebit en verzorgt je tandvlees met respect voor het natuurlijke evenwicht van het orale micro-bioom. Oxyfresh Lemon Mint Toothpaste bevat dan ook geen schadelijke bestanddelen als alcohol, SLS (sodium lauryl sulfaat) of onnodige kleur-of smaakstoffen.<\/p>\n<p><a href=\"https:\/\/www.demondzorgzaak.nl\/oxyfresh-tandpasta\">Bekijk OxyFresh Lemon Mint tandpasta hier &gt;&gt;<\/a><\/p>\n<\/div>\n<div class=\"block\">\n<h2>3. Ikinora\u00ae Mineral Toothpaste English Peppermint<\/h2>\n<p><a href=\"https:\/\/www.demondzorgzaak.nl\/ikinora-natural-mineral-toothpaste\"><img loading=\"lazy\" class=\"aligncenter wp-image-3550 size-full\" src=\"https:\/\/www.demondzorgzaak.nl\/blog\/wp-content\/uploads\/2025\/02\/Ikinora-Tandpasta.jpg\" alt=\"Ikinora Mineral Toothpaste\" width=\"600\" height=\"600\" \/><\/a><\/p>\n<p><strong>Ikinora\u00ae Mineral Toothpaste English Peppermint<\/strong> blinkt uit door de eenvoudige maar effectieve formule, die geheel bestaat uit natuurzuivere bestanddelen.<\/p>\n<p>Allereerst is er de reinigende, verzorgende en bacterie-werende werking van <strong>biologische kokosolie<\/strong>, die samen met de zacht schurende ingredi\u00ebnten korte metten maakt met tandplak. Het natuurlijke mineraal calcium herstelt het tandglazuur en maakt het zo sterker.<\/p>\n<p>Zelfs de sterke pepermuntsmaak is <strong>100% natuurlijk.<\/strong> Dit levert een frisse tandpasta op, die geschikt is als je de voorkeur geeft aan fluoride vrije tandpasta en in het bijzonder als je je adem wilt verfrissen.<\/p>\n<p>Ikinora\u00ae Mineral Toothpaste English Peppermint is niet verpakt in de bekende plastic tube, maar heeft een <strong>volledig recyclebare verpakking<\/strong>. Zo doe je niet alleen je tandglazuur een plezier, maar ook het milieu.<\/p>\n<p><a href=\"https:\/\/www.demondzorgzaak.nl\/ikinora-natural-mineral-toothpaste\">Bekijk Ikinora\u00ae Mineral Toothpaste hier &gt;&gt;<\/a><\/p>\n<\/div>\n<div class=\"block\">\n<h2>4. Dr. Brite tandpasta mint<\/h2>\n<p><a href=\"https:\/\/www.demondzorgzaak.nl\/dr-brite-tandpasta-mint\"><img loading=\"lazy\" class=\"aligncenter size-large wp-image-2862\" src=\"https:\/\/www.demondzorgzaak.nl\/blog\/wp-content\/uploads\/2021\/10\/dr_brite_tandpasta_mint-1024x1024.jpg\" alt=\"tandpasta mint\" width=\"1024\" height=\"1024\" srcset=\"https:\/\/www.demondzorgzaak.nl\/blog\/wp-content\/uploads\/2021\/10\/dr_brite_tandpasta_mint-1024x1024.jpg 1024w, https:\/\/www.demondzorgzaak.nl\/blog\/wp-content\/uploads\/2021\/10\/dr_brite_tandpasta_mint-300x300.jpg 300w, https:\/\/www.demondzorgzaak.nl\/blog\/wp-content\/uploads\/2021\/10\/dr_brite_tandpasta_mint-150x150.jpg 150w, https:\/\/www.demondzorgzaak.nl\/blog\/wp-content\/uploads\/2021\/10\/dr_brite_tandpasta_mint-768x768.jpg 768w, https:\/\/www.demondzorgzaak.nl\/blog\/wp-content\/uploads\/2021\/10\/dr_brite_tandpasta_mint.jpg 1080w\" sizes=\"(max-width: 1024px) 100vw, 1024px\" \/><\/a><\/p>\n<p>Hoewel <strong>Dr. Brite Tandpasta Mint<\/strong> in een plastic tube zit, zijn de ingredi\u00ebnten van Dr. Brite Tandpasta Mint net zo natuurlijk als die in onze nummer 3. In plaats van fluoride bevat Dr. Brite Tandpasta Mint <strong>kokosolie en geactiveerde houtskool<\/strong>.<\/p>\n<p>Ook hier werkt de biologische kokosolie op een natuurlijke manier tegen de schadelijke mondbacteri\u00ebn, die cari\u00ebs (gaatjes) veroorzaken. Het mineraal <strong>calcium carbonaat remineraliseert het tandglazuur<\/strong> en vervult daarmee de rol van fluoride.<\/p>\n<p>Daarnaast bevat Dr. Brite Tandpasta Mint <strong>pigmentloze geactiveerde houtskool<\/strong> dat een reinigende en sterk absorberende werking heeft. Alo\u00eb vera gel verzorgt en hydrateert de zachte weefsels in de mond en natuurlijke pepermuntolie geeft Dr. Brite Tandpasta Mint een frisse smaak.<\/p>\n<p><a href=\"https:\/\/www.demondzorgzaak.nl\/dr-brite-tandpasta-mint\">Bekijk Dr. Brite Tandpasta Mint hier &gt;&gt;<\/a><\/p>\n<\/div>\n<div class=\"block\">\n<h2>5. Du\u0113lle Teeth Whitening Powder<\/h2>\n<p><a href=\"https:\/\/www.demondzorgzaak.nl\/duelle-teeth-whitening-powder-met-hap-pap\"><img class=\"aligncenter size-large wp-image-2862\" src=\"https:\/\/www.demondzorgzaak.nl\/blog\/wp-content\/uploads\/2025\/02\/Duelle-Teeth-Whitening-Powder.jpg\" alt=\"&quot;tandpasta\" \/><\/a><br \/>\nAls je dacht dat je tanden bleken altijd ten koste gaat van je tandglazuur, hebben we goed nieuws voor je. <strong>Du\u0113lle Teeth Whitening Powder<\/strong> is geen tandpasta, maar een booster die jouw favoriete tandpasta verandert in een effectief maar mild tandenbleek-middel.<\/p>\n<p><a href=\"https:\/\/www.demondzorgzaak.nl\/duelle-teeth-whitening-powder-met-hap-pap\">Du\u0113lle Teeth Whitening Powder<\/a> bleekt de tanden met behulp van het milde blekende bestanddeel phthalimide peroxycaproic acid (PAP). Het mineraal HAP (hydroxyapatiet) versterkt de werking van PAP maar versterkt en herstelt ook je tandglazuur, samen met calcium carbonaat<\/p>\n<p>Tegelijkertijd zorgt Du\u0113lle Teeth Whitening Powder voor <strong>gladdere tanden<\/strong>. Ook dit helpt mee om minder tandplak aan je glazuur te laten hechten. Je kunt Du\u0113lle Teeth Whitening Powder bij voorkeur in combinatie met \u00e9\u00e9n van de tandpasta\u2019s uit deze Top 5 gebruiken.<\/p>\n<p>Zo maak je je tanden niet alleen nog sterker zonder fluoride, maar ook witter. En dat is wat we tegenwoordig toch allemaal willen.<\/p>\n<p><a href=\"https:\/\/www.demondzorgzaak.nl\/duelle-teeth-whitening-powder-met-hap-pap\">Bekijk Du\u0113lle Teeth Whitening Powder hier &gt;&gt;<\/a><\/p>\n<\/div>\n<div class=\"block\">\n<h2>Tot slot<\/h2>\n<p>Smaken verschillen, vandaar een Top 5. Maar wij gaan unaniem voor de <strong>nummer 1: JuliBrite Toothpaste. <\/strong><\/p>\n<p>De <strong>innovatieve en effectieve formule<\/strong> van JuliBrite Toothpaste beschermt je gebit tegen cari\u00ebs, maar verzorgt ook de zachte weefsels in je mond en verfrist je adem.<\/p>\n<p>Bovendien geldt voor JuliBrite Toothpaste een <strong>100% tevredenheidsgarantie<\/strong>. Als je niet tevreden bent, krijg je je geld terug binnen 30 dagen na aankoop.<\/p>\n<p>Maakt wel of geen fluoride in je tandpasta je niet zoveel uit, maar heb je last van een slechte adem?<\/p>\n<p>Bekijk dan het artikel <a href=\"https:\/\/www.demondzorgzaak.nl\/blog\/middel-slechte-adem\/\">Top 10 beste middelen tegen een slechte adem<\/a>.<\/p>\n<\/div>\n<div class=\"block\">\n<h2>Bronnen<\/h2>\n<ul>\n<li><a href=\"https:\/\/doi.org\/10.1038\/s41405-019-0026-8\">Nature: Comparative efficacy of a hydroxyapatite and a fluoride toothpaste for prevention and remineralization of dental caries in children<\/a><\/li>\n<li><a href=\"https:\/\/pubmed.ncbi.nlm.nih.gov\/27084861\">National Library of Medicine: The Effect of Coconut Oil Pulling on Streptococcus Mutans Count in Saliva in Comparison With Chlorhexidine Mouthwash<\/a><\/li>\n<li><a href=\"https:\/\/www.ingentaconnect.com\/content\/aapd\/pd\/2006\/00000028\/00000002\/art00011\">Ingenta Connect: Xylitol, Sweeteners and Dental Cari\u00ebs<\/a><\/li>\n<li><a href=\"https:\/\/doi.org\/10.1177\/00220345950740121501\">Sage Journal of Dental Reasearch: Xylitol Chewing Gums and Caries Rates: a 40-month Cohort Study<\/a><\/li>\n<\/ul>\n<\/div>\n","protected":false},"excerpt":{"rendered":"<p>De beste 5 tandpasta&#8217;s zonder fluoride Wil je sterke tanden voor het leven en jezelf een kunstgebit besparen? Poets dan met een mineraalhoudende tandpasta. Bijna alle tandpasta&#8217;s bevatten fluoride, calcium of zink. Maar wist je dat het mineraal hydroxyapatiet (HAP) zelfs beter is? HAP bouwt je glazuur weer op. Maar wil je het allerbeste? Dan &#8230; <a title=\"Fluoridevrije Tandpasta | Top 5 Best Getest (2026)\" class=\"read-more\" href=\"https:\/\/www.demondzorgzaak.nl\/blog\/tandpasta-zonder-fluoride\/\" aria-label=\"More on Fluoridevrije Tandpasta | Top 5 Best Getest (2026)\">Read more<\/a><\/p>\n","protected":false},"author":2,"featured_media":0,"parent":0,"menu_order":0,"comment_status":"closed","ping_status":"closed","template":"","meta":[],"acf":[],"yoast_head":"<!-- This site is optimized with the Yoast SEO plugin v19.6 - https:\/\/yoast.com\/wordpress\/plugins\/seo\/ -->\n<title>Tandpasta zonder Fluoride | Top 5 Best Getest | 100% Fluoridevrij<\/title>\n<meta name=\"description\" content=\"Op zoek naar fluoride vrije tandpasta? 5 bewezen tandpasta&#039;s zonder fluoride op een rijtje. Best getest door de Mondzorgzaak.nl\" \/>\n<meta name=\"robots\" content=\"index, follow, max-snippet:-1, max-image-preview:large, max-video-preview:-1\" \/>\n<link rel=\"canonical\" href=\"https:\/\/www.demondzorgzaak.nl\/blog\/tandpasta-zonder-fluoride\/\" \/>\n<meta property=\"og:locale\" content=\"en_US\" \/>\n<meta property=\"og:type\" content=\"article\" \/>\n<meta property=\"og:title\" content=\"Tandpasta zonder Fluoride | Top 5 Best Getest | 100% Fluoridevrij\" \/>\n<meta property=\"og:description\" content=\"Op zoek naar fluoride vrije tandpasta? 5 bewezen tandpasta&#039;s zonder fluoride op een rijtje. Best getest door de Mondzorgzaak.nl\" \/>\n<meta property=\"og:url\" content=\"https:\/\/www.demondzorgzaak.nl\/blog\/tandpasta-zonder-fluoride\/\" \/>\n<meta property=\"og:site_name\" content=\"DeMondzorgZaak\" \/>\n<meta property=\"article:modified_time\" content=\"2025-12-31T09:30:01+00:00\" \/>\n<meta property=\"og:image\" content=\"https:\/\/www.demondzorgzaak.nl\/blog\/wp-content\/uploads\/2025\/02\/Beste-tandpasta-fluoride-vrij2-e1762515617144.jpg\" \/>\n<meta name=\"twitter:card\" content=\"summary_large_image\" \/>\n<meta name=\"twitter:label1\" content=\"Est. reading time\" \/>\n\t<meta name=\"twitter:data1\" content=\"6 minutes\" \/>\n<script type=\"application\/ld+json\" class=\"yoast-schema-graph\">{\"@context\":\"https:\/\/schema.org\",\"@graph\":[{\"@type\":\"WebPage\",\"@id\":\"https:\/\/www.demondzorgzaak.nl\/blog\/tandpasta-zonder-fluoride\/\",\"url\":\"https:\/\/www.demondzorgzaak.nl\/blog\/tandpasta-zonder-fluoride\/\",\"name\":\"Tandpasta zonder Fluoride | Top 5 Best Getest | 100% Fluoridevrij\",\"isPartOf\":{\"@id\":\"https:\/\/www.demondzorgzaak.nl\/blog\/#website\"},\"datePublished\":\"2021-03-28T16:04:43+00:00\",\"dateModified\":\"2025-12-31T09:30:01+00:00\",\"description\":\"Op zoek naar fluoride vrije tandpasta? 5 bewezen tandpasta's zonder fluoride op een rijtje. Best getest door de Mondzorgzaak.nl\",\"breadcrumb\":{\"@id\":\"https:\/\/www.demondzorgzaak.nl\/blog\/tandpasta-zonder-fluoride\/#breadcrumb\"},\"inLanguage\":\"en-US\",\"potentialAction\":[{\"@type\":\"ReadAction\",\"target\":[\"https:\/\/www.demondzorgzaak.nl\/blog\/tandpasta-zonder-fluoride\/\"]}]},{\"@type\":\"BreadcrumbList\",\"@id\":\"https:\/\/www.demondzorgzaak.nl\/blog\/tandpasta-zonder-fluoride\/#breadcrumb\",\"itemListElement\":[{\"@type\":\"ListItem\",\"position\":1,\"name\":\"Home\",\"item\":\"https:\/\/www.demondzorgzaak.nl\/blog\/\"},{\"@type\":\"ListItem\",\"position\":2,\"name\":\"Fluoridevrije Tandpasta | Top 5 Best Getest (2026)\"}]},{\"@type\":\"WebSite\",\"@id\":\"https:\/\/www.demondzorgzaak.nl\/blog\/#website\",\"url\":\"https:\/\/www.demondzorgzaak.nl\/blog\/\",\"name\":\"DeMondzorgZaak\",\"description\":\"100 Tips Bij Slechte Adem, Droge Mond &amp; Ontstoken Tandvlees (LeesTip)\",\"publisher\":{\"@id\":\"https:\/\/www.demondzorgzaak.nl\/blog\/#organization\"},\"potentialAction\":[{\"@type\":\"SearchAction\",\"target\":{\"@type\":\"EntryPoint\",\"urlTemplate\":\"https:\/\/www.demondzorgzaak.nl\/blog\/?s={search_term_string}\"},\"query-input\":\"required name=search_term_string\"}],\"inLanguage\":\"en-US\"},{\"@type\":\"Organization\",\"@id\":\"https:\/\/www.demondzorgzaak.nl\/blog\/#organization\",\"name\":\"De Mondzorgzaak\",\"url\":\"https:\/\/www.demondzorgzaak.nl\/blog\/\",\"sameAs\":[],\"logo\":{\"@type\":\"ImageObject\",\"inLanguage\":\"en-US\",\"@id\":\"https:\/\/www.demondzorgzaak.nl\/blog\/#\/schema\/logo\/image\/\",\"url\":\"https:\/\/www.demondzorgzaak.nl\/blog\/wp-content\/uploads\/2018\/07\/demondzorgzaak-logo.png\",\"contentUrl\":\"https:\/\/www.demondzorgzaak.nl\/blog\/wp-content\/uploads\/2018\/07\/demondzorgzaak-logo.png\",\"width\":338,\"height\":48,\"caption\":\"De Mondzorgzaak\"},\"image\":{\"@id\":\"https:\/\/www.demondzorgzaak.nl\/blog\/#\/schema\/logo\/image\/\"}}]}<\/script>\n<!-- \/ Yoast SEO plugin. -->","yoast_head_json":{"title":"Tandpasta zonder Fluoride | Top 5 Best Getest | 100% Fluoridevrij","description":"Op zoek naar fluoride vrije tandpasta? 5 bewezen tandpasta's zonder fluoride op een rijtje. Best getest door de Mondzorgzaak.nl","robots":{"index":"index","follow":"follow","max-snippet":"max-snippet:-1","max-image-preview":"max-image-preview:large","max-video-preview":"max-video-preview:-1"},"canonical":"https:\/\/www.demondzorgzaak.nl\/blog\/tandpasta-zonder-fluoride\/","og_locale":"en_US","og_type":"article","og_title":"Tandpasta zonder Fluoride | Top 5 Best Getest | 100% Fluoridevrij","og_description":"Op zoek naar fluoride vrije tandpasta? 5 bewezen tandpasta's zonder fluoride op een rijtje. Best getest door de Mondzorgzaak.nl","og_url":"https:\/\/www.demondzorgzaak.nl\/blog\/tandpasta-zonder-fluoride\/","og_site_name":"DeMondzorgZaak","article_modified_time":"2025-12-31T09:30:01+00:00","og_image":[{"url":"https:\/\/www.demondzorgzaak.nl\/blog\/wp-content\/uploads\/2025\/02\/Beste-tandpasta-fluoride-vrij2-e1762515617144.jpg"}],"twitter_card":"summary_large_image","twitter_misc":{"Est. reading time":"6 minutes"},"schema":{"@context":"https:\/\/schema.org","@graph":[{"@type":"WebPage","@id":"https:\/\/www.demondzorgzaak.nl\/blog\/tandpasta-zonder-fluoride\/","url":"https:\/\/www.demondzorgzaak.nl\/blog\/tandpasta-zonder-fluoride\/","name":"Tandpasta zonder Fluoride | Top 5 Best Getest | 100% Fluoridevrij","isPartOf":{"@id":"https:\/\/www.demondzorgzaak.nl\/blog\/#website"},"datePublished":"2021-03-28T16:04:43+00:00","dateModified":"2025-12-31T09:30:01+00:00","description":"Op zoek naar fluoride vrije tandpasta? 5 bewezen tandpasta's zonder fluoride op een rijtje. Best getest door de Mondzorgzaak.nl","breadcrumb":{"@id":"https:\/\/www.demondzorgzaak.nl\/blog\/tandpasta-zonder-fluoride\/#breadcrumb"},"inLanguage":"en-US","potentialAction":[{"@type":"ReadAction","target":["https:\/\/www.demondzorgzaak.nl\/blog\/tandpasta-zonder-fluoride\/"]}]},{"@type":"BreadcrumbList","@id":"https:\/\/www.demondzorgzaak.nl\/blog\/tandpasta-zonder-fluoride\/#breadcrumb","itemListElement":[{"@type":"ListItem","position":1,"name":"Home","item":"https:\/\/www.demondzorgzaak.nl\/blog\/"},{"@type":"ListItem","position":2,"name":"Fluoridevrije Tandpasta | Top 5 Best Getest (2026)"}]},{"@type":"WebSite","@id":"https:\/\/www.demondzorgzaak.nl\/blog\/#website","url":"https:\/\/www.demondzorgzaak.nl\/blog\/","name":"DeMondzorgZaak","description":"100 Tips Bij Slechte Adem, Droge Mond &amp; Ontstoken Tandvlees (LeesTip)","publisher":{"@id":"https:\/\/www.demondzorgzaak.nl\/blog\/#organization"},"potentialAction":[{"@type":"SearchAction","target":{"@type":"EntryPoint","urlTemplate":"https:\/\/www.demondzorgzaak.nl\/blog\/?s={search_term_string}"},"query-input":"required name=search_term_string"}],"inLanguage":"en-US"},{"@type":"Organization","@id":"https:\/\/www.demondzorgzaak.nl\/blog\/#organization","name":"De Mondzorgzaak","url":"https:\/\/www.demondzorgzaak.nl\/blog\/","sameAs":[],"logo":{"@type":"ImageObject","inLanguage":"en-US","@id":"https:\/\/www.demondzorgzaak.nl\/blog\/#\/schema\/logo\/image\/","url":"https:\/\/www.demondzorgzaak.nl\/blog\/wp-content\/uploads\/2018\/07\/demondzorgzaak-logo.png","contentUrl":"https:\/\/www.demondzorgzaak.nl\/blog\/wp-content\/uploads\/2018\/07\/demondzorgzaak-logo.png","width":338,"height":48,"caption":"De Mondzorgzaak"},"image":{"@id":"https:\/\/www.demondzorgzaak.nl\/blog\/#\/schema\/logo\/image\/"}}]}},"_links":{"self":[{"href":"https:\/\/www.demondzorgzaak.nl\/blog\/wp-json\/wp\/v2\/pages\/2538"}],"collection":[{"href":"https:\/\/www.demondzorgzaak.nl\/blog\/wp-json\/wp\/v2\/pages"}],"about":[{"href":"https:\/\/www.demondzorgzaak.nl\/blog\/wp-json\/wp\/v2\/types\/page"}],"author":[{"embeddable":true,"href":"https:\/\/www.demondzorgzaak.nl\/blog\/wp-json\/wp\/v2\/users\/2"}],"replies":[{"embeddable":true,"href":"https:\/\/www.demondzorgzaak.nl\/blog\/wp-json\/wp\/v2\/comments?post=2538"}],"version-history":[{"count":69,"href":"https:\/\/www.demondzorgzaak.nl\/blog\/wp-json\/wp\/v2\/pages\/2538\/revisions"}],"predecessor-version":[{"id":4989,"href":"https:\/\/www.demondzorgzaak.nl\/blog\/wp-json\/wp\/v2\/pages\/2538\/revisions\/4989"}],"wp:attachment":[{"href":"https:\/\/www.demondzorgzaak.nl\/blog\/wp-json\/wp\/v2\/media?parent=2538"}],"curies":[{"name":"wp","href":"https:\/\/api.w.org\/{rel}","templated":true}]}}