{"id":2499,"date":"2021-03-28T16:07:32","date_gmt":"2021-03-28T14:07:32","guid":{"rendered":"https:\/\/www.demondzorgzaak.nl\/blog\/?page_id=2499"},"modified":"2025-12-31T10:40:19","modified_gmt":"2025-12-31T09:40:19","slug":"tandpasta-fluoride-best-getest","status":"publish","type":"page","link":"https:\/\/www.demondzorgzaak.nl\/blog\/tandpasta-fluoride-best-getest\/","title":{"rendered":"Tandpasta met Fluoride | Top 5 Best Getest"},"content":{"rendered":"<div class=\"block\">\n<h2>Wat doet fluoride?<\/h2>\n<p>Fluor-ionen komen niet vrij in de natuur voor, omdat ze zich gemakkelijk binden aan andere stoffen. Ook aan tandpasta worden ze toegevoegd als verbinding met een andere stof. Er zijn verschillende fluor-verbindingen, waarvan calciumfluoride en natriumfluoride het meest gebruikt worden.<\/p>\n<p>De negatief geladen fluor-ionen in de tandpasta reageren op het mineraal hydroxy-apatiet, waar onze tanden van gemaakt zijn. Samen vormen ze een gefluorideerd zout, dat harder is dan het eigen hydroxy-apatiet. Dat maakt het tandglazuur beter bestand tegen de door de bacteri\u00ebn afgescheiden zuren. Fluoride is daarmee een beproefd middel tegen cari\u00ebs (gaatjes).<\/p>\n<p>Toch is fluoride geen onschuldig wondermiddel, dat je onbeperkt kunt gebruiken. Sinds 2009 is het fluorgehalte in kindertandpasta dan ook sterk beperkt en worden er speciale kindertandpasta\u2019s gemaakt zonder of met een lager fluoride-gehalte.<\/p>\n<\/div>\n<div class=\"block\">\n<h2>Welke tandpasta met fluoride is de beste?<\/h2>\n<p>Wat voor jou de beste tandpasta met fluoride is, is afhankelijk van verschillende factoren. Zoals: heb je bijvoorbeeld gevoelige tanden of droge mondklachten? Daarvoor zijn speciale tandpasta\u2019s. Daarbij moet je je wel bedenken dat fluoride slechts een kleine toevoeging aan tandpasta is, die uiteraard nog veel meer ingredi\u00ebnten bevat. Omdat niet alle tandpasta\u2019s goed zijn voor het natuurlijke evenwicht van je mondflora, is het goed om ook te letten op die andere ingredi\u00ebnten.<\/p>\n<p>Hieronder hebben we 4 mondvriendelijke tandpasta\u2019s met fluoride op een rijtje gezet. Met voor de liefhebbers op nummer 5 een tandpasta z\u00f3nder fluoride, die een even effectief glazuur-beschermend ingredi\u00ebnt bevat.<\/p>\n<\/div>\n<div class=\"block\">\n<h2>1. RyttPro Tandpasta Magic Mint<\/h2>\n<p><a href=\"https:\/\/www.demondzorgzaak.nl\/ryttpro-tandpasta-magic-mint-75ml\"><img loading=\"lazy\" class=\"aligncenter size-medium wp-image-3704\" src=\"https:\/\/www.demondzorgzaak.nl\/blog\/wp-content\/uploads\/2024\/02\/RyttPrro_Magic_Mint-300x300.jpg\" alt=\"RyttPrro_Magic_Mint\" width=\"300\" height=\"300\" srcset=\"https:\/\/www.demondzorgzaak.nl\/blog\/wp-content\/uploads\/2024\/02\/RyttPrro_Magic_Mint-300x300.jpg 300w, https:\/\/www.demondzorgzaak.nl\/blog\/wp-content\/uploads\/2024\/02\/RyttPrro_Magic_Mint-1024x1024.jpg 1024w, https:\/\/www.demondzorgzaak.nl\/blog\/wp-content\/uploads\/2024\/02\/RyttPrro_Magic_Mint-150x150.jpg 150w, https:\/\/www.demondzorgzaak.nl\/blog\/wp-content\/uploads\/2024\/02\/RyttPrro_Magic_Mint-768x768.jpg 768w, https:\/\/www.demondzorgzaak.nl\/blog\/wp-content\/uploads\/2024\/02\/RyttPrro_Magic_Mint.jpg 1200w\" sizes=\"(max-width: 300px) 100vw, 300px\" \/><\/a><\/p>\n<p><a href=\"https:\/\/www.demondzorgzaak.nl\/ryttpro-tandpasta-magic-mint-75ml\">RyttPro Tandpasta Magic Mint<\/a> is een dunne, transparante gel die veel dieper in de weefsels kan doordringen dan een dikke tandpasta. Deze gel schuimt zoals je van tandpasta gewend bent. Niet door het irriterende SLS (sodium lauryl sulfaat), maar door middel van een mild schuimmiddel op basis van kokosnoot.<\/p>\n<p>De innovatieve actieve zuurstofformule OZ-3X van RyttPro elimineert samen met zink de schadelijke bacteri\u00ebn. Actieve zuurstof doet nog meer nuttig werk, het neutraliseert de stinkende zwavelgassen die bacteri\u00ebn produceren en het oxideert verkleuringen op het gebit. Door het bestrijden van de schadelijke bacteri\u00ebn wordt tandplak afgebroken en je tandvlees beschermd. Het neutraliseren van de nare geuren zorgt direct voor een frissere adem.<span class=\"Apple-converted-space\">\u00a0<\/span><\/p>\n<p>RyttPro Tandpasta Magic Mint stabiliseert de zuurgraad in de mond en bevat natriumfluoride voor het versterken van je tandglazuur. De tandpasta is mild en bevat geen schadelijke stoffen als ftalaten, parabenen of kunstmatige smaak- of kleurstoffen. Tot slot heeft RyttPro Tandpasta Magic Mint een prettige frisse mint-smaak, die de speekselklieren stimuleert.<\/p>\n<p>Bekijk RyttPro Tandpasta Magic mint <a href=\"https:\/\/www.demondzorgzaak.nl\/ryttpro-tandpasta-magic-mint-75ml\">hier<\/a><\/p>\n<\/div>\n<div class=\"block\">\n<h2>2. Oxyfresh Fluoride Tandpasta<\/h2>\n<p><a href=\"https:\/\/www.demondzorgzaak.nl\/oxyfresh-fluoride-tandpasta\"><img loading=\"lazy\" class=\"aligncenter size-medium wp-image-3706\" src=\"https:\/\/www.demondzorgzaak.nl\/blog\/wp-content\/uploads\/2024\/02\/oxyfresh-fluoride-tandpasta-300x300.png\" alt=\"oxyfresh fluoride tandpasta\" width=\"300\" height=\"300\" srcset=\"https:\/\/www.demondzorgzaak.nl\/blog\/wp-content\/uploads\/2024\/02\/oxyfresh-fluoride-tandpasta-300x300.png 300w, https:\/\/www.demondzorgzaak.nl\/blog\/wp-content\/uploads\/2024\/02\/oxyfresh-fluoride-tandpasta-1024x1024.png 1024w, https:\/\/www.demondzorgzaak.nl\/blog\/wp-content\/uploads\/2024\/02\/oxyfresh-fluoride-tandpasta-150x150.png 150w, https:\/\/www.demondzorgzaak.nl\/blog\/wp-content\/uploads\/2024\/02\/oxyfresh-fluoride-tandpasta-768x768.png 768w, https:\/\/www.demondzorgzaak.nl\/blog\/wp-content\/uploads\/2024\/02\/oxyfresh-fluoride-tandpasta.png 1200w\" sizes=\"(max-width: 300px) 100vw, 300px\" \/><\/a><\/p>\n<p><a href=\"https:\/\/www.demondzorgzaak.nl\/oxyfresh-fluoride-tandpasta\">Oxyfresh tandpasta<\/a> is gebaseerd op de milde, maar zeer effectieve zuurstofformule Oxygene. Ook deze formule reinigt samen met zink je gebit op een mondvriendelijke manier. Daarnaast worden de stinkende gassen die de bacteri\u00ebn uitscheiden geneutraliseerd, zodat je door te poetsen direct voor een frissere adem krijgt.<\/p>\n<p>Aan deze tandpasta zijn een aantal natuurlijke bestanddelen toegevoegd, zoals alo\u00eb vera, xylitol en etherische oli\u00ebn. Oxyfresh tandpasta heeft een prettige mint-citroensmaak en deze variant bevat uiteraard fluoride.<\/p>\n<p>Bekijk Oxyfresh Fluoride Tandpasta <a href=\"https:\/\/www.demondzorgzaak.nl\/oxyfresh-fluoride-tandpasta\">hier<\/a>\n<\/div>\n<div class=\"block\">\n<h2>3. Oralieve Tandpasta<\/h2>\n<p><a href=\"https:\/\/www.demondzorgzaak.nl\/ora-relief-tandpasta-droge-mond\"><img loading=\"lazy\" class=\"aligncenter size-medium wp-image-3707\" src=\"https:\/\/www.demondzorgzaak.nl\/blog\/wp-content\/uploads\/2024\/02\/oralieve-tandpasta-300x300.jpg\" alt=\"oralieve fluoride tandpasta\" width=\"300\" height=\"300\" srcset=\"https:\/\/www.demondzorgzaak.nl\/blog\/wp-content\/uploads\/2024\/02\/oralieve-tandpasta-300x300.jpg 300w, https:\/\/www.demondzorgzaak.nl\/blog\/wp-content\/uploads\/2024\/02\/oralieve-tandpasta-1024x1024.jpg 1024w, https:\/\/www.demondzorgzaak.nl\/blog\/wp-content\/uploads\/2024\/02\/oralieve-tandpasta-150x150.jpg 150w, https:\/\/www.demondzorgzaak.nl\/blog\/wp-content\/uploads\/2024\/02\/oralieve-tandpasta-768x768.jpg 768w, https:\/\/www.demondzorgzaak.nl\/blog\/wp-content\/uploads\/2024\/02\/oralieve-tandpasta.jpg 1200w\" sizes=\"(max-width: 300px) 100vw, 300px\" \/><\/a><\/p>\n<p><a href=\"https:\/\/www.demondzorgzaak.nl\/ora-relief-tandpasta-droge-mond\">Oralieve tandpasta<\/a> is speciaal ontwikkeld voor mensen met droge mondklachten. Een tekort aan speeksel is niet alleen een vervelend gevoel maar verhoogt ook de kans op cari\u00ebs (gaatjes) en tandvleesontstekingen. Oralieve bestrijdt monddroogte, maar maakt ook de tanden sterker met behulp van fluoride.<\/p>\n<p>Het tekort aan speeksel wordt gecompenseerd door lichaamseigen en melk-enzymen, die de functie van het speeksel overnemen. Schadelijke bacteri\u00ebn worden op een milde, mondvriendelijke manier bestreden. Natuurlijk worden ook de droge en ge\u00efrriteerde slijmvliezen verzacht en hydrateert. Xylitol remt niet alleen de vorming van tandplak af, het stimuleert ook de speekselklieren met de frisse smaak.<\/p>\n<p>Bekijk Oralieve Tandpasta <a href=\"https:\/\/www.demondzorgzaak.nl\/ora-relief-tandpasta-droge-mond\">hier<\/a>\n<\/div>\n<div class=\"block\">\n<h2>4. RyttPro Tandpasta Mild Mint<\/h2>\n<p><a href=\"https:\/\/www.demondzorgzaak.nl\/ryttpro-tandpasta-slechte-adem-sterk-tandvlees\"><img loading=\"lazy\" class=\"aligncenter size-medium wp-image-3708\" src=\"https:\/\/www.demondzorgzaak.nl\/blog\/wp-content\/uploads\/2024\/02\/ryttpro-tandgel-300x300.jpg\" alt=\"ryttpro fluoride tandgel\" width=\"300\" height=\"300\" srcset=\"https:\/\/www.demondzorgzaak.nl\/blog\/wp-content\/uploads\/2024\/02\/ryttpro-tandgel-300x300.jpg 300w, https:\/\/www.demondzorgzaak.nl\/blog\/wp-content\/uploads\/2024\/02\/ryttpro-tandgel-1024x1024.jpg 1024w, https:\/\/www.demondzorgzaak.nl\/blog\/wp-content\/uploads\/2024\/02\/ryttpro-tandgel-150x150.jpg 150w, https:\/\/www.demondzorgzaak.nl\/blog\/wp-content\/uploads\/2024\/02\/ryttpro-tandgel-768x768.jpg 768w, https:\/\/www.demondzorgzaak.nl\/blog\/wp-content\/uploads\/2024\/02\/ryttpro-tandgel.jpg 1200w\" sizes=\"(max-width: 300px) 100vw, 300px\" \/><\/a><\/p>\n<p>Ook <a href=\"https:\/\/www.demondzorgzaak.nl\/ryttpro-tandpasta-slechte-adem-sterk-tandvlees\">RyttPro\u00a0Tandpasta Mild Mint<\/a> is een milde, dunne gel op basis van een actieve zuurstofformule (OXI2) en zink. Dit is de meest effectieve en veilige manier om schadelijke mondbacteri\u00ebn inclusief hun nare geurtjes te bestrijden. Daarnaast verzorgen alo\u00eb veraen ubiquinone (vitamine Q10) de zachte weefsels in de mond. Xylitol geeft een frisse smaak, maar remt bovendien de vorming van tandplak af, stabiliseert de zuurgraad in de mond en stimuleert de speekselklieren. Ook in deze tandpasta maakt fluoride je tandglazuur harder om het te beschermen tegen de zuren die cari\u00ebs (gaatjes) veroorzaken.<\/p>\n<p>Bekijk RyttPro Tandpasta Mild Mint\u00a0<a href=\"https:\/\/www.demondzorgzaak.nl\/ryttpro-tandpasta-slechte-adem-sterk-tandvlees\">hier<\/a>\n<\/div>\n<div class=\"block\">\n<h2>5. JuliBrite Mineraliserende Tandpasta<\/h2>\n<p><a href=\"https:\/\/www.demondzorgzaak.nl\/julibrite-pro-mondwater-1\"><img loading=\"lazy\" class=\"aligncenter wp-image-3709 size-medium\" src=\"https:\/\/www.demondzorgzaak.nl\/blog\/wp-content\/uploads\/2024\/02\/julibrite-HAP-mineraliserende-tandpasta-157x300.png\" alt=\"julibrite HAP mineraliserende tandpasta\" width=\"157\" height=\"300\" srcset=\"https:\/\/www.demondzorgzaak.nl\/blog\/wp-content\/uploads\/2024\/02\/julibrite-HAP-mineraliserende-tandpasta-157x300.png 157w, https:\/\/www.demondzorgzaak.nl\/blog\/wp-content\/uploads\/2024\/02\/julibrite-HAP-mineraliserende-tandpasta-535x1024.png 535w, https:\/\/www.demondzorgzaak.nl\/blog\/wp-content\/uploads\/2024\/02\/julibrite-HAP-mineraliserende-tandpasta.png 627w\" sizes=\"(max-width: 157px) 100vw, 157px\" \/><\/a><\/p>\n<p>Cari\u00ebs (gaatjes) tegengaan is natuurlijk een hele goede zaak. Maar het sterker maken van je tandglazuur is niet alleen voorbehouden aan fluoride. Voor de groeiende groep mensen die liever geen fluoride gebruikt, vormt het lichaamseigen mineraal hydroxy-apatiet (HAP) een uitstekend alternatief. <a href=\"https:\/\/www.demondzorgzaak.nl\/julibrite-pro-mondwater-1\">JuliBrite Mineraliserende Tandpasta<\/a> versterkt je tandglazuur door middel van HAP, hetzelfde mineraal waar onze tanden, tandglazuur en botten van gemaakt zijn.<\/p>\n<p>De overige ingredi\u00ebnten van deze nieuwe tandpasta zijn ook dik in orde. Ook hier weer een actieve zuurstofformule, en wel een heel bijzondere: de zuurstofmoleculen worden gegenereerd door honing. Samen met zink bestrijdt de zuurstof de schadelijke bacteri\u00ebn en hun gassen effectief, maar wel met respect voor de rest van de mondflora.<\/p>\n<p>Voor de bescherming van de zachte mondweefsels is het lichaamseigen enzym hyaluronan toegevoegd. Dit werkt ontstekingsremmend en anti-oxiderend. Hyaluronan remt tandplak zelfs even goed af als chloorhexidine, maar dan wel zonder de destructieve gevolgen voor de mondflora.<\/p>\n<p>En dan is er nog de natuurlijke zoetstof xylitol, die bekend staat om de talloze gunstige effecten voor het gebit. Het maakt niet alleen dat bacteri\u00ebn zich niet goed aan je tandglazuur kunnen hechten, maar verlaagt ook de zuurgraad in de mond. Dat maakt weer dat het mineraal HAP beter wordt opgenomen in je tandglazuur. De lekkere frisse smaak van xylitol stimuleert ook nog eens de speekselklieren, wat de mondgezondheid altijd ten goede komt.<\/p>\n<p>Bekijk JuliBrite Mineraliserende Tandpasta <a href=\"https:\/\/www.demondzorgzaak.nl\/julibrite-pro-mondwater-1\">hier<\/a>\n<\/div>\n","protected":false},"excerpt":{"rendered":"<p>Wat doet fluoride? Fluor-ionen komen niet vrij in de natuur voor, omdat ze zich gemakkelijk binden aan andere stoffen. Ook aan tandpasta worden ze toegevoegd als verbinding met een andere stof. Er zijn verschillende fluor-verbindingen, waarvan calciumfluoride en natriumfluoride het meest gebruikt worden. De negatief geladen fluor-ionen in de tandpasta reageren op het mineraal hydroxy-apatiet, &#8230; <a title=\"Tandpasta met Fluoride | Top 5 Best Getest\" class=\"read-more\" href=\"https:\/\/www.demondzorgzaak.nl\/blog\/tandpasta-fluoride-best-getest\/\" aria-label=\"More on Tandpasta met Fluoride | Top 5 Best Getest\">Read more<\/a><\/p>\n","protected":false},"author":2,"featured_media":0,"parent":0,"menu_order":0,"comment_status":"closed","ping_status":"closed","template":"","meta":[],"acf":[],"yoast_head":"<!-- This site is optimized with the Yoast SEO plugin v19.6 - https:\/\/yoast.com\/wordpress\/plugins\/seo\/ -->\n<title>Tandpasta met Fluoride | Top 5 Best Getest - DeMondzorgZaak<\/title>\n<meta name=\"robots\" content=\"index, follow, max-snippet:-1, max-image-preview:large, max-video-preview:-1\" \/>\n<link rel=\"canonical\" href=\"https:\/\/www.demondzorgzaak.nl\/blog\/tandpasta-fluoride-best-getest\/\" \/>\n<meta property=\"og:locale\" content=\"en_US\" \/>\n<meta property=\"og:type\" content=\"article\" \/>\n<meta property=\"og:title\" content=\"Tandpasta met Fluoride | Top 5 Best Getest - DeMondzorgZaak\" \/>\n<meta property=\"og:description\" content=\"Wat doet fluoride? Fluor-ionen komen niet vrij in de natuur voor, omdat ze zich gemakkelijk binden aan andere stoffen. Ook aan tandpasta worden ze toegevoegd als verbinding met een andere stof. Er zijn verschillende fluor-verbindingen, waarvan calciumfluoride en natriumfluoride het meest gebruikt worden. De negatief geladen fluor-ionen in de tandpasta reageren op het mineraal hydroxy-apatiet, ... Read more\" \/>\n<meta property=\"og:url\" content=\"https:\/\/www.demondzorgzaak.nl\/blog\/tandpasta-fluoride-best-getest\/\" \/>\n<meta property=\"og:site_name\" content=\"DeMondzorgZaak\" \/>\n<meta property=\"article:modified_time\" content=\"2025-12-31T09:40:19+00:00\" \/>\n<meta property=\"og:image\" content=\"https:\/\/www.demondzorgzaak.nl\/blog\/wp-content\/uploads\/2024\/02\/RyttPrro_Magic_Mint-300x300.jpg\" \/>\n<meta name=\"twitter:card\" content=\"summary_large_image\" \/>\n<meta name=\"twitter:label1\" content=\"Est. reading time\" \/>\n\t<meta name=\"twitter:data1\" content=\"6 minutes\" \/>\n<script type=\"application\/ld+json\" class=\"yoast-schema-graph\">{\"@context\":\"https:\/\/schema.org\",\"@graph\":[{\"@type\":\"WebPage\",\"@id\":\"https:\/\/www.demondzorgzaak.nl\/blog\/tandpasta-fluoride-best-getest\/\",\"url\":\"https:\/\/www.demondzorgzaak.nl\/blog\/tandpasta-fluoride-best-getest\/\",\"name\":\"Tandpasta met Fluoride | Top 5 Best Getest - DeMondzorgZaak\",\"isPartOf\":{\"@id\":\"https:\/\/www.demondzorgzaak.nl\/blog\/#website\"},\"datePublished\":\"2021-03-28T14:07:32+00:00\",\"dateModified\":\"2025-12-31T09:40:19+00:00\",\"breadcrumb\":{\"@id\":\"https:\/\/www.demondzorgzaak.nl\/blog\/tandpasta-fluoride-best-getest\/#breadcrumb\"},\"inLanguage\":\"en-US\",\"potentialAction\":[{\"@type\":\"ReadAction\",\"target\":[\"https:\/\/www.demondzorgzaak.nl\/blog\/tandpasta-fluoride-best-getest\/\"]}]},{\"@type\":\"BreadcrumbList\",\"@id\":\"https:\/\/www.demondzorgzaak.nl\/blog\/tandpasta-fluoride-best-getest\/#breadcrumb\",\"itemListElement\":[{\"@type\":\"ListItem\",\"position\":1,\"name\":\"Home\",\"item\":\"https:\/\/www.demondzorgzaak.nl\/blog\/\"},{\"@type\":\"ListItem\",\"position\":2,\"name\":\"Tandpasta met Fluoride | Top 5 Best Getest\"}]},{\"@type\":\"WebSite\",\"@id\":\"https:\/\/www.demondzorgzaak.nl\/blog\/#website\",\"url\":\"https:\/\/www.demondzorgzaak.nl\/blog\/\",\"name\":\"DeMondzorgZaak\",\"description\":\"100 Tips Bij Slechte Adem, Droge Mond &amp; Ontstoken Tandvlees (LeesTip)\",\"publisher\":{\"@id\":\"https:\/\/www.demondzorgzaak.nl\/blog\/#organization\"},\"potentialAction\":[{\"@type\":\"SearchAction\",\"target\":{\"@type\":\"EntryPoint\",\"urlTemplate\":\"https:\/\/www.demondzorgzaak.nl\/blog\/?s={search_term_string}\"},\"query-input\":\"required name=search_term_string\"}],\"inLanguage\":\"en-US\"},{\"@type\":\"Organization\",\"@id\":\"https:\/\/www.demondzorgzaak.nl\/blog\/#organization\",\"name\":\"De Mondzorgzaak\",\"url\":\"https:\/\/www.demondzorgzaak.nl\/blog\/\",\"sameAs\":[],\"logo\":{\"@type\":\"ImageObject\",\"inLanguage\":\"en-US\",\"@id\":\"https:\/\/www.demondzorgzaak.nl\/blog\/#\/schema\/logo\/image\/\",\"url\":\"https:\/\/www.demondzorgzaak.nl\/blog\/wp-content\/uploads\/2018\/07\/demondzorgzaak-logo.png\",\"contentUrl\":\"https:\/\/www.demondzorgzaak.nl\/blog\/wp-content\/uploads\/2018\/07\/demondzorgzaak-logo.png\",\"width\":338,\"height\":48,\"caption\":\"De Mondzorgzaak\"},\"image\":{\"@id\":\"https:\/\/www.demondzorgzaak.nl\/blog\/#\/schema\/logo\/image\/\"}}]}<\/script>\n<!-- \/ Yoast SEO plugin. -->","yoast_head_json":{"title":"Tandpasta met Fluoride | Top 5 Best Getest - DeMondzorgZaak","robots":{"index":"index","follow":"follow","max-snippet":"max-snippet:-1","max-image-preview":"max-image-preview:large","max-video-preview":"max-video-preview:-1"},"canonical":"https:\/\/www.demondzorgzaak.nl\/blog\/tandpasta-fluoride-best-getest\/","og_locale":"en_US","og_type":"article","og_title":"Tandpasta met Fluoride | Top 5 Best Getest - DeMondzorgZaak","og_description":"Wat doet fluoride? Fluor-ionen komen niet vrij in de natuur voor, omdat ze zich gemakkelijk binden aan andere stoffen. Ook aan tandpasta worden ze toegevoegd als verbinding met een andere stof. Er zijn verschillende fluor-verbindingen, waarvan calciumfluoride en natriumfluoride het meest gebruikt worden. De negatief geladen fluor-ionen in de tandpasta reageren op het mineraal hydroxy-apatiet, ... Read more","og_url":"https:\/\/www.demondzorgzaak.nl\/blog\/tandpasta-fluoride-best-getest\/","og_site_name":"DeMondzorgZaak","article_modified_time":"2025-12-31T09:40:19+00:00","og_image":[{"url":"https:\/\/www.demondzorgzaak.nl\/blog\/wp-content\/uploads\/2024\/02\/RyttPrro_Magic_Mint-300x300.jpg"}],"twitter_card":"summary_large_image","twitter_misc":{"Est. reading time":"6 minutes"},"schema":{"@context":"https:\/\/schema.org","@graph":[{"@type":"WebPage","@id":"https:\/\/www.demondzorgzaak.nl\/blog\/tandpasta-fluoride-best-getest\/","url":"https:\/\/www.demondzorgzaak.nl\/blog\/tandpasta-fluoride-best-getest\/","name":"Tandpasta met Fluoride | Top 5 Best Getest - DeMondzorgZaak","isPartOf":{"@id":"https:\/\/www.demondzorgzaak.nl\/blog\/#website"},"datePublished":"2021-03-28T14:07:32+00:00","dateModified":"2025-12-31T09:40:19+00:00","breadcrumb":{"@id":"https:\/\/www.demondzorgzaak.nl\/blog\/tandpasta-fluoride-best-getest\/#breadcrumb"},"inLanguage":"en-US","potentialAction":[{"@type":"ReadAction","target":["https:\/\/www.demondzorgzaak.nl\/blog\/tandpasta-fluoride-best-getest\/"]}]},{"@type":"BreadcrumbList","@id":"https:\/\/www.demondzorgzaak.nl\/blog\/tandpasta-fluoride-best-getest\/#breadcrumb","itemListElement":[{"@type":"ListItem","position":1,"name":"Home","item":"https:\/\/www.demondzorgzaak.nl\/blog\/"},{"@type":"ListItem","position":2,"name":"Tandpasta met Fluoride | Top 5 Best Getest"}]},{"@type":"WebSite","@id":"https:\/\/www.demondzorgzaak.nl\/blog\/#website","url":"https:\/\/www.demondzorgzaak.nl\/blog\/","name":"DeMondzorgZaak","description":"100 Tips Bij Slechte Adem, Droge Mond &amp; Ontstoken Tandvlees (LeesTip)","publisher":{"@id":"https:\/\/www.demondzorgzaak.nl\/blog\/#organization"},"potentialAction":[{"@type":"SearchAction","target":{"@type":"EntryPoint","urlTemplate":"https:\/\/www.demondzorgzaak.nl\/blog\/?s={search_term_string}"},"query-input":"required name=search_term_string"}],"inLanguage":"en-US"},{"@type":"Organization","@id":"https:\/\/www.demondzorgzaak.nl\/blog\/#organization","name":"De Mondzorgzaak","url":"https:\/\/www.demondzorgzaak.nl\/blog\/","sameAs":[],"logo":{"@type":"ImageObject","inLanguage":"en-US","@id":"https:\/\/www.demondzorgzaak.nl\/blog\/#\/schema\/logo\/image\/","url":"https:\/\/www.demondzorgzaak.nl\/blog\/wp-content\/uploads\/2018\/07\/demondzorgzaak-logo.png","contentUrl":"https:\/\/www.demondzorgzaak.nl\/blog\/wp-content\/uploads\/2018\/07\/demondzorgzaak-logo.png","width":338,"height":48,"caption":"De Mondzorgzaak"},"image":{"@id":"https:\/\/www.demondzorgzaak.nl\/blog\/#\/schema\/logo\/image\/"}}]}},"_links":{"self":[{"href":"https:\/\/www.demondzorgzaak.nl\/blog\/wp-json\/wp\/v2\/pages\/2499"}],"collection":[{"href":"https:\/\/www.demondzorgzaak.nl\/blog\/wp-json\/wp\/v2\/pages"}],"about":[{"href":"https:\/\/www.demondzorgzaak.nl\/blog\/wp-json\/wp\/v2\/types\/page"}],"author":[{"embeddable":true,"href":"https:\/\/www.demondzorgzaak.nl\/blog\/wp-json\/wp\/v2\/users\/2"}],"replies":[{"embeddable":true,"href":"https:\/\/www.demondzorgzaak.nl\/blog\/wp-json\/wp\/v2\/comments?post=2499"}],"version-history":[{"count":19,"href":"https:\/\/www.demondzorgzaak.nl\/blog\/wp-json\/wp\/v2\/pages\/2499\/revisions"}],"predecessor-version":[{"id":4992,"href":"https:\/\/www.demondzorgzaak.nl\/blog\/wp-json\/wp\/v2\/pages\/2499\/revisions\/4992"}],"wp:attachment":[{"href":"https:\/\/www.demondzorgzaak.nl\/blog\/wp-json\/wp\/v2\/media?parent=2499"}],"curies":[{"name":"wp","href":"https:\/\/api.w.org\/{rel}","templated":true}]}}