{"id":2461,"date":"2021-03-28T14:10:40","date_gmt":"2021-03-28T12:10:40","guid":{"rendered":"https:\/\/www.demondzorgzaak.nl\/blog\/?page_id=2461"},"modified":"2025-12-31T10:04:38","modified_gmt":"2025-12-31T09:04:38","slug":"droge-lippen-5-oorzaken-tips-2021","status":"publish","type":"page","link":"https:\/\/www.demondzorgzaak.nl\/blog\/droge-lippen-5-oorzaken-tips-2021\/","title":{"rendered":"Droge Lippen? 5 Oorzaken &#038; Tips (2026)"},"content":{"rendered":"<div class=\"block\">\n<h2>Symptomen van droge lippen<\/h2>\n<p>Heb je last van droge lippen? Dan herken je waarschijnlijk een of meerdere van deze symptomen:<\/p>\n<ul>\n<li>rode lippen<\/li>\n<li>kloofjes, scheurtjes, barstjes<\/li>\n<li>korstjes<\/li>\n<li>schilfertjes<\/li>\n<li>beetje bobbelig oppervlak<\/li>\n<li>zwelling<\/li>\n<li>wondjes die bloeden<\/li>\n<li>gebarsten mondhoeken<\/li>\n<\/ul>\n<p>De medische term voor droge lippen is<strong> \u2018cheilosis\u2019.<\/strong> Als je vooral last hebt van droge, kapotte mondhoeken, kan het zijn dat je last hebt van <strong>&#8216;cheilitis angularis&#8217;<\/strong>. Dit is een ontsierende en soms zeer pijnlijke aandoening, met kapotte, ontstoken mondhoeken, soms met korstvorming en aantasting van de aangrenzende huid.<\/p>\n<p>De behandeling hiervan is net iets anders dan van droge lippen. In tegenstelling tot bij droge lippen kan zinkolie, een lokaal antimycoticum of lokaal antimicrobieel middel werken.<\/p>\n<\/div>\n<div class=\"block\">\n<h2>Oorzaken droge lippen<\/h2>\n<h3><img loading=\"lazy\" class=\"aligncenter wp-image-3135\" src=\"https:\/\/www.demondzorgzaak.nl\/blog\/wp-content\/uploads\/2022\/01\/dry-lips-300x188.png\" alt=\"droge lippen verhelpen\" width=\"600\" height=\"375\" srcset=\"https:\/\/www.demondzorgzaak.nl\/blog\/wp-content\/uploads\/2022\/01\/dry-lips-300x188.png 300w, https:\/\/www.demondzorgzaak.nl\/blog\/wp-content\/uploads\/2022\/01\/dry-lips-768x480.png 768w, https:\/\/www.demondzorgzaak.nl\/blog\/wp-content\/uploads\/2022\/01\/dry-lips.png 800w\" sizes=\"(max-width: 600px) 100vw, 600px\" \/>Hoe droge lippen ontstaan<\/h3>\n<p>Waardoor ontstaan droge lippen? Allereerst moet je je bedenken dat de huid van de lippen veel dunner is dan in de rest van het lichaam. De bovenlaag van gewone huid heeft wel 15 of 16 lagen om het lichaam te beschermen. De toplaag van de lippen heeft maar 3 of 4 lagen. De huid van de lippen is dus <strong>heel kwetsbaar<\/strong>.<\/p>\n<p>Daarnaast heeft de huid van de lippen geen haarzakjes en geen zweetklieren, zoals in de huid van de rest van je lijf. Lippen worden dus niet vettig en vochtig gehouden door zweet of talg, zoals dat in de rest van je lijft wel gebeurt. Kortom: lippen kunnen snel uitdrogen.<\/p>\n<p><strong>Er zijn een paar oorzaken die die uitdroging kunnen verergeren, en kunnen zorgen voor droge lippen, zoals:<\/strong><\/p>\n<ul>\n<li><strong>Lage luchtvochtigheid<\/strong><br \/>\nAls de lucht heel droog is, zoals in de winter buiten of binnen in huizen of kantoren die verwarmd zijn, kunnen lippen sneller uitdrogen.<\/li>\n<li><strong>Zonlicht \/ UV-straling<\/strong><br \/>\nOp een zonnige zomerdag of juist op wintersportvakantie in de bergen, kunnen lippen sneller uitdrogen door blootstelling aan de zon.<\/li>\n<li><strong>Algehele uitdroging<\/strong><br \/>\nAls je hele lichaam uitgedroogd is, en je dus te weinig vocht hebt in je lijf, zorgt dat er ook voor dat je lippen droger worden.<\/li>\n<\/ul>\n<p><strong>Hoe weet je nu of je uitgedroogd bent? Dan heb je vaak ook last van de volgende symptomen:<\/strong><\/p>\n<ul>\n<li>duizeligheid<\/li>\n<li>hoofdpijnverminderde urineproductie<\/li>\n<li>verstopping<\/li>\n<li>droge mond<\/li>\n<li>Medicijnen<\/li>\n<\/ul>\n<p><strong>Sommige geneesmiddelen, zoals plastabletten, lithium, chemotherapie of Neotagison voor acne, veroorzaken droge lippen.<\/strong><\/p>\n<ul>\n<li><strong>Droge mond.\u00a0<\/strong>Heb je een droge mond, bijvoorbeeld omdat je door je mond ademt of omdat je te weinig speeksel aanmaakt, dan kunnen je lippen ook sneller uitdrogen.<\/li>\n<li><strong>Likken aan de lippen.<\/strong>\u00a0Klinkt niet logisch misschien, want je zou denken dat je door je lippen te bevochtigen met speeksel, deze minder snel uitdrogen, maar likken aan je lippen droogt je lippen juist sneller uit. Je kunt er zelfs eczeem van krijgen: lip licker dermatitis.<\/li>\n<li><strong>Tekort aan bepaalde voedingsstoffen.<\/strong>\u00a0Heel soms ontstaan droge lippen door een tekort aan vitamine B, ijzer, foliumzuur of zink.<\/li>\n<li><strong>Gebitsprothese.<\/strong>\u00a0Soms kan een slecht passende of slecht gereinigde gebitsprothese zorgen voor droge lippen of kapotte mondhoeken. Het is dan zaak de prothese aan te passen.<\/li>\n<\/ul>\n<\/div>\n<div class=\"block\">\n<h2>Behandeling voor je lippen<\/h2>\n<p>Je kunt droge lippen op de volgende manieren behandelen:<\/p>\n<ul>\n<li><strong>Water drinken.<\/strong>\u00a0Meer water drinken betekent meer vocht in je lichaam \u2013 en dus ook meer vocht in je lippen.<\/li>\n<li><strong>Luchtbevochtiger.<\/strong>\u00a0Om de lucht in huis wat minder droog te maken kun je, zeker in de winter, ervoor kiezen om een luchtbevochtiger in huis te gebruiken.<\/li>\n<li><strong>Sjaal.<\/strong>\u00a0Om te zorgen dat je lippen niet schraal worden van de koude buitenlucht, kun je het best je mond beschermen door een sjaal (of mondkapje) voor je mond te doen.<\/li>\n<li><strong>Niet likken.<\/strong>\u00a0Hoe verleidelijk het ook is om aan je droge lippen te likken, probeer het toch niet te doen! Je lippen drogen er namelijk alleen maar meer van uit en je kunt er zelfs eczeem van krijgen (lip lickers eczeem).<\/li>\n<li><strong>Niet plukken.\u00a0<\/strong>Nog zoiets dat deze meeste mensen graag doen bij droge lippen: plukken aan de korstjes of schilfertjes op je lippen. Ook hiervoor geldt: doe het niet! Je beschadigt er de huid van je lippen mee. Het kost dan nog meer tijd om je lippen te laten herstellen.<\/li>\n<li><strong>Lippenbalsem.\u00a0<\/strong>Gebruik tot slot een <a href=\"https:\/\/www.demondzorgzaak.nl\/oralieve-lippen-balsem-droge-mond-lippen\">goede lippenbalsem<\/a> om je lippen te bevochtigen.<\/li>\n<\/ul>\n<\/div>\n<div class=\"block\">\n<h2>Wat moet een lippenbalsem liever niet bevatten?<\/h2>\n<p>Sommige ingredi\u00ebnten in een lippenbalsem kun je maar beter vermijden.<\/p>\n<ul>\n<li><strong>Smaakje.\u00a0<\/strong>Je kunt beter geen lippenbalsem met een smaakje gebruiken. Dat lokt alleen maar uit tot meer likken aan je lippen, waardoor je lippen verder uitdrogen en je zelfs eczeem kunt krijgen.<\/li>\n<li><strong>Geur-, smaakstoffen, parfum.\u00a0<\/strong>Pas op dat de lippenbalsem niet irriterend is voor je lippen, zoals dat bij sommige lippenbalsems met een smaakje of geurtje het geval is.<\/li>\n<li><strong>Menthol, andere mintsmaken, kamfer en fenol.<\/strong> Deze toevoegingen kunnen de lippen uitdrogen.<\/li>\n<li><strong>Sodium lauryl sulfaat (SLS) of alcohol.<\/strong>\u00a0Deze toevoegingen laten je lippen alleen maar verder uitdrogen.<\/li>\n<li><strong>MOSH- of MOAH-oli\u00ebn.\u00a0<\/strong>De meeste lippenbalsems bevatten zogenaamde Mineral Oil Saturated Hydrocarbons (MOSH of verzadigde koolwaterstoffen) en Mineral Oil Aromatic Hydrocarbons (MOAH of aromatische koolwaterstoffen). Van deze twee stoffen wordt een negatief effect op de gezondheid vermoed, aldus de Consumentenbond. (2)<\/li>\n<\/ul>\n<\/div>\n<div class=\"block\">\n<h2>Welke lippenbalsems zijn goed?<\/h2>\n<p>Er bestaan meerdere goede lippenbalsems, zoals de volgende twee:<\/p>\n<h2>1. Oralieve Nourishing Lipbalm<\/h2>\n<p><img loading=\"lazy\" class=\"aligncenter wp-image-2790\" src=\"https:\/\/www.demondzorgzaak.nl\/blog\/wp-content\/uploads\/2021\/08\/lippenbalsem-300x300.png\" alt=\"lippenbalsem droge lippen\" width=\"600\" height=\"600\" srcset=\"https:\/\/www.demondzorgzaak.nl\/blog\/wp-content\/uploads\/2021\/08\/lippenbalsem-300x300.png 300w, https:\/\/www.demondzorgzaak.nl\/blog\/wp-content\/uploads\/2021\/08\/lippenbalsem-1024x1024.png 1024w, https:\/\/www.demondzorgzaak.nl\/blog\/wp-content\/uploads\/2021\/08\/lippenbalsem-150x150.png 150w, https:\/\/www.demondzorgzaak.nl\/blog\/wp-content\/uploads\/2021\/08\/lippenbalsem-768x768.png 768w, https:\/\/www.demondzorgzaak.nl\/blog\/wp-content\/uploads\/2021\/08\/lippenbalsem.png 1200w\" sizes=\"(max-width: 600px) 100vw, 600px\" \/><\/p>\n<p>De lippenbalsem van <a href=\"https:\/\/www.demondzorgzaak.nl\/oralieve-lippen-balsem-droge-mond-lippen\">Oralieve Nourishing Lipbalm<\/a> is erg verzorgend voor je lippen en <span style=\"text-decoration: underline;\">volledig veilig<\/span>. Geen gekke smaakjes, geurstoffen, SLS of alcohol, MOSH- of MOAH-oli\u00ebn.<\/p>\n<p>Deze <a href=\"https:\/\/www.demondzorgzaak.nl\/oralieve-lippen-balsem-droge-mond-lippen\">lippenbalsem<\/a> zorgt voor natuurlijke hydratatie, die lange tijd aanhoudt. Je hoeft dus niet de hele dag door te smeren. Maar dat k\u00e1n wel.<\/p>\n<p>Oralieve is heel <strong>geschikt voor iedereen met droge lippen:<\/strong> of je die nu hebt vanwege het weer, een chronische aandoening, ouderdom, een droge mond, of gewoon omdat je er gevoeliger voor bent.<\/p>\n<p><strong>Ingredi\u00ebnten:<\/strong><br \/>\nSorbitol, plantaardige glycerine, water, carbomer (smeermiddel), sorbicacid, hydroxyethylcellulose, sodium hydroxide, benzoic acid, glucose, dosodium phosphate, aloe vera.<\/p>\n<div class=\"orange-button-wrapper\" style=\"max-width: 50%;\"><a href=\"https:\/\/www.demondzorgzaak.nl\/oralieve-lippen-balsem-droge-mond-lippen\">Bekijk product<\/a><\/div>\n<p>&nbsp;<\/p>\n<\/div>\n<div class=\"block\">\n<h2>2. Swiss Energy 3-in-1 Lip Balm<\/h2>\n<p><img loading=\"lazy\" class=\"wp-image-2789 size-full aligncenter\" src=\"https:\/\/www.demondzorgzaak.nl\/blog\/wp-content\/uploads\/2021\/08\/3_in_1_multi_lip_balm-e1706703443438.png\" alt=\"Swiss energy lippenbalsem droge lippen\" width=\"579\" height=\"663\" srcset=\"https:\/\/www.demondzorgzaak.nl\/blog\/wp-content\/uploads\/2021\/08\/3_in_1_multi_lip_balm-e1706703443438.png 579w, https:\/\/www.demondzorgzaak.nl\/blog\/wp-content\/uploads\/2021\/08\/3_in_1_multi_lip_balm-e1706703443438-262x300.png 262w\" sizes=\"(max-width: 579px) 100vw, 579px\" \/><\/p>\n<p>Ook deze lippenbalsem is volledig veilig, effectief en verzorgend. Bovendien met enkel natuurlijke ingredi\u00ebnten. Ook in deze lippenbalsem tref je geen smaakjes, geurstoffen, SLS, alcohol, MOSH- of MOAH-oli\u00ebn aan.<\/p>\n<p>Swiss Energy herstelt de vochtbalans in je lippen, verzachten je lippen en zorgt voor een rustgevend effect. Het voedt en versterkt gevoelige lippen.<\/p>\n<p>Deze lippenbalsem is erg romig en heeft een cr\u00e8me-achtige structuur. Daardoor is de balsem makkelijk aan te brengen en wordt hij goed opgenomen.<\/p>\n<p>Swiss Energy bevat:<\/p>\n<ul>\n<li>Dermofeel viscolid.\u00a0Dit is een nieuw, volledig natuurlijk ingredi\u00ebnt om natuurlijke oli\u00ebn om te zetten in een delicate romige textuur. Het verbetert de opname van natuurlijke oli\u00ebn en verhoogt de effici\u00ebntie.<\/li>\n<li>Kamille.\u00a0Het bisabolol-extract in de lippenbalsem wordt verkregen uit kamille. Dit gaat huidirritaties tegen, werkt ontstekingsremmend en antimicrobieel.<\/li>\n<li>Duindoornextract.\u00a0De duindoorn in de lippenbalsem bevat verschillende vitamines, die je lippen voeden.<\/li>\n<\/ul>\n<p>Ingredi\u00ebnten:<br \/>\nDermofeel\u00ae viscolid, Bisabolol, moringa-olie, duindoornextract, rozemarijnextract.<\/p>\n<\/div>\n<div class=\"block\">\n<h2>Wanneer is het goed om naar een arts te gaan?<\/h2>\n<p>Heb je al deze tips gebruikt en blijven je lippen nog steeds droog? Of heb je ontstoken lippen, erg gebarsten mondhoeken, eczeem op of rond je lippen, gekke plekjes op de lip, een blaartje, zweertje of kloofje op de lip dat niet geneest of steeds terugkeert? Dan is het goed om langs je huisarts of dermatoloog te gaan.<\/p>\n<\/div>\n<div class=\"block\">\n<h2>Zijn lippenbalsems verslavend?<\/h2>\n<p>Tot slot nog dit: sommige mensen geloven dat je niet aan lippenbalsems zou moeten beginnen, omdat deze verslavend zouden werken. Dat is niet zo. Pieter-Jan Coenraads, hoogleraar Dermatologie aan het Groningse UMCG, legde in 2011 in de Volkskrant uit hoe dat zit. (4)<\/p>\n<p>De opperhuid van de lippen bestaat uit eiwitdraden en verschillende soorten vetten, aldus Coenraads. Die balans luistert nauw en bepaalt in hoeverre de lippen vocht kunnen vasthouden.<\/p>\n<p>Volgens Coenraads levert een verstoring van de balans tussen eiwitdraden van de opperhuid van de lippen en verschillende soorten vetten droge lippen op. Als mensen lippenbalsem gebruiken tegen droge lippen zonder de onderliggende oorzaak aan te pakken, geven ze ten onrechte de balsem de schuld van hun aanhoudende klachten, aldus Coenraads in de Volkskrant.<\/p>\n<p>Hij denkt eerder dat het constante gebruik van de balsem door het gedrag van gebruikers wordt uitgelokt. Lippenbalsem bevordert misschien dat mensen vaker aan hun lippen likken. Een smaakje verergert dat gedrag nog meer. Coenraads legt uit dat als de huid nat wordt, opdroogt en weer nat wordt, al snel uitdroging ontstaat. De verslaving zit dus niet in de balsem, maar in het hoofd, aldus Coenraads.<\/p>\n<\/div>\n<div class=\"block\">\n<h2>Literatuur<\/h2>\n<p>Geraadpleegde bronnen<\/p>\n<ol>\n<li>Kadu M, Vishwasrao S, Singh S. Review on Natural Lip Balm. International Journal of Research in Cosmetic Science 2015; 5(1): 1<\/li>\n<li>https:\/\/www.consumentenbond.nl\/test\/voeding-gezondheid\/veelgestelde-vragen-over-kankerverwekkende-stoffen-in-lippenbalsem<\/li>\n<li>https:\/\/www.researchgate.net\/publication\/301204451_Review_on_Natural_Lip_Balm<\/li>\n<li>&#8216;Lippenbalsemverslaving zit in het hoofd, n\u00edet in de balsem&#8217;. De Volkskrant. 28\/11\/2011.<\/li>\n<li>https:\/\/www.volkskrant.nl\/mensen\/lippenbalsemverslaving-zit-in-het-hoofd-niet-in-de-balsem~b0579160\/<\/li>\n<\/ol>\n<\/div>\n","protected":false},"excerpt":{"rendered":"<p>Symptomen van droge lippen Heb je last van droge lippen? Dan herken je waarschijnlijk een of meerdere van deze symptomen: rode lippen kloofjes, scheurtjes, barstjes korstjes schilfertjes beetje bobbelig oppervlak zwelling wondjes die bloeden gebarsten mondhoeken De medische term voor droge lippen is \u2018cheilosis\u2019. Als je vooral last hebt van droge, kapotte mondhoeken, kan het &#8230; <a title=\"Droge Lippen? 5 Oorzaken &#038; Tips (2026)\" class=\"read-more\" href=\"https:\/\/www.demondzorgzaak.nl\/blog\/droge-lippen-5-oorzaken-tips-2021\/\" aria-label=\"More on Droge Lippen? 5 Oorzaken &#038; Tips (2026)\">Read more<\/a><\/p>\n","protected":false},"author":2,"featured_media":0,"parent":0,"menu_order":0,"comment_status":"closed","ping_status":"closed","template":"","meta":[],"acf":[],"yoast_head":"<!-- This site is optimized with the Yoast SEO plugin v19.6 - https:\/\/yoast.com\/wordpress\/plugins\/seo\/ -->\n<title>Droge Lippen? 5 Oorzaken &amp; Tips (2026) - DeMondzorgZaak<\/title>\n<meta name=\"description\" content=\"Last van droge lippen? In dit artikel vind je enkele tips en trucs om droge lippen te voorkomen en te leren waarom je lippen droog zijn.\" \/>\n<meta name=\"robots\" content=\"index, follow, max-snippet:-1, max-image-preview:large, max-video-preview:-1\" \/>\n<link rel=\"canonical\" href=\"https:\/\/www.demondzorgzaak.nl\/blog\/droge-lippen-5-oorzaken-tips-2021\/\" \/>\n<meta property=\"og:locale\" content=\"en_US\" \/>\n<meta property=\"og:type\" content=\"article\" \/>\n<meta property=\"og:title\" content=\"Droge Lippen? 5 Oorzaken &amp; Tips (2026) - DeMondzorgZaak\" \/>\n<meta property=\"og:description\" content=\"Last van droge lippen? In dit artikel vind je enkele tips en trucs om droge lippen te voorkomen en te leren waarom je lippen droog zijn.\" \/>\n<meta property=\"og:url\" content=\"https:\/\/www.demondzorgzaak.nl\/blog\/droge-lippen-5-oorzaken-tips-2021\/\" \/>\n<meta property=\"og:site_name\" content=\"DeMondzorgZaak\" \/>\n<meta property=\"article:modified_time\" content=\"2025-12-31T09:04:38+00:00\" \/>\n<meta property=\"og:image\" content=\"https:\/\/www.demondzorgzaak.nl\/blog\/wp-content\/uploads\/2022\/01\/dry-lips-300x188.png\" \/>\n<meta name=\"twitter:card\" content=\"summary_large_image\" \/>\n<meta name=\"twitter:label1\" content=\"Est. reading time\" \/>\n\t<meta name=\"twitter:data1\" content=\"7 minutes\" \/>\n<script type=\"application\/ld+json\" class=\"yoast-schema-graph\">{\"@context\":\"https:\/\/schema.org\",\"@graph\":[{\"@type\":\"WebPage\",\"@id\":\"https:\/\/www.demondzorgzaak.nl\/blog\/droge-lippen-5-oorzaken-tips-2021\/\",\"url\":\"https:\/\/www.demondzorgzaak.nl\/blog\/droge-lippen-5-oorzaken-tips-2021\/\",\"name\":\"Droge Lippen? 5 Oorzaken & Tips (2026) - DeMondzorgZaak\",\"isPartOf\":{\"@id\":\"https:\/\/www.demondzorgzaak.nl\/blog\/#website\"},\"datePublished\":\"2021-03-28T12:10:40+00:00\",\"dateModified\":\"2025-12-31T09:04:38+00:00\",\"description\":\"Last van droge lippen? In dit artikel vind je enkele tips en trucs om droge lippen te voorkomen en te leren waarom je lippen droog zijn.\",\"breadcrumb\":{\"@id\":\"https:\/\/www.demondzorgzaak.nl\/blog\/droge-lippen-5-oorzaken-tips-2021\/#breadcrumb\"},\"inLanguage\":\"en-US\",\"potentialAction\":[{\"@type\":\"ReadAction\",\"target\":[\"https:\/\/www.demondzorgzaak.nl\/blog\/droge-lippen-5-oorzaken-tips-2021\/\"]}]},{\"@type\":\"BreadcrumbList\",\"@id\":\"https:\/\/www.demondzorgzaak.nl\/blog\/droge-lippen-5-oorzaken-tips-2021\/#breadcrumb\",\"itemListElement\":[{\"@type\":\"ListItem\",\"position\":1,\"name\":\"Home\",\"item\":\"https:\/\/www.demondzorgzaak.nl\/blog\/\"},{\"@type\":\"ListItem\",\"position\":2,\"name\":\"Droge Lippen? 5 Oorzaken &#038; Tips (2026)\"}]},{\"@type\":\"WebSite\",\"@id\":\"https:\/\/www.demondzorgzaak.nl\/blog\/#website\",\"url\":\"https:\/\/www.demondzorgzaak.nl\/blog\/\",\"name\":\"DeMondzorgZaak\",\"description\":\"100 Tips Bij Slechte Adem, Droge Mond &amp; Ontstoken Tandvlees (LeesTip)\",\"publisher\":{\"@id\":\"https:\/\/www.demondzorgzaak.nl\/blog\/#organization\"},\"potentialAction\":[{\"@type\":\"SearchAction\",\"target\":{\"@type\":\"EntryPoint\",\"urlTemplate\":\"https:\/\/www.demondzorgzaak.nl\/blog\/?s={search_term_string}\"},\"query-input\":\"required name=search_term_string\"}],\"inLanguage\":\"en-US\"},{\"@type\":\"Organization\",\"@id\":\"https:\/\/www.demondzorgzaak.nl\/blog\/#organization\",\"name\":\"De Mondzorgzaak\",\"url\":\"https:\/\/www.demondzorgzaak.nl\/blog\/\",\"sameAs\":[],\"logo\":{\"@type\":\"ImageObject\",\"inLanguage\":\"en-US\",\"@id\":\"https:\/\/www.demondzorgzaak.nl\/blog\/#\/schema\/logo\/image\/\",\"url\":\"https:\/\/www.demondzorgzaak.nl\/blog\/wp-content\/uploads\/2018\/07\/demondzorgzaak-logo.png\",\"contentUrl\":\"https:\/\/www.demondzorgzaak.nl\/blog\/wp-content\/uploads\/2018\/07\/demondzorgzaak-logo.png\",\"width\":338,\"height\":48,\"caption\":\"De Mondzorgzaak\"},\"image\":{\"@id\":\"https:\/\/www.demondzorgzaak.nl\/blog\/#\/schema\/logo\/image\/\"}}]}<\/script>\n<!-- \/ Yoast SEO plugin. -->","yoast_head_json":{"title":"Droge Lippen? 5 Oorzaken & Tips (2026) - DeMondzorgZaak","description":"Last van droge lippen? In dit artikel vind je enkele tips en trucs om droge lippen te voorkomen en te leren waarom je lippen droog zijn.","robots":{"index":"index","follow":"follow","max-snippet":"max-snippet:-1","max-image-preview":"max-image-preview:large","max-video-preview":"max-video-preview:-1"},"canonical":"https:\/\/www.demondzorgzaak.nl\/blog\/droge-lippen-5-oorzaken-tips-2021\/","og_locale":"en_US","og_type":"article","og_title":"Droge Lippen? 5 Oorzaken & Tips (2026) - DeMondzorgZaak","og_description":"Last van droge lippen? In dit artikel vind je enkele tips en trucs om droge lippen te voorkomen en te leren waarom je lippen droog zijn.","og_url":"https:\/\/www.demondzorgzaak.nl\/blog\/droge-lippen-5-oorzaken-tips-2021\/","og_site_name":"DeMondzorgZaak","article_modified_time":"2025-12-31T09:04:38+00:00","og_image":[{"url":"https:\/\/www.demondzorgzaak.nl\/blog\/wp-content\/uploads\/2022\/01\/dry-lips-300x188.png"}],"twitter_card":"summary_large_image","twitter_misc":{"Est. reading time":"7 minutes"},"schema":{"@context":"https:\/\/schema.org","@graph":[{"@type":"WebPage","@id":"https:\/\/www.demondzorgzaak.nl\/blog\/droge-lippen-5-oorzaken-tips-2021\/","url":"https:\/\/www.demondzorgzaak.nl\/blog\/droge-lippen-5-oorzaken-tips-2021\/","name":"Droge Lippen? 5 Oorzaken & Tips (2026) - DeMondzorgZaak","isPartOf":{"@id":"https:\/\/www.demondzorgzaak.nl\/blog\/#website"},"datePublished":"2021-03-28T12:10:40+00:00","dateModified":"2025-12-31T09:04:38+00:00","description":"Last van droge lippen? In dit artikel vind je enkele tips en trucs om droge lippen te voorkomen en te leren waarom je lippen droog zijn.","breadcrumb":{"@id":"https:\/\/www.demondzorgzaak.nl\/blog\/droge-lippen-5-oorzaken-tips-2021\/#breadcrumb"},"inLanguage":"en-US","potentialAction":[{"@type":"ReadAction","target":["https:\/\/www.demondzorgzaak.nl\/blog\/droge-lippen-5-oorzaken-tips-2021\/"]}]},{"@type":"BreadcrumbList","@id":"https:\/\/www.demondzorgzaak.nl\/blog\/droge-lippen-5-oorzaken-tips-2021\/#breadcrumb","itemListElement":[{"@type":"ListItem","position":1,"name":"Home","item":"https:\/\/www.demondzorgzaak.nl\/blog\/"},{"@type":"ListItem","position":2,"name":"Droge Lippen? 5 Oorzaken &#038; Tips (2026)"}]},{"@type":"WebSite","@id":"https:\/\/www.demondzorgzaak.nl\/blog\/#website","url":"https:\/\/www.demondzorgzaak.nl\/blog\/","name":"DeMondzorgZaak","description":"100 Tips Bij Slechte Adem, Droge Mond &amp; Ontstoken Tandvlees (LeesTip)","publisher":{"@id":"https:\/\/www.demondzorgzaak.nl\/blog\/#organization"},"potentialAction":[{"@type":"SearchAction","target":{"@type":"EntryPoint","urlTemplate":"https:\/\/www.demondzorgzaak.nl\/blog\/?s={search_term_string}"},"query-input":"required name=search_term_string"}],"inLanguage":"en-US"},{"@type":"Organization","@id":"https:\/\/www.demondzorgzaak.nl\/blog\/#organization","name":"De Mondzorgzaak","url":"https:\/\/www.demondzorgzaak.nl\/blog\/","sameAs":[],"logo":{"@type":"ImageObject","inLanguage":"en-US","@id":"https:\/\/www.demondzorgzaak.nl\/blog\/#\/schema\/logo\/image\/","url":"https:\/\/www.demondzorgzaak.nl\/blog\/wp-content\/uploads\/2018\/07\/demondzorgzaak-logo.png","contentUrl":"https:\/\/www.demondzorgzaak.nl\/blog\/wp-content\/uploads\/2018\/07\/demondzorgzaak-logo.png","width":338,"height":48,"caption":"De Mondzorgzaak"},"image":{"@id":"https:\/\/www.demondzorgzaak.nl\/blog\/#\/schema\/logo\/image\/"}}]}},"_links":{"self":[{"href":"https:\/\/www.demondzorgzaak.nl\/blog\/wp-json\/wp\/v2\/pages\/2461"}],"collection":[{"href":"https:\/\/www.demondzorgzaak.nl\/blog\/wp-json\/wp\/v2\/pages"}],"about":[{"href":"https:\/\/www.demondzorgzaak.nl\/blog\/wp-json\/wp\/v2\/types\/page"}],"author":[{"embeddable":true,"href":"https:\/\/www.demondzorgzaak.nl\/blog\/wp-json\/wp\/v2\/users\/2"}],"replies":[{"embeddable":true,"href":"https:\/\/www.demondzorgzaak.nl\/blog\/wp-json\/wp\/v2\/comments?post=2461"}],"version-history":[{"count":54,"href":"https:\/\/www.demondzorgzaak.nl\/blog\/wp-json\/wp\/v2\/pages\/2461\/revisions"}],"predecessor-version":[{"id":4988,"href":"https:\/\/www.demondzorgzaak.nl\/blog\/wp-json\/wp\/v2\/pages\/2461\/revisions\/4988"}],"wp:attachment":[{"href":"https:\/\/www.demondzorgzaak.nl\/blog\/wp-json\/wp\/v2\/media?parent=2461"}],"curies":[{"name":"wp","href":"https:\/\/api.w.org\/{rel}","templated":true}]}}