{"id":1901,"date":"2020-08-14T11:37:27","date_gmt":"2020-08-14T09:37:27","guid":{"rendered":"https:\/\/www.demondzorgzaak.nl\/blog\/?page_id=1901"},"modified":"2024-04-22T21:13:40","modified_gmt":"2024-04-22T19:13:40","slug":"test-de-kwaliteit-van-je-adem","status":"publish","type":"page","link":"https:\/\/www.demondzorgzaak.nl\/blog\/test-de-kwaliteit-van-je-adem\/","title":{"rendered":"Test De Kwaliteit Van Je Adem"},"content":{"rendered":"<div class=\"block\">\n<h2>1. Kijk in de spiegel en inspecteer de achterkant van je tong. Zie je een witgele aanslag?<\/h2>\n<p><img loading=\"lazy\" class=\"aligncenter wp-image-3234\" src=\"https:\/\/www.demondzorgzaak.nl\/blog\/wp-content\/uploads\/2022\/01\/tongschraper-300x188.png\" alt=\"tongschraper\" width=\"600\" height=\"375\" srcset=\"https:\/\/www.demondzorgzaak.nl\/blog\/wp-content\/uploads\/2022\/01\/tongschraper-300x188.png 300w, https:\/\/www.demondzorgzaak.nl\/blog\/wp-content\/uploads\/2022\/01\/tongschraper-768x480.png 768w, https:\/\/www.demondzorgzaak.nl\/blog\/wp-content\/uploads\/2022\/01\/tongschraper.png 800w\" sizes=\"(max-width: 600px) 100vw, 600px\" \/><\/p>\n<p>Wit of gelige aanslag op de tong duidt op een slechte adem. Hoe ruwer je tong, hoe meer bacteri\u00ebn erin verstrikt raken en hoe meer stinkende ademgeur ze produceren. Bij 90% van de mensen die in het ziekenhuis worden onderzocht op ademklachten, bevindt de oorzaak zich op de tong.<\/p>\n<p>Aanslag kun je het beste wegpoetsen met een bewezen tongreiniger, zoals de <a href=\"https:\/\/www.demondzorgzaak.nl\/oravall-elektrische-tongreiniger-blauw\">elektrische tongborstel van Oravall<\/a> en een <a href=\"https:\/\/www.demondzorgzaak.nl\/oravall-mondspray-slechte-adem\">ontsmettende tongspray met actieve zuurstof<\/a>.<\/p>\n<p>Besprenkel je tong vervolgens met het <a href=\"https:\/\/www.demondzorgzaak.nl\/bergenfeld-witte-tong-serum\">tongserum van Bergenfeld<\/a> en de bacteri\u00eble aanslag is vrij eenvoudig verwijderd van de tong.<\/p>\n<\/div>\n<div class=\"block\">\n<h2>2. Word je &#8216;s ochtends vaak wakker met een droge mond?<\/h2>\n<p>Bijna iedereen wordt &#8216;s ochtends wakker met een droge mond. Een kleinere groep mensen heeft \u00f3\u00f3k overdag last van monddroogheid. Een droge mond is d\u00e9 ideale leefomgeving voor bacteri\u00ebn. Hoe droger de mond, des te slechter de adem. Speeksel beschermt je mondholte tegen bacteri\u00ebn. Omdat speekselklieren tijdens het slapen geen speeksel produceren \u00e9n we meestal door de mond ademen, droogt de mond uit.<\/p>\n<p>Bacteri\u00ebn kunnen nu ongestoord stinkende gassen cre\u00ebren en mondweefsels aantasten. Overdag kan je mond verdrogen door overmatig spreken, sporten, verkeerde verzorgingsproducten of een aandoening.<\/p>\n<p>Een droge mond voorkom je het meest eenvoudig met speekselopwekkende <a href=\"https:\/\/www.demondzorgzaak.nl\/ora-relieve-starter-kit\">producten die enzymen bevatten<\/a> en door simpelweg genoeg water te drinken. Eventueel kan het veranderen van tandpasta of mondwater meehelpen. Waarom leggen we uit bij punt 3.<\/p>\n<\/div>\n<div class=\"block\">\n<h2>3. Zit er alcohol of sodium lauryl sulfaat in de tandpasta of mondspoeling die je nu gebruikt?<\/h2>\n<p>Zit er sodium lauryl sulfaat of alcohol in je tandpasta of mondwater? Pas dan een beetje op. Alcohol verdroogt je mond en sodium lauryl sulfaat veroorzaakt microscopische wondjes in de slijmvliezen door haar agressieve en bijtende werking. Dit veroorzaakt niet alleen aften en mondzweren, het afgeschaafde mondafval wordt \u00f3\u00f3k omgezet door bacteri\u00ebn in zwavelgeur.<\/p>\n<p>Gebruik daarom liever een milde tandpasta zoals Oxyfresh of RyttPro<strong>\u00ae<\/strong>. RyttPro<strong>\u00ae<\/strong>\u00a0Tandpasta Magic Mint (verrijkt met de innovatieve\u00a0<strong>OZ-3X\u2122 technologie<\/strong>) is speciaal ontwikkeld voor mensen met chronisch slechte adem, amandelstenen, tongbeslag, tandsteen, dysgeusie en tandvleesproblemen.<span class=\"Apple-converted-space\">\u00a0<\/span> De moderne <strong>OZ-3X\u2122 technologie<\/strong> stimuleert niet alleen de speekseltoevoer, het verzorgt \u00f3\u00f3k het tandvlees en maakt tandglazuur sterker.<\/p>\n<p><a href=\"https:\/\/www.demondzorgzaak.nl\/ryttpro-tandpasta-magic-mint-75ml\">Bekijk de RyttPro tandpasta hier.\u00a0<\/a><\/p>\n<\/div>\n<div class=\"block\">\n<h2>4. Heb je wel eens een bittere smaak in je mond?<\/h2>\n<p>Wanneer je een bittere smaak in de mond hebt, kan dit mogelijkerwijs duiden op slechte adem. An\u00e4erobe bacteri\u00ebn in de sinussen, amandelen, tussen de tandvleesranden en op de tong zetten voedselresten en eiwitten om in stinkende sulfurverbindingen.<\/p>\n<p>De gassen die vrijkomen hebben niet alleen een toxisch effect op je mondslijmvlies, ze bezorgen je \u00f3\u00f3k een vieze en bittere smaak in de mond.<\/p>\n<p>&nbsp;<\/p>\n<\/div>\n<div class=\"block\">\n<h2>5. Ben je vaak allergisch of heb je het idee dat er wel eens slijm ophoopt in je neusholte of tussen je keel en neusholte?<\/h2>\n<p>Wanneer je last hebt van een allergie of verstopte sinussen bestaat er een grote kans dat je last hebt van stinkende ademgeur. Hoe meer slijmophoping in de holtes, hoe minder sterk de reinigende kracht van speeksel is. Bacteri\u00ebn kunnen daarom ongestoord een slechte adem produceren vanuit de sinussen.<\/p>\n<p>De uit Amerika overgewaaide <a href=\"https:\/\/www.demondzorgzaak.nl\/tonsilfresh-nasal-sinus-drops\">TonsilFresh Nasal Sinus Drops<\/a> vernietigen deze neusbacteri\u00ebn in een handomdraai.<\/p>\n<\/div>\n<div class=\"block\">\n<h2>6. Drink of eet je veel melkproducten?<\/h2>\n<p><img loading=\"lazy\" class=\"aligncenter wp-image-3236\" src=\"https:\/\/www.demondzorgzaak.nl\/blog\/wp-content\/uploads\/2022\/01\/droge-mond-300x188.png\" alt=\"\" width=\"600\" height=\"375\" srcset=\"https:\/\/www.demondzorgzaak.nl\/blog\/wp-content\/uploads\/2022\/01\/droge-mond-300x188.png 300w, https:\/\/www.demondzorgzaak.nl\/blog\/wp-content\/uploads\/2022\/01\/droge-mond-768x480.png 768w, https:\/\/www.demondzorgzaak.nl\/blog\/wp-content\/uploads\/2022\/01\/droge-mond.png 800w\" sizes=\"(max-width: 600px) 100vw, 600px\" \/><\/p>\n<p>Zuivelproducten bevatten veel eiwitten. Houd er rekening mee dat eiwitten uit melk en kaas (die achterblijven in de mond) bijzonder graag door bacteri\u00ebn worden omgezet in stinkende ademgassen.<\/p>\n<p>Dus wanneer je zuivel hebt gegeten, poets DIRECT daarna je tong met een Orabrush en spoel de bacteri\u00ebn zo snel mogelijk weg, met bijvoorbeeld <a href=\"https:\/\/www.demondzorgzaak.nl\/oxyfresh-mondwater\">OxyFresh mondwater<\/a>.<\/p>\n<\/div>\n<div class=\"block\">\n<h2>7. Heb je wel eens last van gele, stinkende brokjes in je keel(amandelen)?<\/h2>\n<p>Amandelsteentjes zijn witte stinkende stukjes bestaande uit bacteri\u00ebn, voedselresten en calcium die zich ophopen in de crypten van je amandelen. Ze worden gevormd door an\u00e4erobe bacteri\u00ebn die zich bevinden op de tong, keel en sinussen. Tonsilstones scheiden een zeer onaangename geur af, waardoor je flink uit je mond kunt ruiken.<\/p>\n<p>Wij hebben voor jou een aantal slimme instrumenten tegen amandelsteentjes.<\/p>\n<p><a href=\"https:\/\/www.demondzorgzaak.nl\/oplossing\/amandelstenen\">Bekijk de instrumenten hier.\u00a0<\/a><\/p>\n<\/div>\n<div class=\"block\">\n<h2>8. Heb je wel een last van cari\u00ebs of tandsteen?<\/h2>\n<p>Het hebben van tandsteen of cari\u00ebs is een mogelijke oorzaak van slechte adem. Tandsteen of cari\u00ebs zorgt voor een ruwer tandoppervlak. Hoe ruwer de tand, hoe groter de kans bestaat dat bacteri\u00ebn erin verstrikt raken.<\/p>\n<p>Hoe meer bacteri\u00ebn zich in de mond begeven, hoe slechter de ademkwaliteit. <strong>RyttPro &amp; Oxyfresh tandpasta<\/strong> zijn vanwege de oxiderende eigenschappen, \u00e9\u00e9n van de beste tandpasta&#8217;s ter wereld.<\/p>\n<\/div>\n<div class=\"block\">\n<h2>9. Heb je wel eens aften of kleine zweertjes in je mond?<\/h2>\n<p>Als je last hebt van aften of zweertjes in de mond heeft dat een negatieve invloed op de ademkwaliteit. Zweertjes en aften trekken an\u00e4erobe bacteri\u00ebn aan.<\/p>\n<p><a href=\"https:\/\/www.demondzorgzaak.nl\/blog\/10-beste-middelen-tegen-aften-tip\/\">Bekijk hier de 10 beste middelen tegen aften<\/a><\/p>\n<\/div>\n<div class=\"block\">\n<h2>10. Heb je soms last van gevoelig en ontstoken tandvlees?<\/h2>\n<p>Als je last hebt van bloedend, ontstoken of gevoelig tandvlees is de kans groot dat je minder lekker uit je mond ruikt. Het vrijgekomen bloed, kapotte mondweefsel en creviculaire vloeistof is een geliefd product voor an\u00e4erobe bacteri\u00ebn.<\/p>\n<p><a href=\"https:\/\/www.demondzorgzaak.nl\/oplossing\/ontstoken-tandvlees\">Bewezen middelen tegen ongezond tandvlees vind je hier<\/a>.<\/p>\n<\/div>\n<div class=\"block\">\n<h2>BONUSTIP: Gebruik de Hali-Q Ademtester<\/h2>\n<p>Wil je het jezelf gemakkelijk maken en altijd kunnen meten wat de kwaliteit van je adem is? Dan is de Hali-Q Ademtester een perfecte oplossing. Binnen 4 seconden weet jij de kwaliteit van je adem.<\/p>\n<p>De HaliQ tester voor slechte adem detecteert de hoeveelheid volatiele zwavelverbindingen (stinkende gassen) dat ook methylmercaptaan wordt genoemd. Als er geen geur wordt gemeten is het cijfer 0. Als er veel geur wordt gemeten is het cijfer 4. Bij het cijfer 3 of 4 weet je dat je iets aan je ademgeur moet doen om te voorkomen dat andere mensen je ruiken.<\/p>\n<p><a href=\"https:\/\/www.demondzorgzaak.nl\/haliq-slechte-adem-tester\"><img loading=\"lazy\" class=\"alignnone size-medium wp-image-3963\" src=\"https:\/\/www.demondzorgzaak.nl\/blog\/wp-content\/uploads\/2024\/04\/haliq_bad_breath_slechte_adem_tester-300x236.png\" alt=\"haliq_bad_breath_slechte_adem_tester\" width=\"300\" height=\"236\" srcset=\"https:\/\/www.demondzorgzaak.nl\/blog\/wp-content\/uploads\/2024\/04\/haliq_bad_breath_slechte_adem_tester-300x236.png 300w, https:\/\/www.demondzorgzaak.nl\/blog\/wp-content\/uploads\/2024\/04\/haliq_bad_breath_slechte_adem_tester.png 700w\" sizes=\"(max-width: 300px) 100vw, 300px\" \/><\/a><\/p>\n<div class=\"orange-button-wrapper\" style=\"width:fit-content;padding:5px;\"><a href=\"https:\/\/www.demondzorgzaak.nl\/haliq-slechte-adem-tester\">Bekijk de Hali-Q Ademtester<\/a><\/div>\n<p>&nbsp;<\/p>\n<\/div>\n","protected":false},"excerpt":{"rendered":"<p>1. Kijk in de spiegel en inspecteer de achterkant van je tong. Zie je een witgele aanslag? Wit of gelige aanslag op de tong duidt op een slechte adem. Hoe ruwer je tong, hoe meer bacteri\u00ebn erin verstrikt raken en hoe meer stinkende ademgeur ze produceren. Bij 90% van de mensen die in het ziekenhuis &#8230; <a title=\"Test De Kwaliteit Van Je Adem\" class=\"read-more\" href=\"https:\/\/www.demondzorgzaak.nl\/blog\/test-de-kwaliteit-van-je-adem\/\" aria-label=\"More on Test De Kwaliteit Van Je Adem\">Read more<\/a><\/p>\n","protected":false},"author":2,"featured_media":0,"parent":0,"menu_order":0,"comment_status":"closed","ping_status":"closed","template":"","meta":[],"acf":[],"yoast_head":"<!-- This site is optimized with the Yoast SEO plugin v19.6 - https:\/\/yoast.com\/wordpress\/plugins\/seo\/ -->\n<title>Hoe weet je of je adem stinkt? 10 Vragen om te stellen + Bonustip<\/title>\n<meta name=\"description\" content=\"Twijfel je wel eens aan de kwaliteit van je adem? Hoe kom je erachter of je adem stinkt. Lees onze blog.\" \/>\n<meta name=\"robots\" content=\"index, follow, max-snippet:-1, max-image-preview:large, max-video-preview:-1\" \/>\n<link rel=\"canonical\" href=\"https:\/\/www.demondzorgzaak.nl\/blog\/test-de-kwaliteit-van-je-adem\/\" \/>\n<meta property=\"og:locale\" content=\"en_US\" \/>\n<meta property=\"og:type\" content=\"article\" \/>\n<meta property=\"og:title\" content=\"Hoe weet je of je adem stinkt? 10 Vragen om te stellen + Bonustip\" \/>\n<meta property=\"og:description\" content=\"Twijfel je wel eens aan de kwaliteit van je adem? Hoe kom je erachter of je adem stinkt. Lees onze blog.\" \/>\n<meta property=\"og:url\" content=\"https:\/\/www.demondzorgzaak.nl\/blog\/test-de-kwaliteit-van-je-adem\/\" \/>\n<meta property=\"og:site_name\" content=\"DeMondzorgZaak\" \/>\n<meta property=\"article:modified_time\" content=\"2024-04-22T19:13:40+00:00\" \/>\n<meta property=\"og:image\" content=\"https:\/\/www.demondzorgzaak.nl\/blog\/wp-content\/uploads\/2022\/01\/tongschraper-300x188.png\" \/>\n<meta name=\"twitter:card\" content=\"summary_large_image\" \/>\n<meta name=\"twitter:label1\" content=\"Est. reading time\" \/>\n\t<meta name=\"twitter:data1\" content=\"5 minutes\" \/>\n<script type=\"application\/ld+json\" class=\"yoast-schema-graph\">{\"@context\":\"https:\/\/schema.org\",\"@graph\":[{\"@type\":\"WebPage\",\"@id\":\"https:\/\/www.demondzorgzaak.nl\/blog\/test-de-kwaliteit-van-je-adem\/\",\"url\":\"https:\/\/www.demondzorgzaak.nl\/blog\/test-de-kwaliteit-van-je-adem\/\",\"name\":\"Hoe weet je of je adem stinkt? 10 Vragen om te stellen + Bonustip\",\"isPartOf\":{\"@id\":\"https:\/\/www.demondzorgzaak.nl\/blog\/#website\"},\"datePublished\":\"2020-08-14T09:37:27+00:00\",\"dateModified\":\"2024-04-22T19:13:40+00:00\",\"description\":\"Twijfel je wel eens aan de kwaliteit van je adem? Hoe kom je erachter of je adem stinkt. Lees onze blog.\",\"breadcrumb\":{\"@id\":\"https:\/\/www.demondzorgzaak.nl\/blog\/test-de-kwaliteit-van-je-adem\/#breadcrumb\"},\"inLanguage\":\"en-US\",\"potentialAction\":[{\"@type\":\"ReadAction\",\"target\":[\"https:\/\/www.demondzorgzaak.nl\/blog\/test-de-kwaliteit-van-je-adem\/\"]}]},{\"@type\":\"BreadcrumbList\",\"@id\":\"https:\/\/www.demondzorgzaak.nl\/blog\/test-de-kwaliteit-van-je-adem\/#breadcrumb\",\"itemListElement\":[{\"@type\":\"ListItem\",\"position\":1,\"name\":\"Home\",\"item\":\"https:\/\/www.demondzorgzaak.nl\/blog\/\"},{\"@type\":\"ListItem\",\"position\":2,\"name\":\"Test De Kwaliteit Van Je Adem\"}]},{\"@type\":\"WebSite\",\"@id\":\"https:\/\/www.demondzorgzaak.nl\/blog\/#website\",\"url\":\"https:\/\/www.demondzorgzaak.nl\/blog\/\",\"name\":\"DeMondzorgZaak\",\"description\":\"100 Tips Bij Slechte Adem, Droge Mond &amp; Ontstoken Tandvlees (LeesTip)\",\"publisher\":{\"@id\":\"https:\/\/www.demondzorgzaak.nl\/blog\/#organization\"},\"potentialAction\":[{\"@type\":\"SearchAction\",\"target\":{\"@type\":\"EntryPoint\",\"urlTemplate\":\"https:\/\/www.demondzorgzaak.nl\/blog\/?s={search_term_string}\"},\"query-input\":\"required name=search_term_string\"}],\"inLanguage\":\"en-US\"},{\"@type\":\"Organization\",\"@id\":\"https:\/\/www.demondzorgzaak.nl\/blog\/#organization\",\"name\":\"De Mondzorgzaak\",\"url\":\"https:\/\/www.demondzorgzaak.nl\/blog\/\",\"sameAs\":[],\"logo\":{\"@type\":\"ImageObject\",\"inLanguage\":\"en-US\",\"@id\":\"https:\/\/www.demondzorgzaak.nl\/blog\/#\/schema\/logo\/image\/\",\"url\":\"https:\/\/www.demondzorgzaak.nl\/blog\/wp-content\/uploads\/2018\/07\/demondzorgzaak-logo.png\",\"contentUrl\":\"https:\/\/www.demondzorgzaak.nl\/blog\/wp-content\/uploads\/2018\/07\/demondzorgzaak-logo.png\",\"width\":338,\"height\":48,\"caption\":\"De Mondzorgzaak\"},\"image\":{\"@id\":\"https:\/\/www.demondzorgzaak.nl\/blog\/#\/schema\/logo\/image\/\"}}]}<\/script>\n<!-- \/ Yoast SEO plugin. -->","yoast_head_json":{"title":"Hoe weet je of je adem stinkt? 10 Vragen om te stellen + Bonustip","description":"Twijfel je wel eens aan de kwaliteit van je adem? Hoe kom je erachter of je adem stinkt. Lees onze blog.","robots":{"index":"index","follow":"follow","max-snippet":"max-snippet:-1","max-image-preview":"max-image-preview:large","max-video-preview":"max-video-preview:-1"},"canonical":"https:\/\/www.demondzorgzaak.nl\/blog\/test-de-kwaliteit-van-je-adem\/","og_locale":"en_US","og_type":"article","og_title":"Hoe weet je of je adem stinkt? 10 Vragen om te stellen + Bonustip","og_description":"Twijfel je wel eens aan de kwaliteit van je adem? Hoe kom je erachter of je adem stinkt. Lees onze blog.","og_url":"https:\/\/www.demondzorgzaak.nl\/blog\/test-de-kwaliteit-van-je-adem\/","og_site_name":"DeMondzorgZaak","article_modified_time":"2024-04-22T19:13:40+00:00","og_image":[{"url":"https:\/\/www.demondzorgzaak.nl\/blog\/wp-content\/uploads\/2022\/01\/tongschraper-300x188.png"}],"twitter_card":"summary_large_image","twitter_misc":{"Est. reading time":"5 minutes"},"schema":{"@context":"https:\/\/schema.org","@graph":[{"@type":"WebPage","@id":"https:\/\/www.demondzorgzaak.nl\/blog\/test-de-kwaliteit-van-je-adem\/","url":"https:\/\/www.demondzorgzaak.nl\/blog\/test-de-kwaliteit-van-je-adem\/","name":"Hoe weet je of je adem stinkt? 10 Vragen om te stellen + Bonustip","isPartOf":{"@id":"https:\/\/www.demondzorgzaak.nl\/blog\/#website"},"datePublished":"2020-08-14T09:37:27+00:00","dateModified":"2024-04-22T19:13:40+00:00","description":"Twijfel je wel eens aan de kwaliteit van je adem? Hoe kom je erachter of je adem stinkt. Lees onze blog.","breadcrumb":{"@id":"https:\/\/www.demondzorgzaak.nl\/blog\/test-de-kwaliteit-van-je-adem\/#breadcrumb"},"inLanguage":"en-US","potentialAction":[{"@type":"ReadAction","target":["https:\/\/www.demondzorgzaak.nl\/blog\/test-de-kwaliteit-van-je-adem\/"]}]},{"@type":"BreadcrumbList","@id":"https:\/\/www.demondzorgzaak.nl\/blog\/test-de-kwaliteit-van-je-adem\/#breadcrumb","itemListElement":[{"@type":"ListItem","position":1,"name":"Home","item":"https:\/\/www.demondzorgzaak.nl\/blog\/"},{"@type":"ListItem","position":2,"name":"Test De Kwaliteit Van Je Adem"}]},{"@type":"WebSite","@id":"https:\/\/www.demondzorgzaak.nl\/blog\/#website","url":"https:\/\/www.demondzorgzaak.nl\/blog\/","name":"DeMondzorgZaak","description":"100 Tips Bij Slechte Adem, Droge Mond &amp; Ontstoken Tandvlees (LeesTip)","publisher":{"@id":"https:\/\/www.demondzorgzaak.nl\/blog\/#organization"},"potentialAction":[{"@type":"SearchAction","target":{"@type":"EntryPoint","urlTemplate":"https:\/\/www.demondzorgzaak.nl\/blog\/?s={search_term_string}"},"query-input":"required name=search_term_string"}],"inLanguage":"en-US"},{"@type":"Organization","@id":"https:\/\/www.demondzorgzaak.nl\/blog\/#organization","name":"De Mondzorgzaak","url":"https:\/\/www.demondzorgzaak.nl\/blog\/","sameAs":[],"logo":{"@type":"ImageObject","inLanguage":"en-US","@id":"https:\/\/www.demondzorgzaak.nl\/blog\/#\/schema\/logo\/image\/","url":"https:\/\/www.demondzorgzaak.nl\/blog\/wp-content\/uploads\/2018\/07\/demondzorgzaak-logo.png","contentUrl":"https:\/\/www.demondzorgzaak.nl\/blog\/wp-content\/uploads\/2018\/07\/demondzorgzaak-logo.png","width":338,"height":48,"caption":"De Mondzorgzaak"},"image":{"@id":"https:\/\/www.demondzorgzaak.nl\/blog\/#\/schema\/logo\/image\/"}}]}},"_links":{"self":[{"href":"https:\/\/www.demondzorgzaak.nl\/blog\/wp-json\/wp\/v2\/pages\/1901"}],"collection":[{"href":"https:\/\/www.demondzorgzaak.nl\/blog\/wp-json\/wp\/v2\/pages"}],"about":[{"href":"https:\/\/www.demondzorgzaak.nl\/blog\/wp-json\/wp\/v2\/types\/page"}],"author":[{"embeddable":true,"href":"https:\/\/www.demondzorgzaak.nl\/blog\/wp-json\/wp\/v2\/users\/2"}],"replies":[{"embeddable":true,"href":"https:\/\/www.demondzorgzaak.nl\/blog\/wp-json\/wp\/v2\/comments?post=1901"}],"version-history":[{"count":36,"href":"https:\/\/www.demondzorgzaak.nl\/blog\/wp-json\/wp\/v2\/pages\/1901\/revisions"}],"predecessor-version":[{"id":3984,"href":"https:\/\/www.demondzorgzaak.nl\/blog\/wp-json\/wp\/v2\/pages\/1901\/revisions\/3984"}],"wp:attachment":[{"href":"https:\/\/www.demondzorgzaak.nl\/blog\/wp-json\/wp\/v2\/media?parent=1901"}],"curies":[{"name":"wp","href":"https:\/\/api.w.org\/{rel}","templated":true}]}}