{"id":1716,"date":"2019-02-13T20:08:21","date_gmt":"2019-02-13T19:08:21","guid":{"rendered":"https:\/\/www.demondzorgzaak.nl\/blog\/?page_id=1716"},"modified":"2022-01-13T10:41:11","modified_gmt":"2022-01-13T09:41:11","slug":"middel-ontstoken-tandvlees","status":"publish","type":"page","link":"https:\/\/www.demondzorgzaak.nl\/blog\/middel-ontstoken-tandvlees\/","title":{"rendered":"Top 10 Beste Middelen Ontstoken Tandvlees"},"content":{"rendered":"<div class=\"block\">\n<h2>1. Oxyfresh Pro Relief Dental Gel<\/h2>\n<p><img loading=\"lazy\" class=\"aligncenter wp-image-1872\" src=\"https:\/\/www.demondzorgzaak.nl\/blog\/wp-content\/uploads\/2019\/04\/oxyfresh-relief-gel-ontsteking-tandvlees-300x300.jpg\" alt=\"middel tandvleesontsteking\" width=\"400\" height=\"400\" srcset=\"https:\/\/www.demondzorgzaak.nl\/blog\/wp-content\/uploads\/2019\/04\/oxyfresh-relief-gel-ontsteking-tandvlees-300x300.jpg 300w, https:\/\/www.demondzorgzaak.nl\/blog\/wp-content\/uploads\/2019\/04\/oxyfresh-relief-gel-ontsteking-tandvlees-150x150.jpg 150w, https:\/\/www.demondzorgzaak.nl\/blog\/wp-content\/uploads\/2019\/04\/oxyfresh-relief-gel-ontsteking-tandvlees.jpg 600w\" sizes=\"(max-width: 400px) 100vw, 400px\" \/><\/p>\n<p>Niet zomaar vermelden we Oxyfresh op de eerste plaats. Smeer je tandvlees in met de ontstekingsremmende Oxyfresh Super Relief Gel. De gel bevat foliumzuur, alo\u00eb vera en actief zuurstof. Deze stoffen werken genezend, kalmerend en voorkomen een nare mondgeur. De moleculen in gel zijn kleiner dan in de structuur van reguliere tandpasta en kunnen zo beter binnendringen in de tong en tussen de randen van de tanden en het tandvlees. Snel resultaat en respect voor de mond; daarom kiezen miljoenen mensen voor <a href=\"https:\/\/www.demondzorgzaak.nl\/gezond-tandvlees-kit-oxyfresh\">deze helende gel<\/a>.<\/p>\n<\/div>\n<div class=\"block\">\n<h2>2. Actief zuurstof en CPC<\/h2>\n<\/p>\n<p>Gebruik een mondproduct met actief zuurstof, cetylpyridiniumchloride (CPC) en xylitol. Deze drie stoffen kun je allemaal terugvinden in de PerioTherapy-kit. In een zuurstofrijke mond kunnen bacteri\u00ebn niet overleven. CPC bestaat uit positief geladen moleculen die de negatief geladen deeltjes van bacteri\u00ebn doden en neutraliseren. Het is veel minder agressief dan chloorhexidine en voorkomt dat tandplak zich hecht aan het tandglazuur. Ook de natuurlijke zoetstof xylitol gaat tandplak tegen en stimuleert de speekselproductie in je mond.<\/p>\n<\/div>\n<div class=\"block\">\n<h2>3. Tandsteen verwijderen<\/h2>\n<p><img loading=\"lazy\" class=\"aligncenter wp-image-2684\" src=\"https:\/\/www.demondzorgzaak.nl\/blog\/wp-content\/uploads\/2021\/08\/haakje_voor_verwijderen_tandsteen-300x271.jpg\" alt=\"verwijderen tandsteen\" width=\"600\" height=\"541\" srcset=\"https:\/\/www.demondzorgzaak.nl\/blog\/wp-content\/uploads\/2021\/08\/haakje_voor_verwijderen_tandsteen-300x271.jpg 300w, https:\/\/www.demondzorgzaak.nl\/blog\/wp-content\/uploads\/2021\/08\/haakje_voor_verwijderen_tandsteen.jpg 550w\" sizes=\"(max-width: 600px) 100vw, 600px\" \/><\/p>\n<p>Laat tandsteen verwijderen bij de tandarts of mondhygi\u00ebnist. De aanwezigheid van tandsteen houdt de ontsteking in stand, omdat tandsteen de tand ruw maakt en zo bacteri\u00ebn aantrekt. Haal beginnend tandsteen vervolgens weg met een niet-scherp haakje zoals <a href=\"https:\/\/www.demondzorgzaak.nl\/profi-tandartshaakje\">Profi<\/a>. Dat is gemaakt van zacht metaal en is minder hard dan het professionele materiaal.<\/p>\n<\/div>\n<div class=\"block\">\n<h2>4. Tea Tree olie<\/h2>\n<p><img loading=\"lazy\" class=\"aligncenter wp-image-2685\" src=\"https:\/\/www.demondzorgzaak.nl\/blog\/wp-content\/uploads\/2021\/08\/dessert-essence-fennel-300x300.jpg\" alt=\"tea tree oil \" width=\"400\" height=\"400\" srcset=\"https:\/\/www.demondzorgzaak.nl\/blog\/wp-content\/uploads\/2021\/08\/dessert-essence-fennel-300x300.jpg 300w, https:\/\/www.demondzorgzaak.nl\/blog\/wp-content\/uploads\/2021\/08\/dessert-essence-fennel-150x150.jpg 150w, https:\/\/www.demondzorgzaak.nl\/blog\/wp-content\/uploads\/2021\/08\/dessert-essence-fennel-768x768.jpg 768w, https:\/\/www.demondzorgzaak.nl\/blog\/wp-content\/uploads\/2021\/08\/dessert-essence-fennel.jpg 800w\" sizes=\"(max-width: 400px) 100vw, 400px\" \/><\/p>\n<p>Gebruik <a href=\"https:\/\/www.demondzorgzaak.nl\/dessert-essence-tandpasta\">Desert Essence tea tree-olie<\/a>. Tea tree-olie komt oorspronkelijk uit Australi\u00eb en wordt gewonnen uit boombladeren. Deze essenti\u00eble wonderolie heeft microben-werende eigenschappen en werkt krachtig tegen schadelijke schimmels, bacteri\u00ebn en virussen. Tea tree-olie heeft dezelfde antiseptische werking als chloorhexidine en kan bloedend tandvlees stoppen. In tegenstelling tot chloorhexidine is tea tree-olie niet slecht voor je gebit of de weefsels in je mond en helpt het ook gaatjes en tandbederf voorkomen.<\/p>\n<\/div>\n<div class=\"block\">\n<h2>5. Geneeskrachtige plantaardige stoffen<\/h2>\n<p><img loading=\"lazy\" class=\"aligncenter wp-image-2686\" src=\"https:\/\/www.demondzorgzaak.nl\/blog\/wp-content\/uploads\/2021\/08\/muskadent_tong_en_tandvlees_gel_1-300x300.png\" alt=\"tandvlees gel\" width=\"400\" height=\"400\" srcset=\"https:\/\/www.demondzorgzaak.nl\/blog\/wp-content\/uploads\/2021\/08\/muskadent_tong_en_tandvlees_gel_1-300x300.png 300w, https:\/\/www.demondzorgzaak.nl\/blog\/wp-content\/uploads\/2021\/08\/muskadent_tong_en_tandvlees_gel_1-150x150.png 150w, https:\/\/www.demondzorgzaak.nl\/blog\/wp-content\/uploads\/2021\/08\/muskadent_tong_en_tandvlees_gel_1.png 360w\" sizes=\"(max-width: 400px) 100vw, 400px\" \/><\/p>\n<p>In <a href=\"https:\/\/www.demondzorgzaak.nl\/muskanadent-tandvlees-gel\">Muskanadent-tandvleesgel<\/a> zitten reinigende en geneeskrachtige stoffen als salie, kamille, zink en kokosolie. Salie werkt als antioxidant en kamille, zink en kokosolie bieden verlichting en herstel bij onrustig en ontstoken tandvlees. De Muskanadent-tandvleesgel is ontwikkeld vanuit de Indiase Ayurvedische leer en is al eeuwen effectief.<\/p>\n<\/div>\n<div class=\"block\">\n<h2>6. Kokosolie en vitamine c<\/h2>\n<p><img loading=\"lazy\" class=\"aligncenter wp-image-2687\" src=\"https:\/\/www.demondzorgzaak.nl\/blog\/wp-content\/uploads\/2021\/08\/dr_brite_oral_healing_spray_1-300x300.png\" alt=\"spray tandvlees\" width=\"400\" height=\"400\" srcset=\"https:\/\/www.demondzorgzaak.nl\/blog\/wp-content\/uploads\/2021\/08\/dr_brite_oral_healing_spray_1-300x300.png 300w, https:\/\/www.demondzorgzaak.nl\/blog\/wp-content\/uploads\/2021\/08\/dr_brite_oral_healing_spray_1-1024x1024.png 1024w, https:\/\/www.demondzorgzaak.nl\/blog\/wp-content\/uploads\/2021\/08\/dr_brite_oral_healing_spray_1-150x150.png 150w, https:\/\/www.demondzorgzaak.nl\/blog\/wp-content\/uploads\/2021\/08\/dr_brite_oral_healing_spray_1-768x768.png 768w, https:\/\/www.demondzorgzaak.nl\/blog\/wp-content\/uploads\/2021\/08\/dr_brite_oral_healing_spray_1.png 1200w\" sizes=\"(max-width: 400px) 100vw, 400px\" \/><\/p>\n<p>Spray je tandvlees regelmatig in met tea tree-olie, kokosolie, alo\u00eb vera en vitamine C. Deze stoffen zitten onder andere in <a href=\"https:\/\/www.demondzorgzaak.nl\/dr-brite-kalmerende-spray\">Dr. Brite Soothe &amp; Restore Spray<\/a> en zijn bewezen effectief tegen bacteri\u00ebn. De spray is 100% natuurlijk en heeft een kalmerende en helende werking.<\/p>\n<\/div>\n<div class=\"block\">\n<h2>7. Rageren en stoken<\/h2>\n<p><img loading=\"lazy\" class=\"aligncenter size-medium wp-image-2688\" src=\"https:\/\/www.demondzorgzaak.nl\/blog\/wp-content\/uploads\/2021\/08\/dentek_rager_blauw-242x300.jpg\" alt=\"dentek ragers tandvlees\" width=\"242\" height=\"300\" srcset=\"https:\/\/www.demondzorgzaak.nl\/blog\/wp-content\/uploads\/2021\/08\/dentek_rager_blauw-242x300.jpg 242w, https:\/\/www.demondzorgzaak.nl\/blog\/wp-content\/uploads\/2021\/08\/dentek_rager_blauw-768x953.jpg 768w, https:\/\/www.demondzorgzaak.nl\/blog\/wp-content\/uploads\/2021\/08\/dentek_rager_blauw.jpg 825w\" sizes=\"(max-width: 242px) 100vw, 242px\" \/><\/p>\n<p>Rageren en stoken helpen tegen ontstoken tandvlees. Uit onderzoek blijkt dat conische ragers, zoals de ragers van <a href=\"https:\/\/www.demondzorgzaak.nl\/merken\/dentek\">Dentek<\/a>, effectiever zijn dan stookmiddelen als flossen. Conische ragers hebben geen vaste breedte, maar lopen taps toe, zodat je ook de achterste plekjes in je mond gemakkelijk bereikt.<\/p>\n<\/div>\n<div class=\"block\">\n<h2>8. Tea tree mondolie<\/h2>\n<p><img loading=\"lazy\" class=\"aligncenter wp-image-2689\" src=\"https:\/\/www.demondzorgzaak.nl\/blog\/wp-content\/uploads\/2021\/08\/uk_organics_gezond_tandvlees_kit_1-300x188.png\" alt=\"UK Organics gezond tandvlees\" width=\"600\" height=\"375\" srcset=\"https:\/\/www.demondzorgzaak.nl\/blog\/wp-content\/uploads\/2021\/08\/uk_organics_gezond_tandvlees_kit_1-300x188.png 300w, https:\/\/www.demondzorgzaak.nl\/blog\/wp-content\/uploads\/2021\/08\/uk_organics_gezond_tandvlees_kit_1-768x480.png 768w, https:\/\/www.demondzorgzaak.nl\/blog\/wp-content\/uploads\/2021\/08\/uk_organics_gezond_tandvlees_kit_1.png 800w\" sizes=\"(max-width: 600px) 100vw, 600px\" \/><\/p>\n<p><a href=\"https:\/\/www.demondzorgzaak.nl\/uk-organics-gezond-tandvlees\">Tea tree-mondolie en tandpasta van UK Organics<\/a> zijn ideale natuurlijke producten als je je tandvlees sterker wilt maken en liever niet poetst met chemicali\u00ebn. De antibacteri\u00eble etherische oli\u00ebn werken verzachtend en verminderen de hoeveelheid bacteri\u00ebn in je mond.<\/p>\n<\/div>\n<div class=\"block\">\n<h2>9. Zachte tandenborstel<\/h2>\n<p><img loading=\"lazy\" class=\"aligncenter wp-image-2690\" src=\"https:\/\/www.demondzorgzaak.nl\/blog\/wp-content\/uploads\/2021\/08\/bamboo-toothbrush-300x300.jpg\" alt=\"Oxyfresh zachte tandenborstel\" width=\"600\" height=\"600\" srcset=\"https:\/\/www.demondzorgzaak.nl\/blog\/wp-content\/uploads\/2021\/08\/bamboo-toothbrush-300x300.jpg 300w, https:\/\/www.demondzorgzaak.nl\/blog\/wp-content\/uploads\/2021\/08\/bamboo-toothbrush.jpg 1024w, https:\/\/www.demondzorgzaak.nl\/blog\/wp-content\/uploads\/2021\/08\/bamboo-toothbrush-150x150.jpg 150w, https:\/\/www.demondzorgzaak.nl\/blog\/wp-content\/uploads\/2021\/08\/bamboo-toothbrush-768x768.jpg 768w\" sizes=\"(max-width: 600px) 100vw, 600px\" \/><\/p>\n<p>Gebruik een zachte tandenborstel. Een van de zachtste is <a href=\"https:\/\/www.demondzorgzaak.nl\/oxyfresh-tandenborstel-bamboe\">Oxyfresh Health Brush<\/a>. Ook het ontstoken deel van het tandvlees kun je het beste blijven poetsen, maar dan wel met een heel zachte tandenborstel.<\/p>\n<\/div>\n<div class=\"block\">\n<h2>10. Ga naar je tandarts als de ontsteking al ver is gevorderd<\/h2>\n<\/p>\n<p>Ontstoken tandvlees moet je zo snel mogelijk behandelen, aangezien de klachten anders verergeren en je last krijgt van een slechte adem. Wanneer je ontstoken tandvlees behandelt met een of meer van deze tien tips, verbetert de conditie van je mond aanzienlijk \u00e9n blijvend.<\/p>\n<\/div>\n","protected":false},"excerpt":{"rendered":"<p>1. Oxyfresh Pro Relief Dental Gel Niet zomaar vermelden we Oxyfresh op de eerste plaats. Smeer je tandvlees in met de ontstekingsremmende Oxyfresh Super Relief Gel. De gel bevat foliumzuur, alo\u00eb vera en actief zuurstof. Deze stoffen werken genezend, kalmerend en voorkomen een nare mondgeur. De moleculen in gel zijn kleiner dan in de structuur &#8230; <a title=\"Top 10 Beste Middelen Ontstoken Tandvlees\" class=\"read-more\" href=\"https:\/\/www.demondzorgzaak.nl\/blog\/middel-ontstoken-tandvlees\/\" aria-label=\"More on Top 10 Beste Middelen Ontstoken Tandvlees\">Read more<\/a><\/p>\n","protected":false},"author":2,"featured_media":0,"parent":0,"menu_order":0,"comment_status":"closed","ping_status":"closed","template":"","meta":[],"acf":[],"yoast_head":"<!-- This site is optimized with the Yoast SEO plugin v19.6 - https:\/\/yoast.com\/wordpress\/plugins\/seo\/ -->\n<title>Top 10 Beste Middelen Ontstoken Tandvlees - DeMondzorgZaak<\/title>\n<meta name=\"robots\" content=\"index, follow, max-snippet:-1, max-image-preview:large, max-video-preview:-1\" \/>\n<link rel=\"canonical\" href=\"https:\/\/www.demondzorgzaak.nl\/blog\/middel-ontstoken-tandvlees\/\" \/>\n<meta property=\"og:locale\" content=\"en_US\" \/>\n<meta property=\"og:type\" content=\"article\" \/>\n<meta property=\"og:title\" content=\"Top 10 Beste Middelen Ontstoken Tandvlees - DeMondzorgZaak\" \/>\n<meta property=\"og:description\" content=\"1. Oxyfresh Pro Relief Dental Gel Niet zomaar vermelden we Oxyfresh op de eerste plaats. Smeer je tandvlees in met de ontstekingsremmende Oxyfresh Super Relief Gel. De gel bevat foliumzuur, alo\u00eb vera en actief zuurstof. Deze stoffen werken genezend, kalmerend en voorkomen een nare mondgeur. De moleculen in gel zijn kleiner dan in de structuur ... Read more\" \/>\n<meta property=\"og:url\" content=\"https:\/\/www.demondzorgzaak.nl\/blog\/middel-ontstoken-tandvlees\/\" \/>\n<meta property=\"og:site_name\" content=\"DeMondzorgZaak\" \/>\n<meta property=\"article:modified_time\" content=\"2022-01-13T09:41:11+00:00\" \/>\n<meta property=\"og:image\" content=\"https:\/\/www.demondzorgzaak.nl\/blog\/wp-content\/uploads\/2019\/04\/oxyfresh-relief-gel-ontsteking-tandvlees-300x300.jpg\" \/>\n<meta name=\"twitter:card\" content=\"summary_large_image\" \/>\n<meta name=\"twitter:label1\" content=\"Est. reading time\" \/>\n\t<meta name=\"twitter:data1\" content=\"5 minutes\" \/>\n<script type=\"application\/ld+json\" class=\"yoast-schema-graph\">{\"@context\":\"https:\/\/schema.org\",\"@graph\":[{\"@type\":\"WebPage\",\"@id\":\"https:\/\/www.demondzorgzaak.nl\/blog\/middel-ontstoken-tandvlees\/\",\"url\":\"https:\/\/www.demondzorgzaak.nl\/blog\/middel-ontstoken-tandvlees\/\",\"name\":\"Top 10 Beste Middelen Ontstoken Tandvlees - DeMondzorgZaak\",\"isPartOf\":{\"@id\":\"https:\/\/www.demondzorgzaak.nl\/blog\/#website\"},\"datePublished\":\"2019-02-13T19:08:21+00:00\",\"dateModified\":\"2022-01-13T09:41:11+00:00\",\"breadcrumb\":{\"@id\":\"https:\/\/www.demondzorgzaak.nl\/blog\/middel-ontstoken-tandvlees\/#breadcrumb\"},\"inLanguage\":\"en-US\",\"potentialAction\":[{\"@type\":\"ReadAction\",\"target\":[\"https:\/\/www.demondzorgzaak.nl\/blog\/middel-ontstoken-tandvlees\/\"]}]},{\"@type\":\"BreadcrumbList\",\"@id\":\"https:\/\/www.demondzorgzaak.nl\/blog\/middel-ontstoken-tandvlees\/#breadcrumb\",\"itemListElement\":[{\"@type\":\"ListItem\",\"position\":1,\"name\":\"Home\",\"item\":\"https:\/\/www.demondzorgzaak.nl\/blog\/\"},{\"@type\":\"ListItem\",\"position\":2,\"name\":\"Top 10 Beste Middelen Ontstoken Tandvlees\"}]},{\"@type\":\"WebSite\",\"@id\":\"https:\/\/www.demondzorgzaak.nl\/blog\/#website\",\"url\":\"https:\/\/www.demondzorgzaak.nl\/blog\/\",\"name\":\"DeMondzorgZaak\",\"description\":\"100 Tips Bij Slechte Adem, Droge Mond &amp; Ontstoken Tandvlees (LeesTip)\",\"publisher\":{\"@id\":\"https:\/\/www.demondzorgzaak.nl\/blog\/#organization\"},\"potentialAction\":[{\"@type\":\"SearchAction\",\"target\":{\"@type\":\"EntryPoint\",\"urlTemplate\":\"https:\/\/www.demondzorgzaak.nl\/blog\/?s={search_term_string}\"},\"query-input\":\"required name=search_term_string\"}],\"inLanguage\":\"en-US\"},{\"@type\":\"Organization\",\"@id\":\"https:\/\/www.demondzorgzaak.nl\/blog\/#organization\",\"name\":\"De Mondzorgzaak\",\"url\":\"https:\/\/www.demondzorgzaak.nl\/blog\/\",\"sameAs\":[],\"logo\":{\"@type\":\"ImageObject\",\"inLanguage\":\"en-US\",\"@id\":\"https:\/\/www.demondzorgzaak.nl\/blog\/#\/schema\/logo\/image\/\",\"url\":\"https:\/\/www.demondzorgzaak.nl\/blog\/wp-content\/uploads\/2018\/07\/demondzorgzaak-logo.png\",\"contentUrl\":\"https:\/\/www.demondzorgzaak.nl\/blog\/wp-content\/uploads\/2018\/07\/demondzorgzaak-logo.png\",\"width\":338,\"height\":48,\"caption\":\"De Mondzorgzaak\"},\"image\":{\"@id\":\"https:\/\/www.demondzorgzaak.nl\/blog\/#\/schema\/logo\/image\/\"}}]}<\/script>\n<!-- \/ Yoast SEO plugin. -->","yoast_head_json":{"title":"Top 10 Beste Middelen Ontstoken Tandvlees - DeMondzorgZaak","robots":{"index":"index","follow":"follow","max-snippet":"max-snippet:-1","max-image-preview":"max-image-preview:large","max-video-preview":"max-video-preview:-1"},"canonical":"https:\/\/www.demondzorgzaak.nl\/blog\/middel-ontstoken-tandvlees\/","og_locale":"en_US","og_type":"article","og_title":"Top 10 Beste Middelen Ontstoken Tandvlees - DeMondzorgZaak","og_description":"1. Oxyfresh Pro Relief Dental Gel Niet zomaar vermelden we Oxyfresh op de eerste plaats. Smeer je tandvlees in met de ontstekingsremmende Oxyfresh Super Relief Gel. De gel bevat foliumzuur, alo\u00eb vera en actief zuurstof. Deze stoffen werken genezend, kalmerend en voorkomen een nare mondgeur. De moleculen in gel zijn kleiner dan in de structuur ... Read more","og_url":"https:\/\/www.demondzorgzaak.nl\/blog\/middel-ontstoken-tandvlees\/","og_site_name":"DeMondzorgZaak","article_modified_time":"2022-01-13T09:41:11+00:00","og_image":[{"url":"https:\/\/www.demondzorgzaak.nl\/blog\/wp-content\/uploads\/2019\/04\/oxyfresh-relief-gel-ontsteking-tandvlees-300x300.jpg"}],"twitter_card":"summary_large_image","twitter_misc":{"Est. reading time":"5 minutes"},"schema":{"@context":"https:\/\/schema.org","@graph":[{"@type":"WebPage","@id":"https:\/\/www.demondzorgzaak.nl\/blog\/middel-ontstoken-tandvlees\/","url":"https:\/\/www.demondzorgzaak.nl\/blog\/middel-ontstoken-tandvlees\/","name":"Top 10 Beste Middelen Ontstoken Tandvlees - DeMondzorgZaak","isPartOf":{"@id":"https:\/\/www.demondzorgzaak.nl\/blog\/#website"},"datePublished":"2019-02-13T19:08:21+00:00","dateModified":"2022-01-13T09:41:11+00:00","breadcrumb":{"@id":"https:\/\/www.demondzorgzaak.nl\/blog\/middel-ontstoken-tandvlees\/#breadcrumb"},"inLanguage":"en-US","potentialAction":[{"@type":"ReadAction","target":["https:\/\/www.demondzorgzaak.nl\/blog\/middel-ontstoken-tandvlees\/"]}]},{"@type":"BreadcrumbList","@id":"https:\/\/www.demondzorgzaak.nl\/blog\/middel-ontstoken-tandvlees\/#breadcrumb","itemListElement":[{"@type":"ListItem","position":1,"name":"Home","item":"https:\/\/www.demondzorgzaak.nl\/blog\/"},{"@type":"ListItem","position":2,"name":"Top 10 Beste Middelen Ontstoken Tandvlees"}]},{"@type":"WebSite","@id":"https:\/\/www.demondzorgzaak.nl\/blog\/#website","url":"https:\/\/www.demondzorgzaak.nl\/blog\/","name":"DeMondzorgZaak","description":"100 Tips Bij Slechte Adem, Droge Mond &amp; Ontstoken Tandvlees (LeesTip)","publisher":{"@id":"https:\/\/www.demondzorgzaak.nl\/blog\/#organization"},"potentialAction":[{"@type":"SearchAction","target":{"@type":"EntryPoint","urlTemplate":"https:\/\/www.demondzorgzaak.nl\/blog\/?s={search_term_string}"},"query-input":"required name=search_term_string"}],"inLanguage":"en-US"},{"@type":"Organization","@id":"https:\/\/www.demondzorgzaak.nl\/blog\/#organization","name":"De Mondzorgzaak","url":"https:\/\/www.demondzorgzaak.nl\/blog\/","sameAs":[],"logo":{"@type":"ImageObject","inLanguage":"en-US","@id":"https:\/\/www.demondzorgzaak.nl\/blog\/#\/schema\/logo\/image\/","url":"https:\/\/www.demondzorgzaak.nl\/blog\/wp-content\/uploads\/2018\/07\/demondzorgzaak-logo.png","contentUrl":"https:\/\/www.demondzorgzaak.nl\/blog\/wp-content\/uploads\/2018\/07\/demondzorgzaak-logo.png","width":338,"height":48,"caption":"De Mondzorgzaak"},"image":{"@id":"https:\/\/www.demondzorgzaak.nl\/blog\/#\/schema\/logo\/image\/"}}]}},"_links":{"self":[{"href":"https:\/\/www.demondzorgzaak.nl\/blog\/wp-json\/wp\/v2\/pages\/1716"}],"collection":[{"href":"https:\/\/www.demondzorgzaak.nl\/blog\/wp-json\/wp\/v2\/pages"}],"about":[{"href":"https:\/\/www.demondzorgzaak.nl\/blog\/wp-json\/wp\/v2\/types\/page"}],"author":[{"embeddable":true,"href":"https:\/\/www.demondzorgzaak.nl\/blog\/wp-json\/wp\/v2\/users\/2"}],"replies":[{"embeddable":true,"href":"https:\/\/www.demondzorgzaak.nl\/blog\/wp-json\/wp\/v2\/comments?post=1716"}],"version-history":[{"count":14,"href":"https:\/\/www.demondzorgzaak.nl\/blog\/wp-json\/wp\/v2\/pages\/1716\/revisions"}],"predecessor-version":[{"id":3261,"href":"https:\/\/www.demondzorgzaak.nl\/blog\/wp-json\/wp\/v2\/pages\/1716\/revisions\/3261"}],"wp:attachment":[{"href":"https:\/\/www.demondzorgzaak.nl\/blog\/wp-json\/wp\/v2\/media?parent=1716"}],"curies":[{"name":"wp","href":"https:\/\/api.w.org\/{rel}","templated":true}]}}