{"id":1559,"date":"2019-02-04T13:09:15","date_gmt":"2019-02-04T12:09:15","guid":{"rendered":"https:\/\/www.demondzorgzaak.nl\/blog\/?page_id=1559"},"modified":"2025-12-31T10:02:14","modified_gmt":"2025-12-31T09:02:14","slug":"middel-droge-mond","status":"publish","type":"page","link":"https:\/\/www.demondzorgzaak.nl\/blog\/middel-droge-mond\/","title":{"rendered":"Beste 10 Middelen Tegen Een Droge Mond (2026)"},"content":{"rendered":"<div class=\"block\">\n<h2>1. Moist-R Droge Mond Tabletten = Beste Middel<\/h2>\n<p><img loading=\"lazy\" class=\"aligncenter wp-image-2899\" src=\"https:\/\/www.demondzorgzaak.nl\/blog\/wp-content\/uploads\/2021\/10\/Droge-mondtabletten-300x256.png\" alt=\"Moist-R Droge mondtabletten\" width=\"600\" height=\"513\" srcset=\"https:\/\/www.demondzorgzaak.nl\/blog\/wp-content\/uploads\/2021\/10\/Droge-mondtabletten-300x256.png 300w, https:\/\/www.demondzorgzaak.nl\/blog\/wp-content\/uploads\/2021\/10\/Droge-mondtabletten-1024x875.png 1024w, https:\/\/www.demondzorgzaak.nl\/blog\/wp-content\/uploads\/2021\/10\/Droge-mondtabletten-768x656.png 768w, https:\/\/www.demondzorgzaak.nl\/blog\/wp-content\/uploads\/2021\/10\/Droge-mondtabletten.png 1404w\" sizes=\"(max-width: 600px) 100vw, 600px\" \/><br \/>\n<a href=\"https:\/\/www.demondzorgzaak.nl\/moist-droge-mond-tabletten\">De Droge Mond Tabletten<\/a> staan bovenaan de lijst en niet zonder reden. Deze tabletten bevatten alle ingredi\u00ebnten die nodig zijn om een droge mond effectief aan te pakken. De toevoeging van xylitol zorgt ervoor dat de aanmaak van het speeksel gestimuleerd wordt. Je mond voelt gehydrateerd aan. Bovendien bevatten deze tabletten enkel natuurlijke ingredi\u00ebnten om de gevoelige droge mond zoveel mogelijk te verzachten.<\/p>\n<p>&nbsp;<\/p>\n<p>Het mentholpoeder verfrist de adem en zorgt voor een aangename smaak in de mond.<\/p>\n<p><a href=\"https:\/\/www.demondzorgzaak.nl\/moist-droge-mond-tabletten\">Bekijk hier of het product iets voor je is<\/a><\/p>\n<h2>2. RyttPro Dry Mouth Kit<\/h2>\n<p><img loading=\"lazy\" class=\"aligncenter size-large wp-image-3418\" src=\"https:\/\/www.demondzorgzaak.nl\/blog\/wp-content\/uploads\/2022\/07\/ryttpro-mondwater-1-893x1024.jpg\" alt=\"mondwater amandelstenen\" width=\"893\" height=\"1024\" srcset=\"https:\/\/www.demondzorgzaak.nl\/blog\/wp-content\/uploads\/2022\/07\/ryttpro-mondwater-1-893x1024.jpg 893w, https:\/\/www.demondzorgzaak.nl\/blog\/wp-content\/uploads\/2022\/07\/ryttpro-mondwater-1-262x300.jpg 262w, https:\/\/www.demondzorgzaak.nl\/blog\/wp-content\/uploads\/2022\/07\/ryttpro-mondwater-1-768x880.jpg 768w, https:\/\/www.demondzorgzaak.nl\/blog\/wp-content\/uploads\/2022\/07\/ryttpro-mondwater-1.jpg 1291w\" sizes=\"(max-width: 893px) 100vw, 893px\" \/><\/p>\n<p>De Dry Mouth Kit van RyttPro staat op nummer 2. En niet zomaar. Dit droge-mond-pakket is \u00e9\u00e9n van de meest populaire wapens tegen monddroogheid ter wereld.<\/p>\n<p>Het mondwater bestaat uit bio-actieve enzymen die de allerbelangrijkste functies van het speeksel direct overnemen. Deze enzymen maken het tegelijkertijd mogelijk dat het beschikbare vocht snel wordt opgenomen in de mondweefsels.<\/p>\n<p>De bijgeleverde pastilles verhogen (m.b.v. spilanthes) de speekselpructie tot wel 6 keer. De super milde fluoride-tandpasta is zacht voor de mond en pakt ademgeur aan bij de bron. Het gehele RyttPro-pakket smeert, beschermt, hydrateert, kalmeert de mond en zet de speekselklieren aan het werk <strong>binnen 1 minuut<\/strong>.<\/p>\n<p>&nbsp;<\/p>\n<\/div>\n<div class=\"block\">\n<h2>3. Orarelieve<\/h2>\n<p><img loading=\"lazy\" class=\"aligncenter wp-image-3104\" src=\"https:\/\/www.demondzorgzaak.nl\/blog\/wp-content\/uploads\/2022\/01\/oralieve-droge-mondpakket-300x300.jpg\" alt=\"oralieve droge mondpakket\" width=\"600\" height=\"600\" srcset=\"https:\/\/www.demondzorgzaak.nl\/blog\/wp-content\/uploads\/2022\/01\/oralieve-droge-mondpakket-300x300.jpg 300w, https:\/\/www.demondzorgzaak.nl\/blog\/wp-content\/uploads\/2022\/01\/oralieve-droge-mondpakket-150x150.jpg 150w, https:\/\/www.demondzorgzaak.nl\/blog\/wp-content\/uploads\/2022\/01\/oralieve-droge-mondpakket-768x768.jpg 768w, https:\/\/www.demondzorgzaak.nl\/blog\/wp-content\/uploads\/2022\/01\/oralieve-droge-mondpakket.jpg 1000w\" sizes=\"(max-width: 600px) 100vw, 600px\" \/><\/p>\n<p>OraRelieve is inmiddels \u00e9\u00e9n van de best verkochte middelen tegen monddroogheid van Engeland. En dat is niet toevallig. Met haar bio-actieve ingredi\u00ebnten is OraRelieve vergelijkbaar met RyttPro, maar gebruikt het iets minder speekselopwekkende bestanddelen.<\/p>\n<p>Toch is het pakket van Oralieve uiterst effectief en zeer geliefd. Orarelieve vervliegt niet snel, heeft een sterk vochtinbrengende werking en wordt inmiddels door duizenden Engelse tandartsen aanbevolen.<\/p>\n<p><a href=\"https:\/\/www.demondzorgzaak.nl\/ora-relieve-starter-kit\">Bekijk dit pakket hier<\/a><\/p>\n<\/div>\n<div class=\"block\">\n<h2>4. Oxyfresh mondgel<\/h2>\n<p><img loading=\"lazy\" class=\"aligncenter wp-image-3105\" src=\"https:\/\/www.demondzorgzaak.nl\/blog\/wp-content\/uploads\/2022\/01\/oxyfresh-mondgel-300x300.png\" alt=\"oxyfresh mondgel\" width=\"600\" height=\"600\" srcset=\"https:\/\/www.demondzorgzaak.nl\/blog\/wp-content\/uploads\/2022\/01\/oxyfresh-mondgel-300x300.png 300w, https:\/\/www.demondzorgzaak.nl\/blog\/wp-content\/uploads\/2022\/01\/oxyfresh-mondgel-1024x1024.png 1024w, https:\/\/www.demondzorgzaak.nl\/blog\/wp-content\/uploads\/2022\/01\/oxyfresh-mondgel-150x150.png 150w, https:\/\/www.demondzorgzaak.nl\/blog\/wp-content\/uploads\/2022\/01\/oxyfresh-mondgel-768x768.png 768w, https:\/\/www.demondzorgzaak.nl\/blog\/wp-content\/uploads\/2022\/01\/oxyfresh-mondgel.png 1200w\" sizes=\"(max-width: 600px) 100vw, 600px\" \/><\/p>\n<p>Oxyfresh Pro Relief Dental Gel en OxyFresh Fluoride Gel zijn 2 populaire droge-mond-gels uit Amerika die zich naast het bestrijden van xerostomie, \u00f3\u00f3k richten op het verzorgen van het tandvlees en de bescherming van tanden.<\/p>\n<p>De <a href=\"https:\/\/www.demondzorgzaak.nl\/oxyfresh-pro-relief-dental-gel\">OxyFresh Pro Dental Relief Gel<\/a> (voorzien van foliumzuur en actief zuurstof) dient tevens voor het herstel en kalmeren van ge\u00efrriteerde mondweefsels. De Fluoride Dental Gel concentreert zich met name op het behoud van tandglazuur en het voorkomen van gaatjes.<\/p>\n<p><a href=\"https:\/\/www.demondzorgzaak.nl\/oxyfresh-pro-relief-dental-gel\">Bekijk dit product hier<\/a><\/p>\n<\/div>\n<div class=\"block\">\n<h2>5. Dr.Brite<\/h2>\n<p><img loading=\"lazy\" class=\"aligncenter wp-image-3106\" src=\"https:\/\/www.demondzorgzaak.nl\/blog\/wp-content\/uploads\/2022\/01\/dr-brite-kalmerende-spray-2-300x300.png\" alt=\"\" width=\"600\" height=\"600\" srcset=\"https:\/\/www.demondzorgzaak.nl\/blog\/wp-content\/uploads\/2022\/01\/dr-brite-kalmerende-spray-2-300x300.png 300w, https:\/\/www.demondzorgzaak.nl\/blog\/wp-content\/uploads\/2022\/01\/dr-brite-kalmerende-spray-2-1024x1024.png 1024w, https:\/\/www.demondzorgzaak.nl\/blog\/wp-content\/uploads\/2022\/01\/dr-brite-kalmerende-spray-2-150x150.png 150w, https:\/\/www.demondzorgzaak.nl\/blog\/wp-content\/uploads\/2022\/01\/dr-brite-kalmerende-spray-2-768x768.png 768w, https:\/\/www.demondzorgzaak.nl\/blog\/wp-content\/uploads\/2022\/01\/dr-brite-kalmerende-spray-2.png 1200w\" sizes=\"(max-width: 600px) 100vw, 600px\" \/><\/p>\n<p>Dr. Brite Soothing Spray is ideaal voor mensen die de verdroogde mond willen kalmeren en bevochtigen, maar dat all\u00e9\u00e9n willen realiseren met een 100% natuurlijk product.<\/p>\n<p><a href=\"https:\/\/www.demondzorgzaak.nl\/dr-brite-kalmerende-spray\">Dr. Brite Sooth &amp; Restore spray<\/a>, bestaande uit een mix van alo\u00eb vera en therapeutische essenti\u00eble oli\u00ebn biedt <strong>direct verlichting<\/strong>. De toegevoegde kokosolie helpt de weefsels te kalmeren. De niet-overheersende en niet-prikkende mintsmaak bevordert de natuurlijke speekselaanmaak en neutraliseert vieze ademgeurtjes.<\/p>\n<p><a href=\"https:\/\/www.demondzorgzaak.nl\/dr-brite-kalmerende-spray\">Dr. Brite Soothing spray kun je hier bekijken<\/a><\/p>\n<\/div>\n<div class=\"block\">\n<h2>6. TonsilFresh Chin Strap<\/h2>\n<p><img loading=\"lazy\" class=\"aligncenter wp-image-3107\" src=\"https:\/\/www.demondzorgzaak.nl\/blog\/wp-content\/uploads\/2022\/01\/Tonsilfresh-droge-mondband-300x182.png\" alt=\"\" width=\"600\" height=\"364\" srcset=\"https:\/\/www.demondzorgzaak.nl\/blog\/wp-content\/uploads\/2022\/01\/Tonsilfresh-droge-mondband-300x182.png 300w, https:\/\/www.demondzorgzaak.nl\/blog\/wp-content\/uploads\/2022\/01\/Tonsilfresh-droge-mondband-1024x622.png 1024w, https:\/\/www.demondzorgzaak.nl\/blog\/wp-content\/uploads\/2022\/01\/Tonsilfresh-droge-mondband-768x467.png 768w, https:\/\/www.demondzorgzaak.nl\/blog\/wp-content\/uploads\/2022\/01\/Tonsilfresh-droge-mondband.png 1396w\" sizes=\"(max-width: 600px) 100vw, 600px\" \/><\/p>\n<p>Mondademhaling gedurende de slaap is een grote veroorzaker van uitdroging. Doordat je met de mond open slaapt verplaatst droge lucht zich voortdurend in en uit de mond.<\/p>\n<p>De <a href=\"https:\/\/www.demondzorgzaak.nl\/tonsilfresh-chin-strap-tegen-droge-mond\">TonsilFresh dry mouth chin strap<\/a> is een handige hoofdband die ervoor zorgt dat de kin gedurende de slaap in de juiste stand blijft staan en de mond gesloten blijft. Hiermee voorkom je het ademhalen door de mond, waardoor je &#8216;s ochtends niet wakker wordt met een gortdroge mond.<\/p>\n<p><a href=\"https:\/\/www.demondzorgzaak.nl\/tonsilfresh-chin-strap-tegen-droge-mond\">Hier kun je de Chin Strap bekijken<\/a><\/p>\n<\/div>\n<div class=\"block\">\n<h2>7. Oxyfresh mondwater unflavoured<\/h2>\n<p><img loading=\"lazy\" class=\"aligncenter wp-image-3110\" src=\"https:\/\/www.demondzorgzaak.nl\/blog\/wp-content\/uploads\/2022\/01\/Oxyfresh-unflavored-2-274x300.png\" alt=\"\" width=\"600\" height=\"657\" srcset=\"https:\/\/www.demondzorgzaak.nl\/blog\/wp-content\/uploads\/2022\/01\/Oxyfresh-unflavored-2-274x300.png 274w, https:\/\/www.demondzorgzaak.nl\/blog\/wp-content\/uploads\/2022\/01\/Oxyfresh-unflavored-2-935x1024.png 935w, https:\/\/www.demondzorgzaak.nl\/blog\/wp-content\/uploads\/2022\/01\/Oxyfresh-unflavored-2-768x841.png 768w, https:\/\/www.demondzorgzaak.nl\/blog\/wp-content\/uploads\/2022\/01\/Oxyfresh-unflavored-2.png 1096w\" sizes=\"(max-width: 600px) 100vw, 600px\" \/><\/p>\n<p>&nbsp;<\/p>\n<p>Oxyfresh unflavored is bij uitstek het beste mondwater voor mensen die bijtende mondwaters met SLS, menthol en alcohol slecht kunnen verdragen. Met behulp van actieve zuurstof worden bacteri\u00ebn bestreden en gevoelige weefsels gekalmeerd.<\/p>\n<p>Dit <a href=\"https:\/\/www.demondzorgzaak.nl\/oxyfresh-unflavored-mondwater\">meest neutrale mondwater ter wereld<\/a>\u00a0is voor sommigen misschien een beetje te saai, maar voor een grote groep droge-mond-pati\u00ebnten <strong>niet meer weg te denken<\/strong> uit de dagelijkse mondverzorging.<\/p>\n<p><a href=\"https:\/\/www.demondzorgzaak.nl\/oxyfresh-unflavored-mondwater\">Bekijk OxyFresh Unflavored hier<\/a><\/p>\n<\/div>\n<div class=\"block\">\n<h2>8. Xylitol<\/h2>\n<p>Xylitol kauwgoms zoals Miradent, Kaux of MoistR onderscheiden zich ten opzichte van andere kauwgoms omdat ze een hoge concentratie xylitol bevatten en uiteraard vrij zijn van suiker.<\/p>\n<p>Xylitol heeft speekselopwekkende eigenschappen en zorgt er tevens voor dat plak zich moeilijk kan hechten aan de tanden. Geschikt voor mensen met een tekort aan speeksel die ook gedurende de dag de mond willen beschermen tegen de gevolgen van monddroogheid.<\/p>\n<p><a href=\"https:\/\/www.demondzorgzaak.nl\/overig\/kauwgom\">Bewezen kauwgoms met xylitol vind je hier<\/a><\/p>\n<\/div>\n<div class=\"block\">\n<h2>9. OxiBalance<\/h2>\n<p><img loading=\"lazy\" class=\"aligncenter wp-image-3114\" src=\"https:\/\/www.demondzorgzaak.nl\/blog\/wp-content\/uploads\/2022\/01\/oxibalance-total-care-kit-2-300x300.jpg\" alt=\"\" width=\"600\" height=\"600\" srcset=\"https:\/\/www.demondzorgzaak.nl\/blog\/wp-content\/uploads\/2022\/01\/oxibalance-total-care-kit-2-300x300.jpg 300w, https:\/\/www.demondzorgzaak.nl\/blog\/wp-content\/uploads\/2022\/01\/oxibalance-total-care-kit-2-150x150.jpg 150w, https:\/\/www.demondzorgzaak.nl\/blog\/wp-content\/uploads\/2022\/01\/oxibalance-total-care-kit-2.jpg 600w\" sizes=\"(max-width: 600px) 100vw, 600px\" \/><\/p>\n<p>OxiBalance is speciaal gemaakt voor mensen die last hebben van xerostomie als gevolg van diabetes. Vanwege een hoog glucosegehalte in het speeksel treedt er bij diabetici veel vaker cari\u00ebs op.<\/p>\n<p>Het glucoseoxidase-systeem beschermt het gebit tegen deze suikers (die worden omgezet in zuren). Tegelijkertijd maakt ook Oxibalance gebruik van een enzymensysteem. Een formule dat de vochtinbrengende werking flink stimuleert.<\/p>\n<p><a href=\"https:\/\/www.demondzorgzaak.nl\/oxibalance-total-care-kit\">Bekijk het pakket van OxiBalance hier<\/a><\/p>\n<\/div>\n<div class=\"block\">\n<h2>10. Raspberry Hydrating Mondgel<\/h2>\n<p><img loading=\"lazy\" class=\"aligncenter wp-image-3115\" src=\"https:\/\/www.demondzorgzaak.nl\/blog\/wp-content\/uploads\/2022\/01\/raspberry_hydrating_gel-2-300x277.jpg\" alt=\"\" width=\"600\" height=\"553\" srcset=\"https:\/\/www.demondzorgzaak.nl\/blog\/wp-content\/uploads\/2022\/01\/raspberry_hydrating_gel-2-300x277.jpg 300w, https:\/\/www.demondzorgzaak.nl\/blog\/wp-content\/uploads\/2022\/01\/raspberry_hydrating_gel-2.jpg 373w\" sizes=\"(max-width: 600px) 100vw, 600px\" \/><\/p>\n<p>Raspberry hydrating gel is een populair mondproduct dat de klachten van xerostomie helpt te verlichten, maar scoort minder goed dan bijvoorbeeld Oxyd8 of OxyFresh.<\/p>\n<p>Veel pati\u00ebnten zweren erbij, maar deze speekselvervanger bevat alcohol en mist een aantal speekselstimulerende ingredi\u00ebnten.<\/p>\n<p><a href=\"https:\/\/www.demondzorgzaak.nl\/raspberry-hydrating-gel-gc\">Bekijk Raspberry hier<\/a><\/p>\n<\/div>\n<div class=\"block\">\n<h2>De 5 Eisen Voor Een Goed Droge-mond-product<\/h2>\n<p><img loading=\"lazy\" class=\"alignright size-large wp-image-1571\" src=\"https:\/\/www.demondzorgzaak.nl\/blog\/wp-content\/uploads\/2019\/02\/middel-droge-mond-1-1024x205.jpg\" alt=\"droge mond middel\" width=\"1024\" height=\"205\" srcset=\"https:\/\/www.demondzorgzaak.nl\/blog\/wp-content\/uploads\/2019\/02\/middel-droge-mond-1-1024x205.jpg 1024w, https:\/\/www.demondzorgzaak.nl\/blog\/wp-content\/uploads\/2019\/02\/middel-droge-mond-1-300x60.jpg 300w, https:\/\/www.demondzorgzaak.nl\/blog\/wp-content\/uploads\/2019\/02\/middel-droge-mond-1-768x154.jpg 768w, https:\/\/www.demondzorgzaak.nl\/blog\/wp-content\/uploads\/2019\/02\/middel-droge-mond-1.jpg 2000w\" sizes=\"(max-width: 1024px) 100vw, 1024px\" \/><\/p>\n<p><em>5 belangrijke voorwaarden waaraan ieder product\u00a0tegen monddroogheid zou moeten voldoen.<\/em><\/p>\n<ol>\n<li>De meeste producten zijn meer <strong>smeermiddelen<\/strong> dan dat ze vocht inbrengen in de weefsels van de mond. Kies daarom voor middelen met een enzymensysteem, dit versterkt het vochtinbrengende effect. Zo ervaar je direct verlichting.<\/li>\n<li>Veel artikelen <strong>verzuimen<\/strong> de natuurlijke speekselsaanmaak te bevorderen. Eigen speeksel blijft in alle gevallen de beste remedie. Middelen met speekseltriggers zoals spilanthes hebben daarom de voorkeur.<\/li>\n<li>Ook zijn er fabrikanten die het <strong>maagslijm van varkens<\/strong> gebruiken. Maagslijm geeft niet alleen een vreemde smaak, maar roept ook gevoelsmatig bij veel mensen weerstand op. Er zijn tevens middelen met plantaardig slijm zoals hydroxyethylcellulose, een stofje dat niet snel vervliegt en waar je dus gerust een nacht op kunt doorslapen.<\/li>\n<li>Sommige mondproducten zijn te\u00a0<strong>zuur<\/strong> wat het tandglazuur kan beschadigen. Kies daarom altijd een product met een pH waarde van 6,5 of meer. Let op. Niet elke fabrikant is hier open over. In ons top10 artikel vind je alleen pH neutrale artikelen.<\/li>\n<li>Er zijn tandpasta\u2019s en mondwaters die gebruik maken van sodium lauryl sulfaat, menthol of alcohol. Het nadeel van deze stofjes is dat ze de mond verder kunnen <strong>uitdrogen of irriteren. <\/strong>Laat deze\u00a0middelen\u00a0dus liever staan.<\/li>\n<\/ol>\n<p>Zo goed als alle genoemde middelen zijn te bekijken via <a href=\"https:\/\/www.demondzorgzaak.nl\/oplossing\/droge-mond\">deze link<\/a><\/p>\n<\/div>\n<div class=\"block\">\n<h2>Lees ook<\/h2>\n<p><a href=\"https:\/\/www.demondzorgzaak.nl\/blog\/middel-slechte-adem\/\">De 10 beste middelen tegen slechte adem<\/a><br \/>\n<a href=\"https:\/\/www.demondzorgzaak.nl\/blog\/top10-beste-tongschrapers\/\">De 10 beste middelen tegen witte aanslag op de tong<\/a><\/p>\n<\/div>\n","protected":false},"excerpt":{"rendered":"<p>1. Moist-R Droge Mond Tabletten = Beste Middel De Droge Mond Tabletten staan bovenaan de lijst en niet zonder reden. Deze tabletten bevatten alle ingredi\u00ebnten die nodig zijn om een droge mond effectief aan te pakken. De toevoeging van xylitol zorgt ervoor dat de aanmaak van het speeksel gestimuleerd wordt. Je mond voelt gehydrateerd aan. &#8230; <a title=\"Beste 10 Middelen Tegen Een Droge Mond (2026)\" class=\"read-more\" href=\"https:\/\/www.demondzorgzaak.nl\/blog\/middel-droge-mond\/\" aria-label=\"More on Beste 10 Middelen Tegen Een Droge Mond (2026)\">Read more<\/a><\/p>\n","protected":false},"author":2,"featured_media":0,"parent":0,"menu_order":0,"comment_status":"closed","ping_status":"closed","template":"","meta":[],"acf":[],"yoast_head":"<!-- This site is optimized with the Yoast SEO plugin v19.6 - https:\/\/yoast.com\/wordpress\/plugins\/seo\/ -->\n<title>Beste 10 Middelen Tegen Een Droge Mond (2026) - DeMondzorgZaak<\/title>\n<meta name=\"robots\" content=\"index, follow, max-snippet:-1, max-image-preview:large, max-video-preview:-1\" \/>\n<link rel=\"canonical\" href=\"https:\/\/www.demondzorgzaak.nl\/blog\/middel-droge-mond\/\" \/>\n<meta property=\"og:locale\" content=\"en_US\" \/>\n<meta property=\"og:type\" content=\"article\" \/>\n<meta property=\"og:title\" content=\"Beste 10 Middelen Tegen Een Droge Mond (2026) - DeMondzorgZaak\" \/>\n<meta property=\"og:description\" content=\"1. Moist-R Droge Mond Tabletten = Beste Middel De Droge Mond Tabletten staan bovenaan de lijst en niet zonder reden. Deze tabletten bevatten alle ingredi\u00ebnten die nodig zijn om een droge mond effectief aan te pakken. De toevoeging van xylitol zorgt ervoor dat de aanmaak van het speeksel gestimuleerd wordt. Je mond voelt gehydrateerd aan. ... Read more\" \/>\n<meta property=\"og:url\" content=\"https:\/\/www.demondzorgzaak.nl\/blog\/middel-droge-mond\/\" \/>\n<meta property=\"og:site_name\" content=\"DeMondzorgZaak\" \/>\n<meta property=\"article:modified_time\" content=\"2025-12-31T09:02:14+00:00\" \/>\n<meta property=\"og:image\" content=\"https:\/\/www.demondzorgzaak.nl\/blog\/wp-content\/uploads\/2021\/10\/Droge-mondtabletten-300x256.png\" \/>\n<meta name=\"twitter:card\" content=\"summary_large_image\" \/>\n<meta name=\"twitter:label1\" content=\"Est. reading time\" \/>\n\t<meta name=\"twitter:data1\" content=\"7 minutes\" \/>\n<script type=\"application\/ld+json\" class=\"yoast-schema-graph\">{\"@context\":\"https:\/\/schema.org\",\"@graph\":[{\"@type\":\"WebPage\",\"@id\":\"https:\/\/www.demondzorgzaak.nl\/blog\/middel-droge-mond\/\",\"url\":\"https:\/\/www.demondzorgzaak.nl\/blog\/middel-droge-mond\/\",\"name\":\"Beste 10 Middelen Tegen Een Droge Mond (2026) - DeMondzorgZaak\",\"isPartOf\":{\"@id\":\"https:\/\/www.demondzorgzaak.nl\/blog\/#website\"},\"datePublished\":\"2019-02-04T12:09:15+00:00\",\"dateModified\":\"2025-12-31T09:02:14+00:00\",\"breadcrumb\":{\"@id\":\"https:\/\/www.demondzorgzaak.nl\/blog\/middel-droge-mond\/#breadcrumb\"},\"inLanguage\":\"en-US\",\"potentialAction\":[{\"@type\":\"ReadAction\",\"target\":[\"https:\/\/www.demondzorgzaak.nl\/blog\/middel-droge-mond\/\"]}]},{\"@type\":\"BreadcrumbList\",\"@id\":\"https:\/\/www.demondzorgzaak.nl\/blog\/middel-droge-mond\/#breadcrumb\",\"itemListElement\":[{\"@type\":\"ListItem\",\"position\":1,\"name\":\"Home\",\"item\":\"https:\/\/www.demondzorgzaak.nl\/blog\/\"},{\"@type\":\"ListItem\",\"position\":2,\"name\":\"Beste 10 Middelen Tegen Een Droge Mond (2026)\"}]},{\"@type\":\"WebSite\",\"@id\":\"https:\/\/www.demondzorgzaak.nl\/blog\/#website\",\"url\":\"https:\/\/www.demondzorgzaak.nl\/blog\/\",\"name\":\"DeMondzorgZaak\",\"description\":\"100 Tips Bij Slechte Adem, Droge Mond &amp; Ontstoken Tandvlees (LeesTip)\",\"publisher\":{\"@id\":\"https:\/\/www.demondzorgzaak.nl\/blog\/#organization\"},\"potentialAction\":[{\"@type\":\"SearchAction\",\"target\":{\"@type\":\"EntryPoint\",\"urlTemplate\":\"https:\/\/www.demondzorgzaak.nl\/blog\/?s={search_term_string}\"},\"query-input\":\"required name=search_term_string\"}],\"inLanguage\":\"en-US\"},{\"@type\":\"Organization\",\"@id\":\"https:\/\/www.demondzorgzaak.nl\/blog\/#organization\",\"name\":\"De Mondzorgzaak\",\"url\":\"https:\/\/www.demondzorgzaak.nl\/blog\/\",\"sameAs\":[],\"logo\":{\"@type\":\"ImageObject\",\"inLanguage\":\"en-US\",\"@id\":\"https:\/\/www.demondzorgzaak.nl\/blog\/#\/schema\/logo\/image\/\",\"url\":\"https:\/\/www.demondzorgzaak.nl\/blog\/wp-content\/uploads\/2018\/07\/demondzorgzaak-logo.png\",\"contentUrl\":\"https:\/\/www.demondzorgzaak.nl\/blog\/wp-content\/uploads\/2018\/07\/demondzorgzaak-logo.png\",\"width\":338,\"height\":48,\"caption\":\"De Mondzorgzaak\"},\"image\":{\"@id\":\"https:\/\/www.demondzorgzaak.nl\/blog\/#\/schema\/logo\/image\/\"}}]}<\/script>\n<!-- \/ Yoast SEO plugin. -->","yoast_head_json":{"title":"Beste 10 Middelen Tegen Een Droge Mond (2026) - DeMondzorgZaak","robots":{"index":"index","follow":"follow","max-snippet":"max-snippet:-1","max-image-preview":"max-image-preview:large","max-video-preview":"max-video-preview:-1"},"canonical":"https:\/\/www.demondzorgzaak.nl\/blog\/middel-droge-mond\/","og_locale":"en_US","og_type":"article","og_title":"Beste 10 Middelen Tegen Een Droge Mond (2026) - DeMondzorgZaak","og_description":"1. Moist-R Droge Mond Tabletten = Beste Middel De Droge Mond Tabletten staan bovenaan de lijst en niet zonder reden. Deze tabletten bevatten alle ingredi\u00ebnten die nodig zijn om een droge mond effectief aan te pakken. De toevoeging van xylitol zorgt ervoor dat de aanmaak van het speeksel gestimuleerd wordt. Je mond voelt gehydrateerd aan. ... Read more","og_url":"https:\/\/www.demondzorgzaak.nl\/blog\/middel-droge-mond\/","og_site_name":"DeMondzorgZaak","article_modified_time":"2025-12-31T09:02:14+00:00","og_image":[{"url":"https:\/\/www.demondzorgzaak.nl\/blog\/wp-content\/uploads\/2021\/10\/Droge-mondtabletten-300x256.png"}],"twitter_card":"summary_large_image","twitter_misc":{"Est. reading time":"7 minutes"},"schema":{"@context":"https:\/\/schema.org","@graph":[{"@type":"WebPage","@id":"https:\/\/www.demondzorgzaak.nl\/blog\/middel-droge-mond\/","url":"https:\/\/www.demondzorgzaak.nl\/blog\/middel-droge-mond\/","name":"Beste 10 Middelen Tegen Een Droge Mond (2026) - DeMondzorgZaak","isPartOf":{"@id":"https:\/\/www.demondzorgzaak.nl\/blog\/#website"},"datePublished":"2019-02-04T12:09:15+00:00","dateModified":"2025-12-31T09:02:14+00:00","breadcrumb":{"@id":"https:\/\/www.demondzorgzaak.nl\/blog\/middel-droge-mond\/#breadcrumb"},"inLanguage":"en-US","potentialAction":[{"@type":"ReadAction","target":["https:\/\/www.demondzorgzaak.nl\/blog\/middel-droge-mond\/"]}]},{"@type":"BreadcrumbList","@id":"https:\/\/www.demondzorgzaak.nl\/blog\/middel-droge-mond\/#breadcrumb","itemListElement":[{"@type":"ListItem","position":1,"name":"Home","item":"https:\/\/www.demondzorgzaak.nl\/blog\/"},{"@type":"ListItem","position":2,"name":"Beste 10 Middelen Tegen Een Droge Mond (2026)"}]},{"@type":"WebSite","@id":"https:\/\/www.demondzorgzaak.nl\/blog\/#website","url":"https:\/\/www.demondzorgzaak.nl\/blog\/","name":"DeMondzorgZaak","description":"100 Tips Bij Slechte Adem, Droge Mond &amp; Ontstoken Tandvlees (LeesTip)","publisher":{"@id":"https:\/\/www.demondzorgzaak.nl\/blog\/#organization"},"potentialAction":[{"@type":"SearchAction","target":{"@type":"EntryPoint","urlTemplate":"https:\/\/www.demondzorgzaak.nl\/blog\/?s={search_term_string}"},"query-input":"required name=search_term_string"}],"inLanguage":"en-US"},{"@type":"Organization","@id":"https:\/\/www.demondzorgzaak.nl\/blog\/#organization","name":"De Mondzorgzaak","url":"https:\/\/www.demondzorgzaak.nl\/blog\/","sameAs":[],"logo":{"@type":"ImageObject","inLanguage":"en-US","@id":"https:\/\/www.demondzorgzaak.nl\/blog\/#\/schema\/logo\/image\/","url":"https:\/\/www.demondzorgzaak.nl\/blog\/wp-content\/uploads\/2018\/07\/demondzorgzaak-logo.png","contentUrl":"https:\/\/www.demondzorgzaak.nl\/blog\/wp-content\/uploads\/2018\/07\/demondzorgzaak-logo.png","width":338,"height":48,"caption":"De Mondzorgzaak"},"image":{"@id":"https:\/\/www.demondzorgzaak.nl\/blog\/#\/schema\/logo\/image\/"}}]}},"_links":{"self":[{"href":"https:\/\/www.demondzorgzaak.nl\/blog\/wp-json\/wp\/v2\/pages\/1559"}],"collection":[{"href":"https:\/\/www.demondzorgzaak.nl\/blog\/wp-json\/wp\/v2\/pages"}],"about":[{"href":"https:\/\/www.demondzorgzaak.nl\/blog\/wp-json\/wp\/v2\/types\/page"}],"author":[{"embeddable":true,"href":"https:\/\/www.demondzorgzaak.nl\/blog\/wp-json\/wp\/v2\/users\/2"}],"replies":[{"embeddable":true,"href":"https:\/\/www.demondzorgzaak.nl\/blog\/wp-json\/wp\/v2\/comments?post=1559"}],"version-history":[{"count":102,"href":"https:\/\/www.demondzorgzaak.nl\/blog\/wp-json\/wp\/v2\/pages\/1559\/revisions"}],"predecessor-version":[{"id":4984,"href":"https:\/\/www.demondzorgzaak.nl\/blog\/wp-json\/wp\/v2\/pages\/1559\/revisions\/4984"}],"wp:attachment":[{"href":"https:\/\/www.demondzorgzaak.nl\/blog\/wp-json\/wp\/v2\/media?parent=1559"}],"curies":[{"name":"wp","href":"https:\/\/api.w.org\/{rel}","templated":true}]}}